{"id":1000,"date":"2023-04-28T09:02:23","date_gmt":"2023-04-28T07:02:23","guid":{"rendered":"https:\/\/pogovorise.si\/?page_id=1000"},"modified":"2023-04-28T09:07:37","modified_gmt":"2023-04-28T07:07:37","slug":"kristaloterapija-in-biosinergija","status":"publish","type":"page","link":"https:\/\/pogovorise.si\/index.php\/kristaloterapija-in-biosinergija\/","title":{"rendered":"Kristaloterapija in Biosinergija"},"content":{"rendered":"<p>Obiskala me je Mateja Bla\u017ei\u010d Zemlji\u010d iz revije Suzy in napisala \u010dlanek o Kristaloterapiji in Biosinergiji.<\/p>\n<p><a href=\"https:\/\/pogovorise.si\/wp-content\/uploads\/2023\/04\/barbara_suzy_april2023.pdf\">barbara_suzy_april2023<\/a><\/p>\n","protected":false},"excerpt":{"rendered":"<p>Obiskala me je Mateja Bla\u017ei\u010d Zemlji\u010d iz revije Suzy in napisala \u010dlanek o Kristaloterapiji in Biosinergiji. barbara_suzy_april2023<\/p>\n","protected":false},"author":1,"featured_media":0,"parent":0,"menu_order":0,"comment_status":"closed","ping_status":"closed","template":"","meta":{"footnotes":""},"jetpack_sharing_enabled":true,"_links":{"self":[{"href":"https:\/\/pogovorise.si\/index.php\/wp-json\/wp\/v2\/pages\/1000"}],"collection":[{"href":"https:\/\/pogovorise.si\/index.php\/wp-json\/wp\/v2\/pages"}],"about":[{"href":"https:\/\/pogovorise.si\/index.php\/wp-json\/wp\/v2\/types\/page"}],"author":[{"embeddable":true,"href":"https:\/\/pogovorise.si\/index.php\/wp-json\/wp\/v2\/users\/1"}],"replies":[{"embeddable":true,"href":"https:\/\/pogovorise.si\/index.php\/wp-json\/wp\/v2\/comments?post=1000"}],"version-history":[{"count":3,"href":"https:\/\/pogovorise.si\/index.php\/wp-json\/wp\/v2\/pages\/1000\/revisions"}],"predecessor-version":[{"id":1005,"href":"https:\/\/pogovorise.si\/index.php\/wp-json\/wp\/v2\/pages\/1000\/revisions\/1005"}],"wp:attachment":[{"href":"https:\/\/pogovorise.si\/index.php\/wp-json\/wp\/v2\/media?parent=1000"}],"curies":[{"name":"wp","href":"https:\/\/api.w.org\/{rel}","templated":true}]}}