{"id":1007,"date":"2023-06-25T11:32:05","date_gmt":"2023-06-25T09:32:05","guid":{"rendered":"https:\/\/pogovorise.si\/?page_id=1007"},"modified":"2023-06-25T14:07:56","modified_gmt":"2023-06-25T12:07:56","slug":"individualno-ucenje","status":"publish","type":"page","link":"https:\/\/pogovorise.si\/index.php\/individualno-ucenje\/","title":{"rendered":"Individualno u\u010denje"},"content":{"rendered":"<p><strong>INDIVIDUALNO U\u010cENJE<\/strong><\/p>\n<p>Je program namenjen <strong>posameznikom, ki \u017eelijo spoznati svoje globlje strukture<\/strong> in se razbremeniti te\u017ee ustvarjenih mask in vzdr\u017eevanja le teh. Raziskovanje lastnih potencialov &#8211; vrlin nam omogo\u010da kreativnost in zadovoljstvo ob realizaciji svojih na\u010drtov. <strong>Program se individualno oblikuje<\/strong>, tako po vsebini, kot po \u010dasovnem zaporedju. U\u010dna ura (45 min) je 25 \u20ac. Vodja programa skupaj z udele\u017eencem izdela osebnostni na\u010drt in udele\u017eenca uvaja v posamezne dele razvoja.<\/p>\n<p><img decoding=\"async\" loading=\"lazy\" class=\"wp-image-575 aligncenter\" src=\"https:\/\/pogovorise.si\/wp-content\/uploads\/2020\/04\/kreacija_pogovorise-rotated-e1585821375999.jpg\" alt=\"\" width=\"294\" height=\"392\" srcset=\"https:\/\/pogovorise.si\/wp-content\/uploads\/2020\/04\/kreacija_pogovorise-rotated-e1585821375999.jpg 600w, https:\/\/pogovorise.si\/wp-content\/uploads\/2020\/04\/kreacija_pogovorise-rotated-e1585821375999-225x300.jpg 225w\" sizes=\"(max-width: 294px) 100vw, 294px\" \/><\/p>\n<p><strong>Programi:<\/strong><\/p>\n<ol>\n<li><strong>Sklop 10 zaporednih u\u010dnih ur<\/strong> za katere se po \u017eelji aspiranta izoblikuje program, ki zajema iz naslednje tematike: osnove \u010dlove\u0161ke energijske strukture, osnove meditacije, dihalne vaje, vaje za razvijanje eteri\u010dnega telesa, \u010dakre, vaje pozornosti in vodene meditacije.Cena sklopa je 250 \u20ac<\/li>\n<li><strong>Sklop 20 zaporednih u\u010dnih ur <\/strong>za katere se po \u017eelji aspiranta izoblikuje program, ki zajema iz tematike: osnove \u010dlove\u0161ke energijske strukture, osnove meditacije, dihalne vaje, vaje za razvijanje eteri\u010dnega telesa, \u010dakre, vaje pozornosti in vodene meditacije, energijska telesa, aspektika, odvezave v odnosih, vaje za \u010dutenje in ob\u010dutenje, oblikovanje in uporaba afirmacij, aktivne imaginacije, meditacija so\u010dutja, popravljanje in odpravljanje negativnih notranjih stanj in aktiviranje pozitivnih sil v sebi, integracija mo\u0161kega in \u017eenskega pola, delo s sanjami, zunanja in notranja komunikacija. Cena sklopa je 500\u20ac in se lahko pla\u010da v dveh obrokih po 250\u20ac. Prvi ob za\u010detku in drugi po desetih izvedenih urah.<\/li>\n<li><strong>Sklop 30 zaporednih u\u010dnih ur<\/strong> za katere se po \u017eelji aspiranta izoblikuje program, ki zajema iz naslednje tematike: osnove \u010dlove\u0161ke energijske strukture, osnove meditacije, dihalne vaje, vaje za razvijanje eteri\u010dnega telesa, \u010dakre, vaje pozornosti in vodene meditacije, energijska telesa, aspektika, odvezave v odnosih, vaje za \u010dutenje in ob\u010dutenje, oblikovanje in uporaba afirmacij, aktivne imaginacije, meditacija so\u010dutja, popravljanje in odpravljanje negativnih notranjih stanj in aktiviranje pozitivnih sil v sebi, integracija mo\u0161kega in \u017eenskega pola, aktivacija hare in jedrne zvezde, alkimisti\u010dni proces, ustvarjalni tok (od ideje do izvedbe) mikrokozmi\u010dna in makrokozmi\u010dna orbita, medprostor, sosvetovi in duhovni pomo\u010dniki, zavestno sanjanje. Cena sklopa je 750\u20ac in se lahko pla\u010da v treh obrokih po 250\u20ac. Prvi ob za\u010detku, drugi po desetih izvedenih urah in tretji po dvajsetih izvedenih urah.<\/li>\n<\/ol>\n<p><strong>Prvo sre\u010danje je namenjeno oblikovanju programa in je brezpla\u010dno.<\/strong><\/p>\n<p>Za za\u010detek se kot temelj izdela astrolo\u0161ka karta iz katere se po potrebi interpretira dolo\u010dene zna\u010dilnosti aspiranta in podro\u010dja, katere \u017eeli obdelati. Nato se iz izbranega sklopa dolo\u010dijo teme, ki bodo obdelane in se <strong>izdela Osebnostna mapa<\/strong>, v kateri se shranjujejo zapiski, dnevnik in literatura. Za uspe\u0161no in u\u010dinkovito delo je potrebna samoiniciativa aspiranta, da vaje izvaja vsakodnevno doma in si zapisuje v dnevnik svoje zaznave in spoznanja.<\/p>\n<p>Da aspirant lahko integrira pridobljeno znanje in se posveti delu na sebi, priporo\u010damo tedenske obiske po eno ali dve u\u010dni uri.<\/p>\n<p><strong>Program vodi Barbara Novak<br \/>\n<\/strong>Za dodatne informacije pi\u0161ite na e-po\u0161to barbara.novak444@gmail.com ali pokli\u010dite na 040 210 512.<\/p>\n","protected":false},"excerpt":{"rendered":"<p>INDIVIDUALNO U\u010cENJE Je program namenjen posameznikom, ki \u017eelijo spoznati svoje globlje strukture in se razbremeniti te\u017ee ustvarjenih mask in vzdr\u017eevanja le teh. Raziskovanje lastnih potencialov &#8211; vrlin nam omogo\u010da kreativnost in zadovoljstvo ob realizaciji svojih na\u010drtov. Program se individualno oblikuje, tako po vsebini, kot po \u010dasovnem zaporedju. U\u010dna ura (45 min) je 25 \u20ac. Vodja &hellip; <a href=\"https:\/\/pogovorise.si\/index.php\/individualno-ucenje\/\" class=\"more-link\">Continue reading <span class=\"screen-reader-text\">Individualno u\u010denje<\/span><\/a><\/p>\n","protected":false},"author":1,"featured_media":0,"parent":0,"menu_order":0,"comment_status":"closed","ping_status":"closed","template":"","meta":{"footnotes":""},"jetpack_sharing_enabled":true,"_links":{"self":[{"href":"https:\/\/pogovorise.si\/index.php\/wp-json\/wp\/v2\/pages\/1007"}],"collection":[{"href":"https:\/\/pogovorise.si\/index.php\/wp-json\/wp\/v2\/pages"}],"about":[{"href":"https:\/\/pogovorise.si\/index.php\/wp-json\/wp\/v2\/types\/page"}],"author":[{"embeddable":true,"href":"https:\/\/pogovorise.si\/index.php\/wp-json\/wp\/v2\/users\/1"}],"replies":[{"embeddable":true,"href":"https:\/\/pogovorise.si\/index.php\/wp-json\/wp\/v2\/comments?post=1007"}],"version-history":[{"count":5,"href":"https:\/\/pogovorise.si\/index.php\/wp-json\/wp\/v2\/pages\/1007\/revisions"}],"predecessor-version":[{"id":1028,"href":"https:\/\/pogovorise.si\/index.php\/wp-json\/wp\/v2\/pages\/1007\/revisions\/1028"}],"wp:attachment":[{"href":"https:\/\/pogovorise.si\/index.php\/wp-json\/wp\/v2\/media?parent=1007"}],"curies":[{"name":"wp","href":"https:\/\/api.w.org\/{rel}","templated":true}]}}