{"id":1010,"date":"2023-06-25T11:53:58","date_gmt":"2023-06-25T09:53:58","guid":{"rendered":"https:\/\/pogovorise.si\/?page_id=1010"},"modified":"2023-06-25T14:01:36","modified_gmt":"2023-06-25T12:01:36","slug":"individualna-srecanja","status":"publish","type":"page","link":"https:\/\/pogovorise.si\/index.php\/individualna-srecanja\/","title":{"rendered":"Individualna sre\u010danja"},"content":{"rendered":"<p>Vsak od nas se v vsakdanjosti sre\u010da s te\u017eavami in preprekami. Najbolje je, da jih znamo re\u0161evati sami, a v\u010dasih tega ne zmoremo in si poi\u0161\u010demo pomo\u010d pri primernem terapevtu ali svetovalcu. Zelo pomembno pri procesu je, da je med obema stranema zaupanje in ob\u010dutek varnosti. Pri svojem delu uporabljam holisti\u010dni pristop ne glede na temo, ki se obravnava.<\/p>\n<p>Pristopi, ki jih lahko ponudim so:<\/p>\n<p><img decoding=\"async\" loading=\"lazy\" class=\"alignnone size-large wp-image-669\" src=\"https:\/\/pogovorise.si\/wp-content\/uploads\/2019\/06\/biosinergija_fb-01-01-1-1024x537.jpg\" alt=\"\" width=\"740\" height=\"388\" srcset=\"https:\/\/pogovorise.si\/wp-content\/uploads\/2019\/06\/biosinergija_fb-01-01-1-1024x537.jpg 1024w, https:\/\/pogovorise.si\/wp-content\/uploads\/2019\/06\/biosinergija_fb-01-01-1-300x157.jpg 300w, https:\/\/pogovorise.si\/wp-content\/uploads\/2019\/06\/biosinergija_fb-01-01-1-768x402.jpg 768w, https:\/\/pogovorise.si\/wp-content\/uploads\/2019\/06\/biosinergija_fb-01-01-1-1536x805.jpg 1536w, https:\/\/pogovorise.si\/wp-content\/uploads\/2019\/06\/biosinergija_fb-01-01-1-2048x1073.jpg 2048w, https:\/\/pogovorise.si\/wp-content\/uploads\/2019\/06\/biosinergija_fb-01-01-1-2000x1048.jpg 2000w\" sizes=\"(max-width: 740px) 100vw, 740px\" \/><\/p>\n<p>BIOSINERGIJA<br \/>\nPri Biosinergiji lahko obravnavamo \u017eivljenjsko pot posameznika ali posamezne simptome, ki so lahko posledica neravnovesja v telesu, odnosih ali komunikaciji. Razkrijemo ozadja problema in poi\u0161\u010demo primeren na\u010din uravnove\u0161anja. Sre\u010danje traja 90 minut. Priporo\u010dljivo je izvesti ve\u010d zaporednih sre\u010danj. Ve\u010d o <a href=\"https:\/\/pogovorise.si\/index.php\/biosinergija\/\">Biosinergiji<\/a> \u2026<\/p>\n<p><img decoding=\"async\" loading=\"lazy\" class=\"alignnone size-large wp-image-511\" src=\"https:\/\/pogovorise.si\/wp-content\/uploads\/2020\/02\/meditacije-9-1024x683.jpg\" alt=\"\" width=\"740\" height=\"494\" \/><\/p>\n<p>POGOVORI SE SAM S SEBOJ<br \/>\nKarkoli raziskujemo v sebi ali okrog sebe je povezano s komunikacijo. Pogovori se sam s seboj je trening Vsenivojske komunikacije. Za vsakega od nivojev se lahko nau\u010dimo uporabljati razli\u010dna orodja, da se opolnomo\u010dimo in izmojstrimo. Sre\u010danje traja 120 minut in se po potrebi ponovi. Ve\u010d o <a href=\"https:\/\/pogovorise.si\/index.php\/2019\/09\/30\/pogovori-se-sam-s-seboj\/\">Vse nivojski komunikaciji<\/a> \u2026<\/p>\n<p><img decoding=\"async\" loading=\"lazy\" class=\"alignnone size-large wp-image-671\" src=\"https:\/\/pogovorise.si\/wp-content\/uploads\/2019\/06\/mami_astropsihomedica_fb-01-01-1024x537.jpg\" alt=\"\" width=\"740\" height=\"388\" \/><\/p>\n<p>ASTROPSIHOMEDICA<br \/>\nJe preplet Biosinergije in astrologije. Ker se velikokrat sre\u010damo z notranjimi konflikti, nam ta na\u010din pomaga usklajevati osebnostni in du\u0161ni nivo, da la\u017eje izrazimo svoje avtenti\u010dne potenciale in sprostimo kriti\u010dne to\u010dke. Nau\u010di nas tudi preobra\u017eanja. Sre\u010danje traja 90 minut. Priporo\u010dljivo je izvesti ve\u010d zaporednih sre\u010danj. Ta na\u010din je zelo priporo\u010dljiv tudi za pare. Ve\u010d o <a href=\"https:\/\/pogovorise.si\/index.php\/astropsihomedica\/\">Astropsihomedici<\/a> \u2026<\/p>\n<p><img decoding=\"async\" loading=\"lazy\" class=\"alignnone size-large wp-image-728\" src=\"https:\/\/pogovorise.si\/wp-content\/uploads\/2020\/12\/reiki_fb-01-1024x537.jpg\" alt=\"\" width=\"740\" height=\"388\" \/><\/p>\n<p>REIKI<br \/>\nReiki je japonski izraz za vseprisotno energijo duha, ki je v vseh nas in okoli nas. Imenujemo jo tudi univerzalna \u017eivljenjska energija. Reiki se imenuje tudi tehnika za samopomo\u010d, osebnostni in duhovni razvoj. Je ve\u0161\u010dina so\u010dutja. Vsak \u010dlovek ima v sebi\u00a0 celostni potencial, ki ga s pomo\u010djo Reikija razvija in s tem povezuje osebnostno in du\u0161no raven. Ko reikiramo aktiviramo obe mo\u017eganski polovici hkrati, zato nas globinsko spro\u0161\u010da in umirja. Preko tretmajev vzpostavimo komunikacijo znotraj lastnih potencialov na nivoju hare, sprostimo miselno-\u010dustvene napetosti, razvijamo intuicijo in prepoznamo duhovne nivoje svoje biti. S pomo\u010djo simbolov pripomoremo k konkretni preobrazbi strahov, razvad in \u0161ibkosti kar nam omogo\u010da uskladiti telo, um in duha zase ali pri drugih.<\/p>\n<p>Tretma traja od 60 do 90 minut. Priporo\u010dljivo je ve\u010d zaporednih tretmajev. Ve\u010d o <a href=\"https:\/\/pogovorise.si\/index.php\/reiki-sola\/\">Reiki-ju<\/a> \u2026<\/p>\n<p><img decoding=\"async\" loading=\"lazy\" class=\"alignnone size-large wp-image-1014\" src=\"https:\/\/pogovorise.si\/wp-content\/uploads\/2023\/06\/meditacije-2-1024x683.jpg\" alt=\"\" width=\"740\" height=\"494\" \/><\/p>\n<p>KRISTALOTERAPIJA NA DALJAVO<br \/>\nReiki se lepo dopolnjuje s kristaloterapijo, ki jo izvajam na daljavo. Drage in poldrage kamne so v preteklosti cenili zaradi dragocenosti in zdravilnih mo\u010di, ki jih nosijo v sebi. V zdaj\u0161njem \u010dasu se zopet uveljavljajo v bioterapevtiki. Vplivajo na bioenergijska polja \u2013 avro vseh \u017eivih bitij. Lahko so v obliki kristalov, bru\u0161eni ali zdrobljeni v prah. V sebi nosijo substance, ki lahko v dolo\u010denih trenutkih uravnajo na\u0161e energijsko polje. Najpogosteje se za kristaloterapijo uporablja nebru\u0161en gorski kristal ali kamena strela. Pokriva cel barvni spekter, zato blagodejno vpliva na vse plasti na\u0161ega bitja. Tretma traja 60 minut. Priporo\u010dljivo je ve\u010d zaporednih tertmajev.<\/p>\n<p>Termin lahko rezervirate po e-po\u0161ti <a href=\"mailto:barbara.novak444@gmail.com\">barbara.novak444@gmail.com<\/a><\/p>\n<p>ali po telefonu 040 210 512.<\/p>\n","protected":false},"excerpt":{"rendered":"<p>Vsak od nas se v vsakdanjosti sre\u010da s te\u017eavami in preprekami. Najbolje je, da jih znamo re\u0161evati sami, a v\u010dasih tega ne zmoremo in si poi\u0161\u010demo pomo\u010d pri primernem terapevtu ali svetovalcu. Zelo pomembno pri procesu je, da je med obema stranema zaupanje in ob\u010dutek varnosti. Pri svojem delu uporabljam holisti\u010dni pristop ne glede na &hellip; <a href=\"https:\/\/pogovorise.si\/index.php\/individualna-srecanja\/\" class=\"more-link\">Continue reading <span class=\"screen-reader-text\">Individualna sre\u010danja<\/span><\/a><\/p>\n","protected":false},"author":1,"featured_media":0,"parent":0,"menu_order":0,"comment_status":"closed","ping_status":"closed","template":"","meta":{"footnotes":""},"jetpack_sharing_enabled":true,"_links":{"self":[{"href":"https:\/\/pogovorise.si\/index.php\/wp-json\/wp\/v2\/pages\/1010"}],"collection":[{"href":"https:\/\/pogovorise.si\/index.php\/wp-json\/wp\/v2\/pages"}],"about":[{"href":"https:\/\/pogovorise.si\/index.php\/wp-json\/wp\/v2\/types\/page"}],"author":[{"embeddable":true,"href":"https:\/\/pogovorise.si\/index.php\/wp-json\/wp\/v2\/users\/1"}],"replies":[{"embeddable":true,"href":"https:\/\/pogovorise.si\/index.php\/wp-json\/wp\/v2\/comments?post=1010"}],"version-history":[{"count":5,"href":"https:\/\/pogovorise.si\/index.php\/wp-json\/wp\/v2\/pages\/1010\/revisions"}],"predecessor-version":[{"id":1025,"href":"https:\/\/pogovorise.si\/index.php\/wp-json\/wp\/v2\/pages\/1010\/revisions\/1025"}],"wp:attachment":[{"href":"https:\/\/pogovorise.si\/index.php\/wp-json\/wp\/v2\/media?parent=1010"}],"curies":[{"name":"wp","href":"https:\/\/api.w.org\/{rel}","templated":true}]}}