{"id":108,"date":"2026-01-10T11:46:13","date_gmt":"2026-01-10T10:46:13","guid":{"rendered":"https:\/\/pogovorise.wordpress.com\/?page_id=108"},"modified":"2026-01-28T18:37:15","modified_gmt":"2026-01-28T17:37:15","slug":"pogovori-se-sam-s-seboj","status":"publish","type":"page","link":"https:\/\/pogovorise.si\/index.php\/pogovori-se-sam-s-seboj\/","title":{"rendered":"Pogovori se sam s seboj"},"content":{"rendered":"\r\n<p><img decoding=\"async\" loading=\"lazy\" class=\"alignnone  wp-image-512 aligncenter\" src=\"https:\/\/pogovorise.si\/wp-content\/uploads\/2020\/02\/meditacije-6-300x200.jpg\" alt=\"\" width=\"333\" height=\"222\" srcset=\"https:\/\/pogovorise.si\/wp-content\/uploads\/2020\/02\/meditacije-6-300x200.jpg 300w, https:\/\/pogovorise.si\/wp-content\/uploads\/2020\/02\/meditacije-6-1024x683.jpg 1024w, https:\/\/pogovorise.si\/wp-content\/uploads\/2020\/02\/meditacije-6-768x512.jpg 768w, https:\/\/pogovorise.si\/wp-content\/uploads\/2020\/02\/meditacije-6-1536x1024.jpg 1536w, https:\/\/pogovorise.si\/wp-content\/uploads\/2020\/02\/meditacije-6.jpg 1600w\" sizes=\"(max-width: 333px) 100vw, 333px\" \/><\/p>\r\n<p style=\"text-align: center;\"><em>Za\u010detek enoletnega izobra\u017eevanja v <strong>Ljubljani, 21. marec 2026<\/strong>\u00a0<\/em><\/p>\r\n<p style=\"text-align: left;\"><br \/>Komunikacija je temeljno \u010dlove\u0161ko orodje in osnovni del \u010dlove\u0161ke strukture. Ve\u0161\u010dina, ki nastaja in se oplaja celo \u017eivljenje in tudi po njem. \u010cloveku omogo\u010da interakcijo navznoter med njegovimi osnovnimi potenciali ali vrlinami in interakcijo navzven z ljudmi in drugimi \u017eivimi bitji. Bolj kot je \u010dlovek ozave\u0161\u010den in izmojstren v komunikaciji navznoter, bolj kvalitetno se bo to odra\u017ealo tudi v odnosih.<\/p>\r\n\r\n\r\n\r\n\r\n\r\n\r\n\r\n\r\n\r\n<p><img decoding=\"async\" loading=\"lazy\" class=\"wp-image-720 alignright\" src=\"https:\/\/pogovorise.si\/wp-content\/uploads\/2020\/12\/kettle-2992849_640-300x200.jpg\" alt=\"\" width=\"249\" height=\"167\" srcset=\"https:\/\/pogovorise.si\/wp-content\/uploads\/2020\/12\/kettle-2992849_640-300x200.jpg 300w, https:\/\/pogovorise.si\/wp-content\/uploads\/2020\/12\/kettle-2992849_640.jpg 640w\" sizes=\"(max-width: 249px) 100vw, 249px\" \/><\/p>\r\n<p><span style=\"color: #800000;\"><em><strong>Zakaj laboratorij?<\/strong><\/em><\/span><br \/>Ker je komunikacija alkimisti\u010dni proces v katerem skuhamo svoje \u017eivljenje. Svoje potenciale raziskujemo, prerazporejamo, preobra\u017eamo in jih uporabimo po ravno pravem receptu svoje namere, da na\u0161e \u017eivljenje manifestira izraz du\u0161e in duha. Kadar je proces opolnomo\u010den z ljubeznijo, so izpolnjeni vsi pogoji, da \u017eivimo v radosti.<\/p>\r\n\r\n\r\n\r\n\r\n\r\n\r\n\r\n<p>Da si v dobrih odnosih z drugimi, mora\u0161 biti v dobrem odnosu sam s seboj. Zato se podajamo na raziskovanje samega sebe in se izurimo v integraciji izgubljenjih\/pogre\u0161anih delov sebe.<\/p>\r\n\r\n\r\n\r\n<p>Najprej si omogo\u010dimo in ustvarimo polje v katerem bomo varni. Izhajamo iz iskrenosti in ljubezni. Polje lahko ustvarimo z vajo Integracija mo\u0161kega in \u017eenskega dela sebe v danem trenutku.\u00a0<\/p>\r\n\r\n\r\n\r\n\r\n\r\n<p><img decoding=\"async\" loading=\"lazy\" class=\"wp-image-721 alignleft\" src=\"https:\/\/pogovorise.si\/wp-content\/uploads\/2020\/12\/duhovno-zarenje_pixabay-300x171.jpg\" alt=\"\" width=\"293\" height=\"167\" srcset=\"https:\/\/pogovorise.si\/wp-content\/uploads\/2020\/12\/duhovno-zarenje_pixabay-300x171.jpg 300w, https:\/\/pogovorise.si\/wp-content\/uploads\/2020\/12\/duhovno-zarenje_pixabay.jpg 640w\" sizes=\"(max-width: 293px) 100vw, 293px\" \/>Zdru\u017eitev v notranjega otroka , v jaz. Nato pustimo, da jaz raste in \u0161iri svoje polje, ter vanj integrira izgubljene dele sebe. V tem procesu ni prostora za prera\u010dunljivost in neiskrenost. Ustvarjanje ljube\u010dega in varnega okolja, da se proces preobrazbe lahko zgodi, zahteva od osebe, da razvije sposobnost biti v stanju nevtralnosti ali v stanju sredine. To je stanje, ko misle\u010di in \u010dute\u010di del nas delujeta skladno in hkrati. Tako se v na\u0161ih mo\u017eganih zgodi kvantni preskok v zavesti, stanje celosti, ko obe mo\u017eganski polovici delujeta hkrati. V celosti vidimo ospredje dogajanja in tudi ozadje. Ozadja so lahko skrite pege, \u010drne luknje, v katerih je zastala energija in zaradi njih ne vidimo celote. Ob\u010dutek tega dela osebe je kot zamrznjeno stanje dolo\u010dene vrline. V stanju sredine se lo\u010dena dela spojita in ste\u010de proces ozave\u0161\u010danja. Ko se to zgodi, se razpustijo vse komunikacijske poti povezane s tem dogodkom, odnosom ali interakcijo, ki je zamrznila energijo. Skrite pega lahko imenujemo tudi <a href=\"https:\/\/pogovorise.si\/index.php\/mediacija\/\">KONFLIKT,<\/a> ki se zgodi znotraj nas med trenutno neskladnimi potenciali. Konflikti so del \u017eivljenja, zato jih moramo sprejeti in se nau\u010diti z njimi \u017eiveti ter jih sproti razre\u0161evati. Kadar sami ne moremo razre\u0161iti notranjega konflikta, poi\u0161\u010demo pomo\u010d terapevta.<\/p>\r\n\r\n\r\n\r\n<p>Lahko pa se z vadenjem razli\u010dnih tehnik v laboratoriju za komunikacijo nau\u010dimo re\u0161evati konflikte sami. <a href=\"https:\/\/pogovorise.si\/index.php\/2019\/09\/30\/pogovori-se-sam-s-seboj\/\">Ve\u010d o laboratoriju Pogovori se sam s seboj&#8230;<\/a><\/p>\r\n\r\n\r\n\r\n<p><a href=\"https:\/\/pogovorise.si\/index.php\/prijavnica\/\">Prijava<\/a><\/p>\r\n\r\n\r\n<div class=\"wp-block-jetpack-contact-form\"><a href=\"https:\/\/pogovorise.si\/index.php\/pogovori-se-sam-s-seboj\/\" target=\"_blank\" rel=\"noopener noreferrer\">Submit a form.<\/a><\/div>","protected":false},"excerpt":{"rendered":"<p>Za\u010detek enoletnega izobra\u017eevanja v Ljubljani, 21. marec 2026\u00a0 Komunikacija je temeljno \u010dlove\u0161ko orodje in osnovni del \u010dlove\u0161ke strukture. Ve\u0161\u010dina, ki nastaja in se oplaja celo \u017eivljenje in tudi po njem. \u010cloveku omogo\u010da interakcijo navznoter med njegovimi osnovnimi potenciali ali vrlinami in interakcijo navzven z ljudmi in drugimi \u017eivimi bitji. Bolj kot je \u010dlovek ozave\u0161\u010den in &hellip; <a href=\"https:\/\/pogovorise.si\/index.php\/pogovori-se-sam-s-seboj\/\" class=\"more-link\">Continue reading <span class=\"screen-reader-text\">Pogovori se sam s seboj<\/span><\/a><\/p>\n","protected":false},"author":1,"featured_media":0,"parent":0,"menu_order":0,"comment_status":"closed","ping_status":"closed","template":"","meta":{"footnotes":""},"jetpack_sharing_enabled":true,"_links":{"self":[{"href":"https:\/\/pogovorise.si\/index.php\/wp-json\/wp\/v2\/pages\/108"}],"collection":[{"href":"https:\/\/pogovorise.si\/index.php\/wp-json\/wp\/v2\/pages"}],"about":[{"href":"https:\/\/pogovorise.si\/index.php\/wp-json\/wp\/v2\/types\/page"}],"author":[{"embeddable":true,"href":"https:\/\/pogovorise.si\/index.php\/wp-json\/wp\/v2\/users\/1"}],"replies":[{"embeddable":true,"href":"https:\/\/pogovorise.si\/index.php\/wp-json\/wp\/v2\/comments?post=108"}],"version-history":[{"count":21,"href":"https:\/\/pogovorise.si\/index.php\/wp-json\/wp\/v2\/pages\/108\/revisions"}],"predecessor-version":[{"id":1230,"href":"https:\/\/pogovorise.si\/index.php\/wp-json\/wp\/v2\/pages\/108\/revisions\/1230"}],"wp:attachment":[{"href":"https:\/\/pogovorise.si\/index.php\/wp-json\/wp\/v2\/media?parent=108"}],"curies":[{"name":"wp","href":"https:\/\/api.w.org\/{rel}","templated":true}]}}