{"id":1103,"date":"2024-02-27T17:45:58","date_gmt":"2024-02-27T16:45:58","guid":{"rendered":"https:\/\/pogovorise.si\/?page_id=1103"},"modified":"2024-02-27T17:56:39","modified_gmt":"2024-02-27T16:56:39","slug":"razstrupljanje-telesa-in-duha","status":"publish","type":"page","link":"https:\/\/pogovorise.si\/index.php\/razstrupljanje-telesa-in-duha\/","title":{"rendered":"Razstrupljanje telesa in duha"},"content":{"rendered":"<p><span style=\"color: #800000;\"><strong>ZAKAJ JE POMEMBNO, DA K RAZSTRUPLJANJU PRISTOPIMO CELOVITO?<\/strong><\/span><\/p>\n<p>\u00bbZa vsako bolezen ro\u017e&#8217;ca raste.\u00ab\u00a0 \u00a0 \u00a0 \u00a0 \u00a0 <img decoding=\"async\" loading=\"lazy\" class=\"wp-image-1105 alignleft\" src=\"https:\/\/pogovorise.si\/wp-content\/uploads\/2024\/02\/sliva_bach.jpg\" alt=\"\" width=\"162\" height=\"127\" srcset=\"https:\/\/pogovorise.si\/wp-content\/uploads\/2024\/02\/sliva_bach.jpg 409w, https:\/\/pogovorise.si\/wp-content\/uploads\/2024\/02\/sliva_bach-300x235.jpg 300w\" sizes=\"(max-width: 162px) 100vw, 162px\" \/><\/p>\n<p>\u00bbIz iste smo snovi kot sanje.\u00ab<\/p>\n<p>Hologramsko gledano, da je v del\u010dku tudi celota, zaznamo, da je telo zmes zemeljskih prvinskih elementov, ki nosijo vso informacijo Zemlje. Skozi fizi\u010dno telo lahko komuniciramo z Zemljo in tako pridobimo vse informacije, ki jih potrebujemo, da vzdr\u017eujemo ravnovesje v fizi\u010dni strukturi. Za vsako neravnovesje, ki se pojavi v na\u0161i strukturi, lahko poi\u0161\u010demo telesu najprimernej\u0161o pot do ponovnega ravnovesja oz. zdravja. Kadar telo tega ne zmore samo, mu pomagamo z vnesenimi informacijami, ki jih pridobimo skozi hrano, pija\u010do ali negovanjem.<\/p>\n<p>\u010ce pozornost prestavimo v energijsko strukturo \u010dloveka, se zavedamo, da je fizi\u010dno telo tudi posledica zapisa na\u0161e du\u0161e. V vsaki mi\u0161ici je torej zapisana tudi na\u0161a du\u0161na struktura, na\u0161 namen in u\u010denje. Tako lahko telo uporabimo tudi za notranjo komunikacijo med osebnostjo in du\u0161o.<\/p>\n<p>Proces \u010di\u0161\u010denja v telesu je povezan z energijo debelega \u010drevesja, ki je povezana z vrlino \u010distosti. \u010ce energija tega organa ni v ravnovesju, se ka\u017eejo posledice na vseh ravneh. Energije je lahko preve\u010d, je prekomerno nakopi\u010dena, ali jo je premalo in prekomerno odteka. \u010cistost je tudi ob\u010dutek v \u010dloveku, kam v prostoru kaj postaviti, da je le-to na svojem mestu. Dobra presoja za to, kaj je prav in narobe, pa se izra\u017ea skozi energijo plju\u010d. Torej so plju\u010da komplementarna, dopolnjujo\u010da debelemu \u010drevesju. Kadar denimo pade debelo \u010drevo iz ravnovesja, bodo plju\u010da dopolnila primanjkljaj. \u010ce je to kratkotrajno, bo telo samo vzpostavilo ravnovesje. \u010ce neskladnost traja dalj \u010dasa, se lahko tudi plju\u010da iz\u010drpajo in se bo fizi\u010dna posledica pokazala na plju\u010dih in \u0161ele kasneje na debelem \u010drevesju.<\/p>\n<p>\u010clove\u0161ki ra\u010dunalnik zna sam poskrbeti za uravnote\u017eeno delovanje, \u010de \u010dlovek deluje v skladu s svojimi ritmi in potrebami. Pogosto pa tega ne zmoremo, ker se prilagajamo zunanjim okoli\u0161\u010dinam in zahtevam. Tako se zgodi, da sistem pade iz ravnovesja in se ne zmore sam regenerirati. Takrat mu pomagamo z zunanjimi pripravki in orodji, dokler zopet ne postane stabilno. Da bi \u010dim manjkrat prihajalo do \u00bbizpadov\u00ab, se priporo\u010da, da preventivno negujemo in vzpostavljamo okolja, v katerih bomo varni in spro\u0161\u010deni ter posledi\u010dno bolj zdravi.<\/p>\n<p>Poleg fizi\u010dnega telesa imamo tudi energijsko strukturo, ki ni vidna, niti ne oprijemljiva, se jo pa zavedamo v \u010dustvenem, miselnem, socialnem in duhovnem smislu. Plasti se tesno povezujejo med seboj preko komunikacijskih poti. Fizi\u010dni del se izra\u017ea skozi \u017eiv\u010dni sistem, \u010dustveni je zelo povezan z limfo in miselni s kostmi. Socialni pa se izra\u017ea skozi samo komunikacijo: kako sprejemamo v sistem informacije, kako jih prebavimo in kaj potem naredimo z njimi oziroma kako izlo\u010dimo nepotrebno.<\/p>\n<p>Glede na to si lahko vsak dan postavimo vpra\u0161anje: S \u010dim se hranimo? Ne samo v fizi\u010dnem smislu,ampak na vseh ravneh. Kako se \u010dustveno nahranimo, kaj mislimo, v kak\u0161nih odnosih smo, s \u010dim duhovno rastemo? Kar oplajamo, to bo raslo. Dobri vnosi pomenijo ve\u010djo stabilnost.<\/p>\n<p>Ljudje smo v veliki meri izgubili stik s samim telesom in mu ne zaupamo. To je lahko posledica \u010dustvene izolacije ali zadr\u017eanosti. Zastoji \u00a0nastajajo zaradi neo\u010di\u0161\u010devanja \u010dustev ter zastarelih miselnih vzorcev. Namesto, da bi prebavili svoja \u010dustva, razvijemo razvade in navade, s katerimi nadoknadimo \u010dustveno nezadovoljstvo. Namesto da se soo\u010dimo s svojimi napakami, \u0161ibkostmi, se izogibamo predelavi sramu, ker smo napako naredili. Tudi kadar smo fizi\u010dno aktivni, se taki zastoji pojavijo in dolgoro\u010dno pustijo fizi\u010dne posledice. Odprto \u010dustvovanje in preobrazba zastalih \u010dustev pomeni posledi\u010dno \u010distej\u0161o limfo in bolj\u0161o komunikacijo med fizi\u010dnim telesom in du\u0161o. Lahko pristopimo tudi z druge strani. Fizi\u010dna aktivnost po\u017eene delovanje presnove in prebave, limfa preobra\u017ea strupe in jih izlo\u010di, posledi\u010dno se tudi \u010dustveno sprostimo. So pa \u010dustvene blokade v\u010dasih mo\u010dnej\u0161e in tak na\u010din ne deluje ve\u010d v zadostni meri. Zato razvijajmo celosten pogled na proces \u017eivljenja. Razstrupljevalni del je samo tisti del procesa, v katerem odpu\u0161\u010damo, kar ni v skladu z nami.<\/p>\n<p>Drugi pomemben nivo je sr\u010dna ali socialna odprtost. Odnosi in izra\u017eanje sebe v odnosih. Nere\u0161ene te\u017eave zadr\u017eujejo v astralnem telesu energije, ki te\u017eijo srce, krvni obtok in krog presnavljanja informacij. Primer so nere\u0161ene zamere v odnosih.<\/p>\n<p>Tretji nivo je duhovni. Kar nas duhovno nahrani je vera in zaupanje v \u017eivljenje. Kadar smo duhovno nahranjeni, najdemo tudi smisel svojega bivanja na Zemlji.<\/p>\n<p>&nbsp;<\/p>\n<p><strong>RAZTRUPLAJNJE NA FIZI\u010cNEM NIVOJU<\/strong><\/p>\n<p>Lahko izhajamo iz razli\u010dnih vedenj o zdravilstvu in uradne medicine. Uporabimo vse vire, ki so nam na razpolago.<\/p>\n<p>Najprej izhajajmo iz okolja, kjer \u017eivimo, iz na\u0161ih korenin in vedenja. Slovenske korenine so bogate z informacijami o zeli\u0161\u010darstvu.<\/p>\n<p>Trije mogo\u010dni sistemi zdraviteljstva so vsak zase zakladnica na\u010dinov in orodij. Vsi delujejo, zato bodimo pozorni, da se pripravki po nepotrebnem ne pokrivajo v delovanju. Upo\u0161tevajmo, da so pogoji, od koder prihaja to znanje, za na\u0161o kulturo druga\u010dni in v\u010dasih precej specifi\u010dni. Preverimo ali nam tak na\u010din odgovarja.<\/p>\n<ul>\n<li><strong>Ajurvedska vedenja<\/strong> so morda najbolj raz\u0161irjena in v zadnjem obdobju tudi na na\u0161ih tleh zelo \u010dislana<\/li>\n<li><strong>Tradicionalna kitajska medicina <\/strong><\/li>\n<li><strong>Tradicionalna tibetanska medicina<\/strong><\/li>\n<\/ul>\n<p><strong>Skupne to\u010dke vseh na\u010dinov:<\/strong><\/p>\n<ul>\n<li>Hrana, ki pomaga pri odpravljanju parazitov iz telesa<\/li>\n<li>Uporaba zeli\u0161\u010d, razli\u010dnih napitkov in drugi pripravkov za u\u017eivanje, ki telo alkalizirajo (vzpostavljanje bazi\u010dnosti v telesu)<\/li>\n<li>Super\u017eivila<\/li>\n<li>Obloge, obkladki, kopeli<\/li>\n<li>Gibalne vaje, masa\u017ee, savnanje &#8230;<\/li>\n<li>Sprostitvene, dihalne in meditativne tehnike<\/li>\n<\/ul>\n<p><strong>Hrana:<\/strong> vsa hrana rde\u010de in zelene barve odganja parazite. Bu\u010dna semena in olje, laneno seme in olje, brinovo olje, olje divjega origana, ingver (kurkuma), aronija, brusnice, acai jagode, umebo\u0161i slive v soli &#8230;<\/p>\n<p><strong>Glina:<\/strong> za pitje, obloge, maske<\/p>\n<p><strong>Koloidno srebro<\/strong>: za u\u017eivanje (deluje antibakterijsko, protivnetno), za izpiranje, za razku\u017eevanje<\/p>\n<p><strong>Zeolit<\/strong>: razstrupljanje, nase ve\u017ee te\u017eke kovine<\/p>\n<p><strong>Basica in MSM<\/strong>: za alkaniziranje telesa (bazi\u010dnost)<\/p>\n<p><strong>Alkalife: <\/strong>za alkaniziranje telesa (bazi\u010dnost)<\/p>\n<p><strong>Super \u017eivila: <\/strong><\/p>\n<ul>\n<li>Alge (morske, sladkovodne): spirulina, klorela, klamatske alge, kelp<\/li>\n<li>Trave: je\u010dmenova, p\u0161eni\u010dna, morske<\/li>\n<li>Teko\u010di klorofil (lucerna-semena alfa alfa v teko\u010dem stanju)<\/li>\n<li>Mumio ali shilajit<\/li>\n<li>Aloe vera<\/li>\n<li>\u010cija semena, alfa alfa (lucerna)<\/li>\n<li>Kambu\u010da<\/li>\n<li>Medicinske gobe: rei\u0161i, cordyceps, \u0161itake, \u010daga<\/li>\n<li>\u0160isandra<\/li>\n<li>Ginsing<\/li>\n<\/ul>\n<p><strong>Tinkture in izvle\u010dki<\/strong>: pegasti badelj, kopriva, \u0161\u010detica, koriander, \u010dema\u017e, grenivkine pe\u010dke, olj\u010dni listi, poligenol &#8211; izvle\u010dek lubja bele jelke<\/p>\n<p><strong>\u010caji<\/strong>: pegasti badelj, kopriva, zeleni \u010daj, zelena kava (Fitness kava), ingver, regrat<\/p>\n<p><strong>Prehranska dopolnila, ki so ve\u010dnamenska: <\/strong>imajo sposobnost pospe\u0161evanja razstrupljanja in hkrati krepijo imunski sistem:\u00a0 mumia, \u010daga, ginseng, aloe vera, aronija, \u0161isandra, germanij, Fytodinamic, klamatske alge, teko\u010di klorofil, Izvle\u010dek olj\u010dnih listov, poligenol (izvle\u010dek lubja bele jelke)<\/p>\n<p><strong>\u00a0<\/strong><\/p>\n<p><strong>U\u017eivanje kakovostne hrane in prehranskih dodatkov podpremo \u0161e z nego ko\u017ee in spro\u0161\u010danjem. <\/strong>Ko\u017ea je organ, ki tudi lahko pade iz ravnovesja, in takrat se hitro pojavijo nepravilnosti na ko\u017ei. To je sporo\u010dilo, da je potrebna dodatna nega in uravnove\u0161anje. Ko\u017ea je na\u0161 pla\u0161\u010d, zato ji posvetimo ve\u010d pozornosti in negovanja. Ne toliko zaradi lepote, ampak predvsem zaradi zdravja. Ko\u017ea mora dihati. Ko\u017ei pomagamo, da bo bolje izlo\u010dala strupe. Lahko si na obolelih delih naredimo obloge iz gline ali me\u0161anice gline in alg. Za preventivo je dovolj, da si enkrat na teden naredimo me\u0161anico iz olja in soli in natremo telo med prhanjem. Priporo\u010dljivo kadar nimamo kadi, da bi si naredili kopel.<\/p>\n<p>Kopeli spro\u0161\u010dajo in hkrati ko\u017eo o\u010distijo strupov na povr\u0161ju. Priporo\u010dljive so solne kopeli, katerim dodamo nekaj kapljic eteri\u010dnega olja. Kadar nimamo kadi, je dovolj tudi kopel za noge. Po 15 minutni kopel si zmasiramo \u0161e podplate. Pri masa\u017ei uporabimo ne\u017eno olje, karitejevo ali kakavovo maslo.<\/p>\n<p><strong>Obloge: <\/strong>glina, alge<\/p>\n<p><strong>Kopeli: <\/strong>himalajska sol, solni cvet, eteri\u010dna olja brin, ro\u017emarin, olje divjega origana, \u010dajevec, izvle\u010dek grenivkinih pe\u010dk, alge<\/p>\n<p><strong>Masa\u017ee: <\/strong>olja, ki razstrupljajo in spro\u0161\u010dajo kr\u010de: magnezijevo olje, olje brina, ingverjevo olje, ginseng olje, olje zelenega \u010daja, ro\u017emarinovo olje, olje divjega origana<\/p>\n<p>Brinovo olje in olje divjega origana je potrebno razred\u010diti v osnovnem olju, za katerega lahko uporabimo olivno, mandljevo ali jojobino olje.<\/p>\n<p><strong>RAZSTRUPLJANJE NA ETERI\u010cNEM NIVOJU<\/strong><\/p>\n<p>Etri\u010dno telo je mre\u017ea meridianov \u2013 energijskih poti, ki jih lahko najbolj primerjamo z \u017eiv\u010dnim sistemom. Za\u017eeljeno je, da so te poti \u010diste in preto\u010dne. Preventivno lahko poskrbimo za \u010disto eteri\u010dno telo z gibalnimi in dihalnimi vajami. Uporabimo lahko katerokoli dihalno tehniko in vaje: asane, tai \u010di, \u0161iatsu, taoisti\u010dne vaje, plazmo, evritmijo itd.<\/p>\n<p><strong>RAZSTRUPLJANJE NA \u010cUSTVENEM NIVOJU<\/strong><\/p>\n<p>Ko okrepimo in iz\u010distimo eteri\u010dni nivo, se sre\u010damo s \u010dustvenim telesom. Izra\u017eanje sebe, svojih potreb in \u010dustvovanja je zagotovilo, da smo zadovoljni in spro\u0161\u010deni. Nau\u010dimo se izra\u017eati svoja \u010dustva na miren in iskren na\u010din. Komunicirajmo odkrito in razstopimo maske vljudnosti in sramu.<\/p>\n<p>Za podporo \u010dustvenemu izra\u017eanju so na voljo pripravki, ki na miren in ljube\u010d na\u010din umestijo informacijo, da se na\u0161 sram meh\u010da in raztaplja. Poznamo Bachove cvetli\u010dne kapljice, Aura Soma, Iamki esence, Desert Flower, aromaterapija itd. Tudi Klamax-klamatske alge z radiolo zelo dobro podprejo proces in predvsem \u017eiv\u010dni sistem.<\/p>\n<p><strong>Za razstrupljanje na miselnem, socialnem in duhovnem <\/strong>nivoju je potrebno uporabiti druga orodja in pristope. Prehrana in vadba sta premalo, \u010de \u017eelimo narediti spremembo v navadah in razvadah. Preobraziti moramo tudi miselne vzorce obna\u0161anja, ki pa so v\u010dasih zelo zakoreninjeni, zato to od nas zahteva veliko volje in potrpe\u017eljivosti.<\/p>\n<p>&nbsp;<\/p>\n<p><strong>Ko so\u010dutje postane na\u010din bivanja, lahko re\u010demo, da smo iz iste snovi kot sanje.<\/strong><\/p>\n<p>&nbsp;<\/p>\n<p>&nbsp;<\/p>\n<p>Barbara Novak, Ljubljana, januar 2015<\/p>\n","protected":false},"excerpt":{"rendered":"<p>ZAKAJ JE POMEMBNO, DA K RAZSTRUPLJANJU PRISTOPIMO CELOVITO? \u00bbZa vsako bolezen ro\u017e&#8217;ca raste.\u00ab\u00a0 \u00a0 \u00a0 \u00a0 \u00a0 \u00bbIz iste smo snovi kot sanje.\u00ab Hologramsko gledano, da je v del\u010dku tudi celota, zaznamo, da je telo zmes zemeljskih prvinskih elementov, ki nosijo vso informacijo Zemlje. Skozi fizi\u010dno telo lahko komuniciramo z Zemljo in tako pridobimo vse &hellip; <a href=\"https:\/\/pogovorise.si\/index.php\/razstrupljanje-telesa-in-duha\/\" class=\"more-link\">Continue reading <span class=\"screen-reader-text\">Razstrupljanje telesa in duha<\/span><\/a><\/p>\n","protected":false},"author":1,"featured_media":0,"parent":0,"menu_order":0,"comment_status":"closed","ping_status":"closed","template":"","meta":{"footnotes":""},"jetpack_sharing_enabled":true,"_links":{"self":[{"href":"https:\/\/pogovorise.si\/index.php\/wp-json\/wp\/v2\/pages\/1103"}],"collection":[{"href":"https:\/\/pogovorise.si\/index.php\/wp-json\/wp\/v2\/pages"}],"about":[{"href":"https:\/\/pogovorise.si\/index.php\/wp-json\/wp\/v2\/types\/page"}],"author":[{"embeddable":true,"href":"https:\/\/pogovorise.si\/index.php\/wp-json\/wp\/v2\/users\/1"}],"replies":[{"embeddable":true,"href":"https:\/\/pogovorise.si\/index.php\/wp-json\/wp\/v2\/comments?post=1103"}],"version-history":[{"count":6,"href":"https:\/\/pogovorise.si\/index.php\/wp-json\/wp\/v2\/pages\/1103\/revisions"}],"predecessor-version":[{"id":1112,"href":"https:\/\/pogovorise.si\/index.php\/wp-json\/wp\/v2\/pages\/1103\/revisions\/1112"}],"wp:attachment":[{"href":"https:\/\/pogovorise.si\/index.php\/wp-json\/wp\/v2\/media?parent=1103"}],"curies":[{"name":"wp","href":"https:\/\/api.w.org\/{rel}","templated":true}]}}