{"id":1196,"date":"2025-02-19T17:30:03","date_gmt":"2025-02-19T16:30:03","guid":{"rendered":"https:\/\/pogovorise.si\/?page_id=1196"},"modified":"2025-02-19T17:30:03","modified_gmt":"2025-02-19T16:30:03","slug":"druzinska-mediacija","status":"publish","type":"page","link":"https:\/\/pogovorise.si\/index.php\/druzinska-mediacija\/","title":{"rendered":"Dru\u017einska mediacija"},"content":{"rendered":"<p>MIRNO RE\u0160EVANJE DRU\u017dINSKIH SPOROV<\/p>\n<p>Dru\u017einska mediacija je ena od vrst mediacij in zajema spore med pari (zakonskimi in izven zakonskimi), spore med pari, ki se lo\u010dujejo, med star\u0161i in otroci ali mladostniki, med drugimi dru\u017einskimi \u010dlani na temo dedi\u0161\u010dine, razdelitev premo\u017eenja, skrbi za ostarele ali za osebe z motnjo v razvoju ter spore povezane s posvojitvijo.<\/p>\n<p>Dru\u017einska mediacija partnerjema oziroma mediantom omogo\u010da prera\u0161\u010danje komunikacijskih ovir ter razumevanja drug drugega, otrok in dru\u017eine kot skupnosti.<\/p>\n<p>Mediator pomaga pri prestrukturiranju dru\u017eine, nudi okolje v katerem se zaradi bolj\u0161ega razumevanja mediantov\u00a0 drug do drugega dvigneta na nov nivo odnosa, dose\u017eeta spravo ali pa na spo\u0161tljiv na\u010din razdru\u017eita odnos in premo\u017eenje.<\/p>\n<p><img decoding=\"async\" loading=\"lazy\" class=\"alignnone size-full wp-image-1197\" src=\"https:\/\/pogovorise.si\/wp-content\/uploads\/2025\/02\/Druzinska-mediacija-1.jpg\" alt=\"\" width=\"940\" height=\"788\" srcset=\"https:\/\/pogovorise.si\/wp-content\/uploads\/2025\/02\/Druzinska-mediacija-1.jpg 940w, https:\/\/pogovorise.si\/wp-content\/uploads\/2025\/02\/Druzinska-mediacija-1-300x251.jpg 300w, https:\/\/pogovorise.si\/wp-content\/uploads\/2025\/02\/Druzinska-mediacija-1-768x644.jpg 768w\" sizes=\"(max-width: 940px) 100vw, 940px\" \/><\/p>\n<p>Mediator v procesu razveze, ko sta partnerja-star\u0161a \u017ee obremenjena s svojimi \u010dustvi, izgubami in prizadetostjo ter te\u017eko razmi\u0161ljata, se pogovarjata in odlo\u010data o vseh odgovornostih in spremembah, \u0161e posebej upo\u0161teva otrokove pravice in potrebe. Star\u0161a podpira v tem, da prepoznata, da v procesu vsi \u010dlani potrebujejo pomo\u010d in da delujeta in razmi\u0161ljata v dobro vseh. Dru\u017einska mediacija je kompleksen proces, ki skrbi za izbolj\u0161anje medosebnih odnosov in ne vsiljuje re\u0161itev ali svetovanja.<\/p>\n<p>Mediatorjeva vloga je, da ustvarja varen prostor za svobodno izra\u017eanje \u010dustev, potreb, \u017eelja in interesov, da se osredoto\u010da na osebe in deluje sr\u010dno, krepi notranje vire mo\u010di udele\u017eencev s pozitivno komunikacijo, spodbujanjem in raziskovanjem omogo\u010da opolnomo\u010denje in priznanje ter spodbuja k ozave\u0161\u010danju, da dru\u017eina neglede na razvezo, \u0161e vedno ohranja svoj namen, odnose med star\u0161i in otroki.<\/p>\n<p>&nbsp;<\/p>\n<p>Informacije in naro\u010danje: barbara.novak444@gmail.com<\/p>\n","protected":false},"excerpt":{"rendered":"<p>MIRNO RE\u0160EVANJE DRU\u017dINSKIH SPOROV Dru\u017einska mediacija je ena od vrst mediacij in zajema spore med pari (zakonskimi in izven zakonskimi), spore med pari, ki se lo\u010dujejo, med star\u0161i in otroci ali mladostniki, med drugimi dru\u017einskimi \u010dlani na temo dedi\u0161\u010dine, razdelitev premo\u017eenja, skrbi za ostarele ali za osebe z motnjo v razvoju ter spore povezane s &hellip; <a href=\"https:\/\/pogovorise.si\/index.php\/druzinska-mediacija\/\" class=\"more-link\">Continue reading <span class=\"screen-reader-text\">Dru\u017einska mediacija<\/span><\/a><\/p>\n","protected":false},"author":1,"featured_media":0,"parent":0,"menu_order":0,"comment_status":"closed","ping_status":"closed","template":"","meta":{"footnotes":""},"jetpack_sharing_enabled":true,"_links":{"self":[{"href":"https:\/\/pogovorise.si\/index.php\/wp-json\/wp\/v2\/pages\/1196"}],"collection":[{"href":"https:\/\/pogovorise.si\/index.php\/wp-json\/wp\/v2\/pages"}],"about":[{"href":"https:\/\/pogovorise.si\/index.php\/wp-json\/wp\/v2\/types\/page"}],"author":[{"embeddable":true,"href":"https:\/\/pogovorise.si\/index.php\/wp-json\/wp\/v2\/users\/1"}],"replies":[{"embeddable":true,"href":"https:\/\/pogovorise.si\/index.php\/wp-json\/wp\/v2\/comments?post=1196"}],"version-history":[{"count":1,"href":"https:\/\/pogovorise.si\/index.php\/wp-json\/wp\/v2\/pages\/1196\/revisions"}],"predecessor-version":[{"id":1198,"href":"https:\/\/pogovorise.si\/index.php\/wp-json\/wp\/v2\/pages\/1196\/revisions\/1198"}],"wp:attachment":[{"href":"https:\/\/pogovorise.si\/index.php\/wp-json\/wp\/v2\/media?parent=1196"}],"curies":[{"name":"wp","href":"https:\/\/api.w.org\/{rel}","templated":true}]}}