{"id":1221,"date":"2025-11-13T18:17:18","date_gmt":"2025-11-13T17:17:18","guid":{"rendered":"https:\/\/pogovorise.si\/?page_id=1221"},"modified":"2025-11-13T18:17:18","modified_gmt":"2025-11-13T17:17:18","slug":"astropsihomedica-za-pare","status":"publish","type":"page","link":"https:\/\/pogovorise.si\/index.php\/astropsihomedica-za-pare\/","title":{"rendered":"Astropsihomedica za pare"},"content":{"rendered":"<p>Branje skupnih astrolo\u0161kih zapisov para izhaja \u017ee iz davnine. Kot je za posameznika rojstna karta zemljevid po katerem potuje in skozi \u017eivljenjske izku\u0161nje ozave\u0161\u010da svoje potenciale, se lahko tudi za partnerski odnos pripravi skupen zapis. Preko njega in \u017ee ozave\u0161\u010denih potencialov posameznika ter nabranih izku\u0161enj do \u010dasa zdru\u017eitve, lahko prebiramo skupne izzive, kriti\u010dne to\u010dke, skupni doprinos v dru\u017ebo, kak\u0161en je njun odnos do otrok in star\u0161evstva, mo\u017enosti za proces skupnega ustvarjanja in razumevanja razdru\u017eevanja. Poznavanje skupnega zapisa zmanj\u0161uje nerazumevanja v komunikaciji, izbolj\u0161a sposobnost sprejemanja razli\u010dnosti, izbolj\u0161uje navade sprejemanja skupnih dogovorov in graditve skupne poti, doma ali poslovne uspe\u0161nosti. Partnerjema pomaga \u017eiveti v ljubezni in harmoniji.<\/p>\n<p><img decoding=\"async\" loading=\"lazy\" class=\"alignnone size-full wp-image-1012\" src=\"https:\/\/pogovorise.si\/wp-content\/uploads\/2023\/06\/Astropsihomedica-in-partnerski-odnosi.jpg\" alt=\"\" width=\"940\" height=\"788\" srcset=\"https:\/\/pogovorise.si\/wp-content\/uploads\/2023\/06\/Astropsihomedica-in-partnerski-odnosi.jpg 940w, https:\/\/pogovorise.si\/wp-content\/uploads\/2023\/06\/Astropsihomedica-in-partnerski-odnosi-300x251.jpg 300w, https:\/\/pogovorise.si\/wp-content\/uploads\/2023\/06\/Astropsihomedica-in-partnerski-odnosi-768x644.jpg 768w\" sizes=\"(max-width: 940px) 100vw, 940px\" \/><\/p>\n<p>Za sre\u010danje se izbere dolo\u010dena tema, ki se bo obravnavala, pregleda se skupni zapis, vsak od partnerjev ima mo\u017enost izraziti svoje poglede in nato se i\u0161\u010dejo dogovori v dobro obeh.<\/p>\n<p>Sre\u010danje traja 120 minut ali ve\u010d po dogovoru.<br \/>\nPrijave: barabra.novak444@gmail.com<\/p>\n","protected":false},"excerpt":{"rendered":"<p>Branje skupnih astrolo\u0161kih zapisov para izhaja \u017ee iz davnine. Kot je za posameznika rojstna karta zemljevid po katerem potuje in skozi \u017eivljenjske izku\u0161nje ozave\u0161\u010da svoje potenciale, se lahko tudi za partnerski odnos pripravi skupen zapis. Preko njega in \u017ee ozave\u0161\u010denih potencialov posameznika ter nabranih izku\u0161enj do \u010dasa zdru\u017eitve, lahko prebiramo skupne izzive, kriti\u010dne to\u010dke, skupni &hellip; <a href=\"https:\/\/pogovorise.si\/index.php\/astropsihomedica-za-pare\/\" class=\"more-link\">Continue reading <span class=\"screen-reader-text\">Astropsihomedica za pare<\/span><\/a><\/p>\n","protected":false},"author":1,"featured_media":0,"parent":0,"menu_order":0,"comment_status":"closed","ping_status":"closed","template":"","meta":{"footnotes":""},"jetpack_sharing_enabled":true,"_links":{"self":[{"href":"https:\/\/pogovorise.si\/index.php\/wp-json\/wp\/v2\/pages\/1221"}],"collection":[{"href":"https:\/\/pogovorise.si\/index.php\/wp-json\/wp\/v2\/pages"}],"about":[{"href":"https:\/\/pogovorise.si\/index.php\/wp-json\/wp\/v2\/types\/page"}],"author":[{"embeddable":true,"href":"https:\/\/pogovorise.si\/index.php\/wp-json\/wp\/v2\/users\/1"}],"replies":[{"embeddable":true,"href":"https:\/\/pogovorise.si\/index.php\/wp-json\/wp\/v2\/comments?post=1221"}],"version-history":[{"count":1,"href":"https:\/\/pogovorise.si\/index.php\/wp-json\/wp\/v2\/pages\/1221\/revisions"}],"predecessor-version":[{"id":1222,"href":"https:\/\/pogovorise.si\/index.php\/wp-json\/wp\/v2\/pages\/1221\/revisions\/1222"}],"wp:attachment":[{"href":"https:\/\/pogovorise.si\/index.php\/wp-json\/wp\/v2\/media?parent=1221"}],"curies":[{"name":"wp","href":"https:\/\/api.w.org\/{rel}","templated":true}]}}