{"id":1242,"date":"2026-03-03T13:34:10","date_gmt":"2026-03-03T12:34:10","guid":{"rendered":"https:\/\/pogovorise.si\/?page_id=1242"},"modified":"2026-03-03T13:34:10","modified_gmt":"2026-03-03T12:34:10","slug":"kljuci-za-preobrazbeni-proces-4-z-druge-strani-neba","status":"publish","type":"page","link":"https:\/\/pogovorise.si\/index.php\/kljuci-za-preobrazbeni-proces-4-z-druge-strani-neba\/","title":{"rendered":"Klju\u010di za preobrazbeni proces #4 &#8211; Z druge strani neba"},"content":{"rendered":"<p>Delavnica Z druge strani neba obravnava sanje. Kaj so sanje, kaj nam sporo\u010dajo, kam nas usmerjajo? V\u010dasih se nam zdijo samoumevne, drugi\u010d zelo abstraktne in nerazlo\u017eljive.<\/p>\n<p>Na drugi strani neba je svet simbolike, neotipljivih zaznav, domi\u0161ljije in praspomina. V ta svet lahko vstopamo s pomo\u010djo sanj. Kako delati s sanjo nam pomaga v sebi razviti na\u0161 notranji svet duhovnega smisla ter na\u0161e ideale pretvoriti v realno manifestacijo.<\/p>\n<p>S sanjo se razkriva tudi podzavestni svet potla\u010denega in skritega. V\u010dasih razkriva na\u0161e najgloblje strahove in po ko\u0161\u010dkih v sanji razkrije tudi zdravila za celjenje.<\/p>\n<p>Na delavnici se seznanite s kak\u0161nimi pristopi lahko delamo s sanjo in kako nam sanjanje slu\u017ei kot orodje za delo na sebi.<\/p>\n<p><img decoding=\"async\" loading=\"lazy\" class=\"alignnone size-full wp-image-1233\" src=\"https:\/\/pogovorise.si\/wp-content\/uploads\/2026\/03\/dkz_PP4-z-druge-strani-neba_objava.jpg\" alt=\"\" width=\"940\" height=\"788\" srcset=\"https:\/\/pogovorise.si\/wp-content\/uploads\/2026\/03\/dkz_PP4-z-druge-strani-neba_objava.jpg 940w, https:\/\/pogovorise.si\/wp-content\/uploads\/2026\/03\/dkz_PP4-z-druge-strani-neba_objava-300x251.jpg 300w, https:\/\/pogovorise.si\/wp-content\/uploads\/2026\/03\/dkz_PP4-z-druge-strani-neba_objava-768x644.jpg 768w\" sizes=\"(max-width: 940px) 100vw, 940px\" \/><\/p>\n<p>Vabljeni, da se pridru\u017eite skupni <strong>17. marca 2026 ob 17.00 uri v Ljubljani<\/strong>. Za podrobne informacije pi\u0161ite na e-po\u0161to <a href=\"mailto:barbara.novak444@gmail.com\">barbara.novak444@gmail.com<\/a><\/p>\n<p>Ker je skupina majhna, se bomo lahko posvetili individualni sanji vsakega.<\/p>\n<p>Prijave: Dru\u0161tvo Klju\u010d \u017divljenja, Medvedova ulica 25, 1241 Kamnik,\u00a0 <a href=\"mailto:barbara.novak444@gmail.com\">barbara.novak444@gmail.com<\/a>, 040 210 512<\/p>\n<p>Slika za ozadje: Sara Ko\u017eelj<\/p>\n<p>&nbsp;<\/p>\n","protected":false},"excerpt":{"rendered":"<p>Delavnica Z druge strani neba obravnava sanje. Kaj so sanje, kaj nam sporo\u010dajo, kam nas usmerjajo? V\u010dasih se nam zdijo samoumevne, drugi\u010d zelo abstraktne in nerazlo\u017eljive. Na drugi strani neba je svet simbolike, neotipljivih zaznav, domi\u0161ljije in praspomina. V ta svet lahko vstopamo s pomo\u010djo sanj. Kako delati s sanjo nam pomaga v sebi razviti &hellip; <a href=\"https:\/\/pogovorise.si\/index.php\/kljuci-za-preobrazbeni-proces-4-z-druge-strani-neba\/\" class=\"more-link\">Continue reading <span class=\"screen-reader-text\">Klju\u010di za preobrazbeni proces #4 &#8211; Z druge strani neba<\/span><\/a><\/p>\n","protected":false},"author":1,"featured_media":0,"parent":0,"menu_order":0,"comment_status":"closed","ping_status":"closed","template":"","meta":{"footnotes":""},"jetpack_sharing_enabled":true,"_links":{"self":[{"href":"https:\/\/pogovorise.si\/index.php\/wp-json\/wp\/v2\/pages\/1242"}],"collection":[{"href":"https:\/\/pogovorise.si\/index.php\/wp-json\/wp\/v2\/pages"}],"about":[{"href":"https:\/\/pogovorise.si\/index.php\/wp-json\/wp\/v2\/types\/page"}],"author":[{"embeddable":true,"href":"https:\/\/pogovorise.si\/index.php\/wp-json\/wp\/v2\/users\/1"}],"replies":[{"embeddable":true,"href":"https:\/\/pogovorise.si\/index.php\/wp-json\/wp\/v2\/comments?post=1242"}],"version-history":[{"count":1,"href":"https:\/\/pogovorise.si\/index.php\/wp-json\/wp\/v2\/pages\/1242\/revisions"}],"predecessor-version":[{"id":1243,"href":"https:\/\/pogovorise.si\/index.php\/wp-json\/wp\/v2\/pages\/1242\/revisions\/1243"}],"wp:attachment":[{"href":"https:\/\/pogovorise.si\/index.php\/wp-json\/wp\/v2\/media?parent=1242"}],"curies":[{"name":"wp","href":"https:\/\/api.w.org\/{rel}","templated":true}]}}