{"id":1257,"date":"2026-03-17T12:56:12","date_gmt":"2026-03-17T11:56:12","guid":{"rendered":"https:\/\/pogovorise.si\/?page_id=1257"},"modified":"2026-03-17T13:15:21","modified_gmt":"2026-03-17T12:15:21","slug":"kljuci-in-obrambni-mehanizmi-3-simbolni-jezik","status":"publish","type":"page","link":"https:\/\/pogovorise.si\/index.php\/kljuci-in-obrambni-mehanizmi-3-simbolni-jezik\/","title":{"rendered":"Klju\u010di za preobrazbeni proces #3 &#8211; Simbolni jezik"},"content":{"rendered":"<p>Simboli so v nas in vse okrog nas. So jezik domi\u0161ljije, intuicije in nezavednega. Odpirajo poti do neznanega, neoprejemljivega in neskon\u010dnega. \u010clovek je skozi celo svojo zgodovino vlagal energijo tudi v razgrinjanje globljih resnic o svojem obstoju in vedno znova ustvarjal orodja, ki bi mu omogo\u010dila razumevanje onkraj znanega razumu.<\/p>\n<p><img decoding=\"async\" loading=\"lazy\" class=\"alignnone size-full wp-image-1210\" src=\"https:\/\/pogovorise.si\/wp-content\/uploads\/2025\/10\/simbolni-jezik-1.jpg\" alt=\"\" width=\"940\" height=\"788\" srcset=\"https:\/\/pogovorise.si\/wp-content\/uploads\/2025\/10\/simbolni-jezik-1.jpg 940w, https:\/\/pogovorise.si\/wp-content\/uploads\/2025\/10\/simbolni-jezik-1-300x251.jpg 300w, https:\/\/pogovorise.si\/wp-content\/uploads\/2025\/10\/simbolni-jezik-1-768x644.jpg 768w\" sizes=\"(max-width: 940px) 100vw, 940px\" \/><\/p>\n<p>Na delavnici vam bom predstavila nekaj takih orodij za razkrivanje ozadij in vas popeljala \u010dez nekaj procesov za samo izku\u0161njo bli\u017eine va\u0161e intuicije.<\/p>\n<p><em>\u00bbSimboli so psiholo\u0161ki mehanizmi za preoblikovanje energije.\u00ab Carl Gustav Jung<\/em><\/p>\n<p>Pri uporabi simbolnega jezika aktiviramo desno mo\u017egansko polovico in s simbolnimi klju\u010di ustvarjamo<\/p>\n<p>celovit pogled na \u017eivljenje in vse okrog nas. Popelje nas do razumevanja, da je v vsakem del\u010dku \u017ee celota.<\/p>\n<p>&nbsp;<\/p>\n<p>Vabljeni, da se pridru\u017eite v torek 16. junij 2026 ob 17.00 uri v Ljubljani. Za podrobnosti pi\u0161ite na e-po\u0161to <a href=\"mailto:barbara.novak444@gmail.com\">barbara.novak444@gmail.com<\/a><\/p>\n<p>&nbsp;<\/p>\n<p>Prijave: Dru\u0161tvo Klju\u010d \u017divljenja, Medvedova ulica 25, 1241 Kamnik, \u00a0<a href=\"mailto:barbara.novak444@gmail.com\">barbara.novak444@gmail.com<\/a>, 040 210 512<\/p>\n<p>&nbsp;<\/p>\n","protected":false},"excerpt":{"rendered":"<p>Simboli so v nas in vse okrog nas. So jezik domi\u0161ljije, intuicije in nezavednega. Odpirajo poti do neznanega, neoprejemljivega in neskon\u010dnega. \u010clovek je skozi celo svojo zgodovino vlagal energijo tudi v razgrinjanje globljih resnic o svojem obstoju in vedno znova ustvarjal orodja, ki bi mu omogo\u010dila razumevanje onkraj znanega razumu. Na delavnici vam bom predstavila &hellip; <a href=\"https:\/\/pogovorise.si\/index.php\/kljuci-in-obrambni-mehanizmi-3-simbolni-jezik\/\" class=\"more-link\">Continue reading <span class=\"screen-reader-text\">Klju\u010di za preobrazbeni proces #3 &#8211; Simbolni jezik<\/span><\/a><\/p>\n","protected":false},"author":1,"featured_media":0,"parent":0,"menu_order":0,"comment_status":"closed","ping_status":"closed","template":"","meta":{"footnotes":""},"jetpack_sharing_enabled":true,"_links":{"self":[{"href":"https:\/\/pogovorise.si\/index.php\/wp-json\/wp\/v2\/pages\/1257"}],"collection":[{"href":"https:\/\/pogovorise.si\/index.php\/wp-json\/wp\/v2\/pages"}],"about":[{"href":"https:\/\/pogovorise.si\/index.php\/wp-json\/wp\/v2\/types\/page"}],"author":[{"embeddable":true,"href":"https:\/\/pogovorise.si\/index.php\/wp-json\/wp\/v2\/users\/1"}],"replies":[{"embeddable":true,"href":"https:\/\/pogovorise.si\/index.php\/wp-json\/wp\/v2\/comments?post=1257"}],"version-history":[{"count":2,"href":"https:\/\/pogovorise.si\/index.php\/wp-json\/wp\/v2\/pages\/1257\/revisions"}],"predecessor-version":[{"id":1268,"href":"https:\/\/pogovorise.si\/index.php\/wp-json\/wp\/v2\/pages\/1257\/revisions\/1268"}],"wp:attachment":[{"href":"https:\/\/pogovorise.si\/index.php\/wp-json\/wp\/v2\/media?parent=1257"}],"curies":[{"name":"wp","href":"https:\/\/api.w.org\/{rel}","templated":true}]}}