{"id":1261,"date":"2026-03-17T13:02:11","date_gmt":"2026-03-17T12:02:11","guid":{"rendered":"https:\/\/pogovorise.si\/?page_id=1261"},"modified":"2026-03-17T13:03:52","modified_gmt":"2026-03-17T12:03:52","slug":"kljuci-za-preobrazbeni-proces","status":"publish","type":"page","link":"https:\/\/pogovorise.si\/index.php\/kljuci-za-preobrazbeni-proces\/","title":{"rendered":"Klju\u010di za preobrazbeni proces"},"content":{"rendered":"<p>Ko govorimo o preobrazbi, najve\u010dkrat pomislimo na metulja. Pri metulju so faze preobrazbe zelo vidne. Iz jaj\u010deca se izvali gosenica, gosenica se zabubi in iz nje zraste metulj. Tudi \u010dlovek v sebi nosi mehanizme, ki znajo proces preobrazbe popolnoma izpeljati znotraj na\u0161ih energijskih in fizi\u010dnih sistemov. Pri \u017eivalih se proces najve\u010dkrat za\u010dne, ko \u017eival pride v odraslo dobo in dose\u017ee spolno zrelost. Takrat se aktivirajo spolne celice. Tako je tudi pri \u010dloveku. Meridian trojnega grelca, ki je fizi\u010dno povezan z nadledvi\u010dnimi \u017elezami in \u0161\u010ditnico, je zadol\u017een, da informacijsko sprejema podatke, jih prebavi in izbere kaj se bo uporabilo, ostalo pa izlo\u010di. Na fizi\u010dni ravni bolj prepoznamo tak proces skozi prebavni in presnovni proces. La\u017eje nam je razlo\u017eiti kaj res fizi\u010dno zau\u017eijemo, prebavimo in presnovimo in kaj izlo\u010dimo. Tudi na drugih ravneh \u010dlove\u0161ke strukture se taki procesi zgodijo, a niso oprijemljivi in tako zelo vidni, zato jih veliko ljudi zanemari ali presko\u010di. Vsi pa vemo, da, ko pride do \u010dustvene ali sr\u010dne bole\u010dine ali do konflikta znotraj nas, se zakr\u010dimo, izoliramo ali vse skupaj potla\u010dimo in minejo lahko leta predno zares tako gmoto prebavimo. Mene je zanimalo kako lahko pove\u010dam gibkost na tem podro\u010dju in za\u017eivim lahkost \u017eivljenja v vsej njeni lepoti. Lahkost je vrlina trojnega grelca.<\/p>\n<p><img decoding=\"async\" loading=\"lazy\" class=\"alignnone size-full wp-image-1265\" src=\"https:\/\/pogovorise.si\/wp-content\/uploads\/2026\/03\/Kljuci-za-preobrazbeni-proces-2.jpg\" alt=\"\" width=\"940\" height=\"788\" srcset=\"https:\/\/pogovorise.si\/wp-content\/uploads\/2026\/03\/Kljuci-za-preobrazbeni-proces-2.jpg 940w, https:\/\/pogovorise.si\/wp-content\/uploads\/2026\/03\/Kljuci-za-preobrazbeni-proces-2-300x251.jpg 300w, https:\/\/pogovorise.si\/wp-content\/uploads\/2026\/03\/Kljuci-za-preobrazbeni-proces-2-768x644.jpg 768w\" sizes=\"(max-width: 940px) 100vw, 940px\" \/><\/p>\n<p>Tudi komunikacijski proces je mo\u010dno in neobhodno povezan s preobrazbenim procesom. Zato je velikokrat ravno od na\u010dina komuniciranja odvisno kako bomo znali speljati preobrazbo v \u017eivljenju. Osebno me je vedno zanimalo kaj vse vpliva na sposobnost preobra\u017eanja, kako proces speljati z ljubeznijo in milino ter kako razviti subtilni vpogled v to, kje so se ustvarile zanke in zastoji. V\u010dasih gremo \u010dez proces intuitivno in instinktivno, v\u010dasih se ga lotevamo po\u010dasi, preudarno in na\u010drtovano. Ker v preobrazbenem procesu vstopamo v nekaj novega, nepoznanega ali nezavednega, potrebujemo \u010das in prostor, kjer se proces lahko zgodi. Kako razporejati znane in neznane informacije, da bomo ostali v komunikaciji navznoter ali navzven gibki, zahteva od nas, da se znamo v \u010dem vzdr\u017eati, v\u010dasih pa pogumno stopiti v neznano in se \u010desa novega nau\u010diti.<\/p>\n<p>Na temo <strong>Klju\u010di za preobrazbeni proces<\/strong> smo sestavili ve\u010d delavnic, na katerih bomo predstavili orodja in tehnike, s katerimi bomo skupaj na prakti\u010den na\u010din re\u0161ili tudi kak\u0161en svoj trenutni zastoj ali zanko.<\/p>\n<p>Naslovi delavnic:<\/p>\n<ol>\n<li>RE\u0160EVANJE NOTRANJEGA KONFLIKTA<\/li>\n<li>STRAHOVI IN OBRAMBNI MEHANIZMI<\/li>\n<li>SIMBOLNI JEZIK<\/li>\n<li>DELO S SANJAMI<\/li>\n<li>\u017dALOVANJE<\/li>\n<li>PREOBRAZBA DRU\u017dINSKE DINAMIKE<\/li>\n<li>PREOBRAZBA POSLOVNEGA PROCESA<\/li>\n<li>USTVARJALNI PROCES<\/li>\n<li>PRIPOMO\u010cKI ZA POMO\u010c PRI PROCESU<\/li>\n<\/ol>\n<p>Delavnice bo vodila Barbara Novak. Pridru\u017eite se nam in spoznajte svoje mo\u010di preobra\u017eanja. Prijave na <a href=\"mailto:barbara.novak444@gmail.com\">barbara.novak444@gmail.com<\/a><\/p>\n<p>&nbsp;<\/p>\n","protected":false},"excerpt":{"rendered":"<p>Ko govorimo o preobrazbi, najve\u010dkrat pomislimo na metulja. Pri metulju so faze preobrazbe zelo vidne. Iz jaj\u010deca se izvali gosenica, gosenica se zabubi in iz nje zraste metulj. Tudi \u010dlovek v sebi nosi mehanizme, ki znajo proces preobrazbe popolnoma izpeljati znotraj na\u0161ih energijskih in fizi\u010dnih sistemov. Pri \u017eivalih se proces najve\u010dkrat za\u010dne, ko \u017eival pride &hellip; <a href=\"https:\/\/pogovorise.si\/index.php\/kljuci-za-preobrazbeni-proces\/\" class=\"more-link\">Continue reading <span class=\"screen-reader-text\">Klju\u010di za preobrazbeni proces<\/span><\/a><\/p>\n","protected":false},"author":1,"featured_media":0,"parent":0,"menu_order":0,"comment_status":"closed","ping_status":"closed","template":"","meta":{"footnotes":""},"jetpack_sharing_enabled":true,"_links":{"self":[{"href":"https:\/\/pogovorise.si\/index.php\/wp-json\/wp\/v2\/pages\/1261"}],"collection":[{"href":"https:\/\/pogovorise.si\/index.php\/wp-json\/wp\/v2\/pages"}],"about":[{"href":"https:\/\/pogovorise.si\/index.php\/wp-json\/wp\/v2\/types\/page"}],"author":[{"embeddable":true,"href":"https:\/\/pogovorise.si\/index.php\/wp-json\/wp\/v2\/users\/1"}],"replies":[{"embeddable":true,"href":"https:\/\/pogovorise.si\/index.php\/wp-json\/wp\/v2\/comments?post=1261"}],"version-history":[{"count":4,"href":"https:\/\/pogovorise.si\/index.php\/wp-json\/wp\/v2\/pages\/1261\/revisions"}],"predecessor-version":[{"id":1266,"href":"https:\/\/pogovorise.si\/index.php\/wp-json\/wp\/v2\/pages\/1261\/revisions\/1266"}],"wp:attachment":[{"href":"https:\/\/pogovorise.si\/index.php\/wp-json\/wp\/v2\/media?parent=1261"}],"curies":[{"name":"wp","href":"https:\/\/api.w.org\/{rel}","templated":true}]}}