{"id":19,"date":"2019-06-06T11:56:10","date_gmt":"2019-06-06T10:56:10","guid":{"rendered":"https:\/\/pogovorise.wordpress.com\/?page_id=2"},"modified":"2021-02-25T13:20:02","modified_gmt":"2021-02-25T12:20:02","slug":"home","status":"publish","type":"page","link":"https:\/\/pogovorise.si\/index.php\/home\/","title":{"rendered":"\u010clanki"},"content":{"rendered":"","protected":false},"excerpt":{"rendered":"<p>\u010clovek je \u010dude\u017eno bitje svetlobe,<br \/>\nki i\u0161\u010de obliko v vsemogo\u010dni izbiri stvarstva.<br \/>\nNa\u010din in estetika komunikacije mu omogo\u010data<br \/>\ninterakcijo s samim seboj in drugimi \u017eivimi bitji.<br \/>\nNiti svetlobe nas pove\u017eejo in razve\u017eejo.<\/p>\n","protected":false},"author":1,"featured_media":257,"parent":0,"menu_order":1,"comment_status":"closed","ping_status":"closed","template":"","meta":{"footnotes":""},"jetpack_sharing_enabled":false,"_links":{"self":[{"href":"https:\/\/pogovorise.si\/index.php\/wp-json\/wp\/v2\/pages\/19"}],"collection":[{"href":"https:\/\/pogovorise.si\/index.php\/wp-json\/wp\/v2\/pages"}],"about":[{"href":"https:\/\/pogovorise.si\/index.php\/wp-json\/wp\/v2\/types\/page"}],"author":[{"embeddable":true,"href":"https:\/\/pogovorise.si\/index.php\/wp-json\/wp\/v2\/users\/1"}],"replies":[{"embeddable":true,"href":"https:\/\/pogovorise.si\/index.php\/wp-json\/wp\/v2\/comments?post=19"}],"version-history":[{"count":5,"href":"https:\/\/pogovorise.si\/index.php\/wp-json\/wp\/v2\/pages\/19\/revisions"}],"predecessor-version":[{"id":801,"href":"https:\/\/pogovorise.si\/index.php\/wp-json\/wp\/v2\/pages\/19\/revisions\/801"}],"wp:featuredmedia":[{"embeddable":true,"href":"https:\/\/pogovorise.si\/index.php\/wp-json\/"}],"wp:attachment":[{"href":"https:\/\/pogovorise.si\/index.php\/wp-json\/wp\/v2\/media?parent=19"}],"curies":[{"name":"wp","href":"https:\/\/api.w.org\/{rel}","templated":true}]}}