{"id":26,"date":"2019-06-11T11:44:24","date_gmt":"2019-06-11T10:44:24","guid":{"rendered":"https:\/\/pogovorise.wordpress.com\/?page_id=26"},"modified":"2019-06-11T11:44:24","modified_gmt":"2019-06-11T10:44:24","slug":"izobrazevanje","status":"publish","type":"page","link":"https:\/\/pogovorise.si\/index.php\/izobrazevanje\/","title":{"rendered":"Izobra\u017eevanje"},"content":{"rendered":"\n<p style=\"background-color:#dce6ea;color:#0b3242;\" class=\"has-text-color has-background\">\u010ce se \u017eelite nau\u010diti vsenivojske komunikacije, se lahko udele\u017eite razli\u010dnih te\u010dajev. <\/p>\n","protected":false},"excerpt":{"rendered":"<p>\u010ce se \u017eelite nau\u010diti vsenivojske komunikacije, se lahko udele\u017eite razli\u010dnih te\u010dajev.<\/p>\n","protected":false},"author":1,"featured_media":0,"parent":0,"menu_order":0,"comment_status":"closed","ping_status":"closed","template":"","meta":{"footnotes":""},"jetpack_sharing_enabled":true,"_links":{"self":[{"href":"https:\/\/pogovorise.si\/index.php\/wp-json\/wp\/v2\/pages\/26"}],"collection":[{"href":"https:\/\/pogovorise.si\/index.php\/wp-json\/wp\/v2\/pages"}],"about":[{"href":"https:\/\/pogovorise.si\/index.php\/wp-json\/wp\/v2\/types\/page"}],"author":[{"embeddable":true,"href":"https:\/\/pogovorise.si\/index.php\/wp-json\/wp\/v2\/users\/1"}],"replies":[{"embeddable":true,"href":"https:\/\/pogovorise.si\/index.php\/wp-json\/wp\/v2\/comments?post=26"}],"version-history":[{"count":0,"href":"https:\/\/pogovorise.si\/index.php\/wp-json\/wp\/v2\/pages\/26\/revisions"}],"wp:attachment":[{"href":"https:\/\/pogovorise.si\/index.php\/wp-json\/wp\/v2\/media?parent=26"}],"curies":[{"name":"wp","href":"https:\/\/api.w.org\/{rel}","templated":true}]}}