{"id":267,"date":"2019-06-13T11:24:07","date_gmt":"2019-06-13T10:24:07","guid":{"rendered":"https:\/\/pogovorise.wordpress.com\/?page_id=267"},"modified":"2021-02-03T20:58:38","modified_gmt":"2021-02-03T19:58:38","slug":"astralna-ekologija-pot-do-celosti-v-odnosih","status":"publish","type":"page","link":"https:\/\/pogovorise.si\/index.php\/astralna-ekologija-pot-do-celosti-v-odnosih\/","title":{"rendered":"Astralna ekologija \u2013 pot do celosti v odnosih"},"content":{"rendered":"\r\n<p>\u010clove\u0161tvo se je zataknilo v daljni preteklosti obdobja, ki mu Zemlja ne pozna imena, in vse kar se je po tem dogajalo na Zemlji, nas vra\u010da v to obdobje. Zatik v \u010dasu in prostoru. Kaj se zgodi, \u010de se odpeljemo tja, v preteklost, v zatik, v \u010das in prostor, kjer je \u010dlove\u0161ka celost zgubila svojo nedol\u017enost, kjer je iskrenost pozabila nase in kjer je bila \u010dlove\u0161tvu prizadejana rana? Rana v srce. Rana v sredi\u0161\u010de zdru\u017eevanja in sodelovanja. To je \u010das in prostor, kjer najdemo resnico v pregovoru: \u00bbKjer se prepirata dva, tretji dobi\u010dek ima.\u00ab Pa ni potrebno, da se prepirata, lahko se pogovarjata, pa se ne sli\u0161ita, lahko se ljubita, pa se ne \u010dutita. Lahko skupaj ustvarjata, pa na koncu ostaneta brez ustvarjenega. Zakaj?<\/p>\r\n<p><img decoding=\"async\" loading=\"lazy\" class=\"size-full wp-image-600 aligncenter\" src=\"https:\/\/pogovorise.si\/wp-content\/uploads\/2020\/08\/balance_pixabay.jpg\" alt=\"\" width=\"640\" height=\"360\" srcset=\"https:\/\/pogovorise.si\/wp-content\/uploads\/2020\/08\/balance_pixabay.jpg 640w, https:\/\/pogovorise.si\/wp-content\/uploads\/2020\/08\/balance_pixabay-300x169.jpg 300w\" sizes=\"(max-width: 640px) 100vw, 640px\" \/><\/p>\r\n\r\n\r\n\r\n<p>Ker med njima obstaja tretja sila, ki posrka vse ustvarjeno. Sila, ki ji je pomembna kakr\u0161nakoli mo\u010d, z njo se hrani in ohranja. Dokler jo oplajamo, bo rasla in se bohotila na ra\u010dun drugih. Ne pozna ustvarjalnega procesa, zato ne ustvari ni\u010desar novega. Le prelaga iz ene oblike v drugo, iz enega prostora v drugega, iz enega konca Zemlje na drugega. V \u010dem je bistvo tega po\u010detja? Ni ga. Je pa zelo dobra krinka za ustvarjanje iluzij in navidezne resni\u010dnosti. Torej, to silo lahko odstranimo iz na\u0161ega \u017eivljenjskega toka.<\/p>\r\n\r\n\r\n\r\n<p>Predstavljajte si, da se pogovarjate s svojo najbli\u017ejo osebo. Imenovali jo bomo A. Dobro jo poznate, celostno jo do\u017eivljate. Va\u0161 oblak in njen oblak se med seboj povezujeta, vendar se ne zme\u0161ata. Znotraj skupnega oblaka \u0161e vedno prepoznate sebe. S to osebo si iskreno izmenjujeta vsa ob\u010dutja in zaznave in imate ob\u010dutek, da stvari te\u010dejo same od sebe. Nato pa se oseba A pove\u017ee z osebo B, ki nima celostnega obla\u010dka. Obla\u010dek osebe B je razpr\u0161en in zame\u0161an \u0161e z drugimi obla\u010dki, katere je te\u017eko lo\u010diti med seboj in so videti bolj kot vlakec ve\u010d obla\u010dkov skupaj, ki so nerazdru\u017eljivi. Ko eden premakne \u010dlen, se premakne cela veriga. \u010ce se iskreni &#8211; celostni obla\u010dki odpirajo v nebo in zemljo in bi lahko rekli, da imajo navpi\u010den tok energije, se vlakci obla\u010dkov premikajo v vodoravnem toku energije.<\/p>\r\n\r\n\r\n\r\n<p>Oseba B navdahne osebo A z idejo, ki jo sama ne zmore, ne zna ali no\u010de uresni\u010diti, in prosi za sodelovanje osebo A. Oseba A se odzove na pobudo. Oseba B pa ni iskrena v svoji nameri in s tem delovanjem \u017eeli le pridobiti nov obla\u010dek za nabiranje gonilne sile vlakca. Tako se navpi\u010dni tok osebe A za\u010dne preko osebe B prelivati v vodoravni tok vlakca. Vlakec pa je zelo la\u010den in se nikakor ne more nasititi. Vedno znova in znova hlasta za sve\u017eimi obla\u010dki. Zgodi se, da se oseba A znajde v sebi nepristnem toku. Preden to ugotovi, spremembo \u010dutite tudi vi, ki samo opazujete dogajanje. \u010ce oseba A spremembe ne zazna pravi \u010das, bo kar naenkrat postala del vlakca in vas bo nehote vlekla za sabo. Taki osebi boste morali postaviti meje, da boste lahko obdr\u017eali svoj navpi\u010dni tok in ostali v svojem celostnem obla\u010dku. S tem, ko boste postavili meje, boste res prekinili odtekanje va\u0161ega obla\u010dka v vodoravni vlakec, a hkrati boste izgubili stik z osebo A, s katero ste se lahko celostno dru\u017eili in se razdru\u017eili, pa nih\u010de ob tem ni utrpel ne bole\u010dine ne pomanjkanja. In ugotovili boste, da ste postavili meje tudi sami sebi in \u010de ho\u010dete ali no\u010dete, ste s tem prizadeli tudi sebe.<\/p>\r\n\r\n\r\n\r\n<p>No, da ne bo tole pisanje zgodbic samo filozofiranje, si poglejmo, ali obstaja prakti\u010dna pot iz teh zagat.<\/p>\r\n\r\n\r\n\r\n\r\n\r\n<p>Ker so ta stanja tako globoko zakoreninjena v \u010dlove\u0161tvu, smo tudi sami najverjetneje vpleteni v vlakce. Preverimo najprej pri sebi, v katerih odnosih se nam tako odtekanje energije najbolj pojavlja. Nato poglejmo, v katerih odnosih smo mi v vlogi osebe B. Za\u010dnemo pri sebi in si izre\u010demo namero, da bomo v odnose vnesli iskrenost in celost. Najprej moramo biti iskreni do sebe, do svojega vira. Sebi sledimo, ko tisto, kar mislimo, tudi govorimo, da tisto, kar govorimo, tudi \u010dutimo in temu nato sledijo tudi dejanja. Testiramo se lahko v delovanju, katero ni odvisno od drugih, ampak le od nas samih. Tako bomo lahko ugotovili, kje \u0161e odla\u0161amo ali omahujemo s spremembo. Zadamo si kratkoro\u010dne cilje, da bomo lahko pozorno sledili celemu procesu in ugotovili, kje nismo zvesti samemu sebi.<\/p>\r\n\r\n\r\n\r\n<p>\u010ce bomo \u017eeleli to popraviti, se bomo sre\u010dali z veliko izgovori, da sprememba ne bo delovala. Morda se nam bo zdelo, da je pred nami vse preve\u010d preprek, morda si bomo le obljubljali (\u010de bi le, neko\u010d bom, \u017eelim si, da \u2026) in premikali izvedbo v prihodnost. Morda se nam bo zdelo, da nimamo dovolj \u017eivljenjske sile ali nam bo vse dolgo\u010dasno ali pa se nam v dolo\u010denem trenutku ne bo zdelo vredno, da vlagamo svojo pozornost v to. Lepo po\u010dasi in potrpe\u017eljivo se lotimo vsakega od izgovorov in v dejanih poka\u017eimo, da zmoremo preoblikovati zastalo energijo.<\/p>\r\n\r\n\r\n\r\n<p><img decoding=\"async\" loading=\"lazy\" class=\"wp-image-771 size-medium alignleft\" src=\"https:\/\/pogovorise.si\/wp-content\/uploads\/2021\/02\/dotik_roke-300x200.jpg\" alt=\"\" width=\"300\" height=\"200\" srcset=\"https:\/\/pogovorise.si\/wp-content\/uploads\/2021\/02\/dotik_roke-300x200.jpg 300w, https:\/\/pogovorise.si\/wp-content\/uploads\/2021\/02\/dotik_roke.jpg 640w\" sizes=\"(max-width: 300px) 100vw, 300px\" \/>Ko v sebi dose\u017eemo stanje celosti (to pomeni, da sledimo svojemu duhu v srcu, mislih, \u010dustvih in dejanjih), se lahko posvetimo odnosov. Preverimo se lahko v tem, koliko ostanemo v svojem obla\u010dku, pa vendar sodelujemo tudi z drugimi, ki imajo tudi naravo celih obla\u010dkov. Komunikacija poteka na ve\u010d nivojih. Izrazimo svojo idejo, a jo ne vsiljujemo drugim. Izrazimo svoje poglede, a ne pri\u010dakujemo, da bodo drugi videli isto. Izrazimo svojo namero in za njo prevzamemo vso odgovornost, a jo ne prelagamo na druge. V odnosih jasno izrazimo svoje meje, svoje zmo\u017enosti, \u010das in prostor. Svojih \u0161ibkosti ne projeciramo na druge. Izrazimo svoje misli in svoj prav, vendar jih ne vsiljujemo drugim. Oni imajo svoj prav. Umetnost je sodelovati z \u00bbve\u010dimi pravi\u00ab skupaj. Izrazimo svoja \u010dustva, ki se porajajo med komunikacijo, a \u010dustvenih napetosti ne prena\u0161amo na druge. Sami najdemo orodje za izra\u017eanje ali preoblikovanje. Delamo tiste stvari, ki jih lahko zaklju\u010dimo sami. Ne prelagamo dejanj na druge, \u010de se tega prej nismo dogovorili z njimi. Svoje zastavljene naloge izvedemo sami.<\/p>\r\n\r\n\r\n\r\n<p>Ko bomo uspeli za nekaj \u010dasa vzdr\u017eevati tako komunikacijo, bomo lahko v odnosih prepoznali, kje drugi \u017eelijo na nas prenesti razli\u010dne napetosti, ki jih sami ne \u017eelijo, ne zmorejo ali no\u010dejo predelati. Ker bomo dobro poznali sebe, bomo znali na primeren na\u010din povedati drugi osebi, v \u010dem se strinjamo in v \u010dem ne, brez krivde in ob\u010dutka, da smo koga prizadeli.<\/p>\r\n\r\n\r\n\r\n<p>Sodelovanje dveh celih obla\u010dkov je spontan proces, ko nastane iz dveh tretje, neka nova oblika, ki dobi samostojno strukturo. Ko se namen tretjega izpolni, se lahko razgradi, material \u2013 potenciali pa se uporabijo za drugo tretje, vendar, ker je ta material obogaten z izku\u0161njo strukture tretjega, se prenese tudi informacija tretjega v drugo tretje in tretje tretje.<\/p>\r\n\r\n\r\n\r\n<p>\u010ce se vsaj za trenutek zavemo \u0161irine tega prenosa, bomo prepoznali, kako zelo pomembna je astralna ekologija.<\/p>\r\n\r\n\r\n\r\n<p>Pomembno je najprej sam postati celosten in nato sodelovati celostno s celostnimi obla\u010dki. Smisel take komunikacije je, da so vsi vpleteni zadovoljni in do\u017eivljajo radost \u017eivljenja.<\/p>\r\n\r\n\r\n\r\n<p>Barbara Novak<br \/>Ljubljana, 27. 5. 2009<\/p>\r\n\r\n\r\n\r\n<p>&nbsp;<\/p>\r\n","protected":false},"excerpt":{"rendered":"<p>Ker med njima obstaja tretja sila, ki posrka vse ustvarjeno. Sila, ki ji je pomembna kakr\u0161nakoli mo\u010d, z njo se hrani in ohranja. Dokler jo oplajamo, bo rasla in se bohotila na ra\u010dun drugih. Ne pozna ustvarjalnega procesa, zato ne ustvari ni\u010desar novega. Le prelaga iz ene oblike v drugo, iz enega prostora v drugega, &hellip; <a href=\"https:\/\/pogovorise.si\/index.php\/astralna-ekologija-pot-do-celosti-v-odnosih\/\" class=\"more-link\">Continue reading <span class=\"screen-reader-text\">Astralna ekologija \u2013 pot do celosti v odnosih<\/span><\/a><\/p>\n","protected":false},"author":1,"featured_media":0,"parent":0,"menu_order":0,"comment_status":"closed","ping_status":"closed","template":"","meta":{"footnotes":""},"jetpack_sharing_enabled":true,"_links":{"self":[{"href":"https:\/\/pogovorise.si\/index.php\/wp-json\/wp\/v2\/pages\/267"}],"collection":[{"href":"https:\/\/pogovorise.si\/index.php\/wp-json\/wp\/v2\/pages"}],"about":[{"href":"https:\/\/pogovorise.si\/index.php\/wp-json\/wp\/v2\/types\/page"}],"author":[{"embeddable":true,"href":"https:\/\/pogovorise.si\/index.php\/wp-json\/wp\/v2\/users\/1"}],"replies":[{"embeddable":true,"href":"https:\/\/pogovorise.si\/index.php\/wp-json\/wp\/v2\/comments?post=267"}],"version-history":[{"count":11,"href":"https:\/\/pogovorise.si\/index.php\/wp-json\/wp\/v2\/pages\/267\/revisions"}],"predecessor-version":[{"id":774,"href":"https:\/\/pogovorise.si\/index.php\/wp-json\/wp\/v2\/pages\/267\/revisions\/774"}],"wp:attachment":[{"href":"https:\/\/pogovorise.si\/index.php\/wp-json\/wp\/v2\/media?parent=267"}],"curies":[{"name":"wp","href":"https:\/\/api.w.org\/{rel}","templated":true}]}}