{"id":273,"date":"2019-06-13T11:45:13","date_gmt":"2019-06-13T10:45:13","guid":{"rendered":"https:\/\/pogovorise.wordpress.com\/?page_id=273"},"modified":"2024-06-12T13:35:38","modified_gmt":"2024-06-12T11:35:38","slug":"kontakt","status":"publish","type":"page","link":"https:\/\/pogovorise.si\/index.php\/kontakt\/","title":{"rendered":"Kontakt"},"content":{"rendered":"\r\n<div class=\"wp-block-image\">\r\n<figure id=\"attachment_1151\" aria-describedby=\"caption-attachment-1151\" style=\"width: 300px\" class=\"wp-caption alignleft\"><img decoding=\"async\" loading=\"lazy\" class=\"wp-image-1151 size-medium\" src=\"https:\/\/pogovorise.si\/wp-content\/uploads\/2024\/06\/Barbara-Foto-Suncan-Stone-43-300x200.jpg\" alt=\"\" width=\"300\" height=\"200\" srcset=\"https:\/\/pogovorise.si\/wp-content\/uploads\/2024\/06\/Barbara-Foto-Suncan-Stone-43-300x200.jpg 300w, https:\/\/pogovorise.si\/wp-content\/uploads\/2024\/06\/Barbara-Foto-Suncan-Stone-43-1024x683.jpg 1024w, https:\/\/pogovorise.si\/wp-content\/uploads\/2024\/06\/Barbara-Foto-Suncan-Stone-43-768x512.jpg 768w, https:\/\/pogovorise.si\/wp-content\/uploads\/2024\/06\/Barbara-Foto-Suncan-Stone-43-1536x1024.jpg 1536w, https:\/\/pogovorise.si\/wp-content\/uploads\/2024\/06\/Barbara-Foto-Suncan-Stone-43-2048x1365.jpg 2048w, https:\/\/pogovorise.si\/wp-content\/uploads\/2024\/06\/Barbara-Foto-Suncan-Stone-43-2000x1333.jpg 2000w\" sizes=\"(max-width: 300px) 100vw, 300px\" \/><figcaption id=\"caption-attachment-1151\" class=\"wp-caption-text\">Foto: Sun\u010dan Stone<\/figcaption><\/figure>\r\n<\/div>\r\n\r\n\r\n\r\n<p>Barbara Novak <br \/>Jak\u010deva 2<br \/>1000 Ljubljana<br \/>040 210 512<br \/><a href=\"mailto:barbara.novak444@gmail.com\">barbara.novak444@gmail.com<\/a><\/p>\r\n\r\n\r\n\r\n<p><a href=\"https:\/\/pogovorise.si\/wp-content\/uploads\/2023\/06\/BN-\u017eivljenjepis_splet.pdf\">BN \u017eivljenjepis<\/a><\/p>\r\n<p>&nbsp;<\/p>\r\n<p>Prijave na delavnice, te\u010daje in individualna sre\u010danja. Ko po\u0161ljete e-po\u0161to, se strinjate s splo\u0161nimi pogoji in GDPR, ki so opisani spodaj.<\/p>\r\n\n<div class=\"wpcf7 no-js\" id=\"wpcf7-f620-o1\" lang=\"sl-SI\" dir=\"ltr\">\n<div class=\"screen-reader-response\"><p role=\"status\" aria-live=\"polite\" aria-atomic=\"true\"><\/p> <ul><\/ul><\/div>\n<form action=\"\/index.php\/wp-json\/wp\/v2\/pages\/273#wpcf7-f620-o1\" method=\"post\" class=\"wpcf7-form init\" aria-label=\"Contact form\" novalidate=\"novalidate\" data-status=\"init\">\n<div style=\"display: none;\">\n<input type=\"hidden\" name=\"_wpcf7\" value=\"620\" \/>\n<input type=\"hidden\" name=\"_wpcf7_version\" value=\"5.8.2\" \/>\n<input type=\"hidden\" name=\"_wpcf7_locale\" value=\"sl_SI\" \/>\n<input type=\"hidden\" name=\"_wpcf7_unit_tag\" value=\"wpcf7-f620-o1\" \/>\n<input type=\"hidden\" name=\"_wpcf7_container_post\" value=\"0\" \/>\n<input type=\"hidden\" name=\"_wpcf7_posted_data_hash\" value=\"\" \/>\n<\/div>\n<p><label> VA\u0160E IME (zahtevano)<br \/>\n<span class=\"wpcf7-form-control-wrap\" data-name=\"your-name\"><input size=\"40\" class=\"wpcf7-form-control wpcf7-text wpcf7-validates-as-required\" aria-required=\"true\" aria-invalid=\"false\" value=\"\" type=\"text\" name=\"your-name\" \/><\/span> <\/label>\n<\/p>\n<p><label> VA\u0160A E-PO\u0160TA (zahtevano)<br \/>\n<span class=\"wpcf7-form-control-wrap\" data-name=\"your-email\"><input size=\"40\" class=\"wpcf7-form-control wpcf7-email wpcf7-validates-as-required wpcf7-text wpcf7-validates-as-email\" aria-required=\"true\" aria-invalid=\"false\" value=\"\" type=\"email\" name=\"your-email\" \/><\/span> <\/label>\n<\/p>\n<p><label> PREDMET<br \/>\n<span class=\"wpcf7-form-control-wrap\" data-name=\"your-subject\"><input size=\"40\" class=\"wpcf7-form-control wpcf7-text\" aria-invalid=\"false\" value=\"\" type=\"text\" name=\"your-subject\" \/><\/span> <\/label>\n<\/p>\n<p><label> VA\u0160E SPORO\u010cILO<br \/>\n<span class=\"wpcf7-form-control-wrap\" data-name=\"your-message\"><textarea cols=\"40\" rows=\"10\" class=\"wpcf7-form-control wpcf7-textarea\" aria-invalid=\"false\" name=\"your-message\"><\/textarea><\/span> <\/label>\n<\/p>\n<p><input class=\"wpcf7-form-control wpcf7-submit has-spinner\" type=\"submit\" value=\"Po\u0161lji\" \/><br \/>\n<span class=\"wpcf7-form-control-wrap\" data-name=\"acceptance-182\"><span class=\"wpcf7-form-control wpcf7-acceptance optional\"><span class=\"wpcf7-list-item\"><input type=\"checkbox\" name=\"acceptance-182\" value=\"1\" aria-invalid=\"false\" \/><\/span><\/span><\/span>\n<\/p><p style=\"display: none !important;\" class=\"akismet-fields-container\" data-prefix=\"_wpcf7_ak_\"><label>&#916;<textarea name=\"_wpcf7_ak_hp_textarea\" cols=\"45\" rows=\"8\" maxlength=\"100\"><\/textarea><\/label><input type=\"hidden\" id=\"ak_js_1\" name=\"_wpcf7_ak_js\" value=\"175\"\/><script>document.getElementById( \"ak_js_1\" ).setAttribute( \"value\", ( new Date() ).getTime() );<\/script><\/p><div class=\"wpcf7-response-output\" aria-hidden=\"true\"><\/div>\n<\/form>\n<\/div>\n\r\n<p>SPLO\u0160NI POGOJI in GDPR<\/p>\r\n<p>Strinjam se z obdelavo mojega elektronskega naslova, imena in priimka, mobilne \u0161tevilke z namenom informiranja o aktualnih ponudbah, izobra\u017eevalnih in koristnih vsebinah in vzpostavljanja stika po elektronski po\u0161ti.<\/p>\r\n<p>Upravljavec osebnih podatkov je Barbara Novak, Jak\u010deva ul.2, 1000 Ljubljana.<\/p>\r\n<p>Va\u0161e osebne podatke bomo hranili do izpolnitve namena, za katerega so bili posredovani oz. do preklica va\u0161ega soglasja.<\/p>\r\n<p>Prenosa podatkov v tretje dr\u017eave ali tretjim osebam ne bo. Zagotavljamo spo\u0161tovanje Splo\u0161ne uredbe EU o varstvu podatkov in Direktive 95\/46\/ES.<\/p>\r\n<p>Seznanjen sem, da lahko soglasje kadarkoli prekli\u010dem. O preklicu soglasja bom obvestil neposredno upravljavca osebnih podatkov.<\/p>\r\n<p>Zavedam se, da preklic soglasja ne vpliva na zakonitost obdelave, izvedene v skladu s soglasjem pred preklicem.<\/p>\r\n<p>Va\u0161e pravice<\/p>\r\n<p>Kot fizi\u010dna oseba, na katero se nana\u0161ajo osebni podatki, imate pravico do dostopa, popravka, pozabe, izbrisa (pravica do pozabe), omejitve obdelave, prenosljivosti osebnih podatkov in ugovora zoper obdelavo, ki temelji na to\u010dkah e) ali f) 1. odstavka 6. \u010dlena Splo\u0161ne uredbe o varstvu podatkov (ang. General Data Protection Regulation, \u00bbGDPR\u00ab) ali za namene neposrednega tr\u017eenja.<\/p>\r\n<p>Seznanjamo vas, da va\u0161e zgoraj navedene pravice niso absolutne. Omejene so z veljavno zakonodajo in jih moramo izpolniti v dolo\u010denih primerih. V primeru, da \u017eelite uveljaviti svoje zgoraj navedene pravice, nas obvestite na naslov barbara.novak444@gmail.com<\/p>\r\n\r\n\r\n\r\n<ul class=\"wp-block-social-links is-layout-flex wp-block-social-links-is-layout-flex\">\r\n\r\n\r\n\r\n\r\n\r\n\r\n\r\n<\/ul>\r\n","protected":false},"excerpt":{"rendered":"<p>Barbara Novak Jak\u010deva 21000 Ljubljana040 210 512barbara.novak444@gmail.com BN \u017eivljenjepis &nbsp; Prijave na delavnice, te\u010daje in individualna sre\u010danja. Ko po\u0161ljete e-po\u0161to, se strinjate s splo\u0161nimi pogoji in GDPR, ki so opisani spodaj. SPLO\u0160NI POGOJI in GDPR Strinjam se z obdelavo mojega elektronskega naslova, imena in priimka, mobilne \u0161tevilke z namenom informiranja o aktualnih ponudbah, izobra\u017eevalnih in &hellip; <a href=\"https:\/\/pogovorise.si\/index.php\/kontakt\/\" class=\"more-link\">Continue reading <span class=\"screen-reader-text\">Kontakt<\/span><\/a><\/p>\n","protected":false},"author":1,"featured_media":0,"parent":0,"menu_order":0,"comment_status":"closed","ping_status":"closed","template":"","meta":{"footnotes":""},"jetpack_sharing_enabled":true,"_links":{"self":[{"href":"https:\/\/pogovorise.si\/index.php\/wp-json\/wp\/v2\/pages\/273"}],"collection":[{"href":"https:\/\/pogovorise.si\/index.php\/wp-json\/wp\/v2\/pages"}],"about":[{"href":"https:\/\/pogovorise.si\/index.php\/wp-json\/wp\/v2\/types\/page"}],"author":[{"embeddable":true,"href":"https:\/\/pogovorise.si\/index.php\/wp-json\/wp\/v2\/users\/1"}],"replies":[{"embeddable":true,"href":"https:\/\/pogovorise.si\/index.php\/wp-json\/wp\/v2\/comments?post=273"}],"version-history":[{"count":16,"href":"https:\/\/pogovorise.si\/index.php\/wp-json\/wp\/v2\/pages\/273\/revisions"}],"predecessor-version":[{"id":1157,"href":"https:\/\/pogovorise.si\/index.php\/wp-json\/wp\/v2\/pages\/273\/revisions\/1157"}],"wp:attachment":[{"href":"https:\/\/pogovorise.si\/index.php\/wp-json\/wp\/v2\/media?parent=273"}],"curies":[{"name":"wp","href":"https:\/\/api.w.org\/{rel}","templated":true}]}}