{"id":41,"date":"2019-06-11T11:40:47","date_gmt":"2019-06-11T10:40:47","guid":{"rendered":"https:\/\/pogovorise.wordpress.com\/?page_id=41"},"modified":"2025-11-13T18:24:15","modified_gmt":"2025-11-13T17:24:15","slug":"astropsihomedica","status":"publish","type":"page","link":"https:\/\/pogovorise.si\/index.php\/astropsihomedica\/","title":{"rendered":"Astropsihomedica"},"content":{"rendered":"\r\n<p>je program, namenjen vzpostavljanju ravnovesja psihofizi\u010dne pripravljenosti posameznika na osnovi psiholo\u0161ke astrologije in biosinergije. Gre za prakti\u010dne napotke, namenjene celjenju osebnostnih ran. Svetovanje je namenjeno \u0161portnikom in \u0161portnim ekipam, podjetnikom, posameznikom, partnerjem, dru\u017einam, kolektivom itd.\u00a0<\/p>\r\n<p><img decoding=\"async\" loading=\"lazy\" class=\"alignnone size-full wp-image-671\" src=\"https:\/\/pogovorise.si\/wp-content\/uploads\/2019\/06\/mami_astropsihomedica_fb-01-01.jpg\" alt=\"\" width=\"2084\" height=\"1092\" \/><img decoding=\"async\" class=\"wp-image-321\" src=\"https:\/\/pogovorise.files.wordpress.com\/2019\/07\/mami_astropsihomedica_fb-01-01.jpg\" alt=\"\" \/><\/p>\r\n\r\n\r\n\r\n\r\n\r\n<p>Zapis postavitve planetov \u2013 makrokozmosa v \u010dasu na\u0161ega rojstva \u2013 mikrokozmosa nam razkriva na\u0161e notranje zapise. Vse na\u0161e mo\u010di in \u0161ibkosti. Potenciali niso vedno v celoti vidni v vsakodnevnem izrazu osebe. <a href=\"https:\/\/pogovorise.si\/index.php\/kako-sijati-svoje-sonce\/\">Astrolo\u0161ka karta<\/a> predstavlja du\u0161ni zemljevid. Osebnost i\u0161\u010de pot k polnej\u0161emu izrazu du\u0161nega zapisa, zato potuje po zemljevidu in razkriva svojo naravo. Astrolog je lahko vodnik na tej poti, da la\u017eje prepoznamo simboliko zapisa. Posameznikova pripravljenost zaznavano in spoznano pretopiti v dejanja pa prinese dolgoro\u010dne rezultate.<\/p>\r\n\r\n\r\n\r\n<p><a href=\"https:\/\/pogovorise.si\/index.php\/biosinergija\/\">Biosinergija<\/a> je holisti\u010den sistem za doseganje psihofizi\u010dnega ravnovesja. Pristop s fizi\u010dne plati v smeri duhovnega zapisa. Npr. vnesemo mote\u010di simptom v sistem in razi\u0161\u010demo vzorec obna\u0161anja, naravo motnje in tudi na\u010din, kako bomo zopet vzpostavili ravnovesje. Oseba ozavesti ozadje simptoma in hkrati dobi napotke, kaj naj spremeni v dejanjih, da se simptom ne bo ponavljal. Npr. pri fizi\u010dnih po\u0161kodbah (zvinih, zlomih, ranah itd.) se po razpustitvi energijske blokade po\u0161kodovani del telesa veliko hitreje regenerira.<\/p>\r\n\r\n\r\n\r\n<p>Tako z ve\u010dih zornih kotov obdelamo nastalo situacijo osebe in razberemo, kako naj oseba deluje, da bo njen izraz \u010dim celovitej\u0161i. To osebi prina\u0161a harmonijo in notranji mir ter mo\u017enosti, da se na njej izbranem podro\u010dju realizira z vso notranjo mo\u010djo.<\/p>\r\n<p><strong>Programi Astropsihomedice:<br \/><\/strong><a href=\"https:\/\/pogovorise.si\/index.php\/2025\/10\/15\/kako-sijati-svoje-sonce\/\">Kako sijati svoje Sonce<\/a>, enoletni program\u00a0<br \/><a href=\"https:\/\/pogovorise.si\/index.php\/kako-sijati-svojo-luno\/\">Kako sijati svojo Luno<\/a>, sanjska delavnica<br \/><a href=\"https:\/\/pogovorise.si\/index.php\/astropsihomedica-za-pare\/\">Astropsihomedica za pare<\/a><\/p>\r\n<p>Astropsihomedica individualna obravnava<br \/>Za sre\u010danje se dogovorite na <a href=\"mailto:barbara.novak444@gmail.com\">barbara.novak444@gmail.com<\/a> ali 040 210 512. Svetovanje traja 90 min<\/p>\r\n\r\n\r\n\r\n<p>Izbrani pristop se dobro obnese tudi pri delu s skupinami. Zaradi harmoni\u010dne razporeditve potencialov znotraj ekipe je mogo\u010de dosegati bolj\u0161e rezultate in dobro po\u010dutje vseh udele\u017eenih. Svetovalec s pomo\u010djo trenerja izdela na\u010drt dela. Izbrane dejavnosti se izvajajo preventivno, da se vzdr\u017euje in neguje obstoje\u010de stanje. Po potrebi se izvaja \u00a0individualna sre\u010danja, kadar pride do zapletov.<\/p>\r\n\r\n\r\n\r\n<p>&nbsp;<\/p>\r\n","protected":false},"excerpt":{"rendered":"<p>je program, namenjen vzpostavljanju ravnovesja psihofizi\u010dne pripravljenosti posameznika na osnovi psiholo\u0161ke astrologije in biosinergije. Gre za prakti\u010dne napotke, namenjene celjenju osebnostnih ran. Svetovanje je namenjeno \u0161portnikom in \u0161portnim ekipam, podjetnikom, posameznikom, partnerjem, dru\u017einam, kolektivom itd.\u00a0 Zapis postavitve planetov \u2013 makrokozmosa v \u010dasu na\u0161ega rojstva \u2013 mikrokozmosa nam razkriva na\u0161e notranje zapise. Vse na\u0161e mo\u010di in &hellip; <a href=\"https:\/\/pogovorise.si\/index.php\/astropsihomedica\/\" class=\"more-link\">Continue reading <span class=\"screen-reader-text\">Astropsihomedica<\/span><\/a><\/p>\n","protected":false},"author":1,"featured_media":0,"parent":0,"menu_order":0,"comment_status":"closed","ping_status":"closed","template":"","meta":{"footnotes":""},"jetpack_sharing_enabled":true,"_links":{"self":[{"href":"https:\/\/pogovorise.si\/index.php\/wp-json\/wp\/v2\/pages\/41"}],"collection":[{"href":"https:\/\/pogovorise.si\/index.php\/wp-json\/wp\/v2\/pages"}],"about":[{"href":"https:\/\/pogovorise.si\/index.php\/wp-json\/wp\/v2\/types\/page"}],"author":[{"embeddable":true,"href":"https:\/\/pogovorise.si\/index.php\/wp-json\/wp\/v2\/users\/1"}],"replies":[{"embeddable":true,"href":"https:\/\/pogovorise.si\/index.php\/wp-json\/wp\/v2\/comments?post=41"}],"version-history":[{"count":10,"href":"https:\/\/pogovorise.si\/index.php\/wp-json\/wp\/v2\/pages\/41\/revisions"}],"predecessor-version":[{"id":1227,"href":"https:\/\/pogovorise.si\/index.php\/wp-json\/wp\/v2\/pages\/41\/revisions\/1227"}],"wp:attachment":[{"href":"https:\/\/pogovorise.si\/index.php\/wp-json\/wp\/v2\/media?parent=41"}],"curies":[{"name":"wp","href":"https:\/\/api.w.org\/{rel}","templated":true}]}}