{"id":43,"date":"2019-06-11T11:44:59","date_gmt":"2019-06-11T10:44:59","guid":{"rendered":"https:\/\/pogovorise.wordpress.com\/?page_id=43"},"modified":"2024-03-19T10:01:06","modified_gmt":"2024-03-19T09:01:06","slug":"kako-sijati-svoje-sonce","status":"publish","type":"page","link":"https:\/\/pogovorise.si\/index.php\/kako-sijati-svoje-sonce\/","title":{"rendered":"Kako sijati svoje Sonce"},"content":{"rendered":"\r\n<div class=\"wp-block-image\">\r\n<figure class=\"aligncenter is-resized\"><img decoding=\"async\" loading=\"lazy\" class=\"alignnone size-large wp-image-923\" src=\"https:\/\/pogovorise.si\/wp-content\/uploads\/2021\/02\/ksss_splet-1024x407.jpg\" alt=\"\" width=\"740\" height=\"294\" srcset=\"https:\/\/pogovorise.si\/wp-content\/uploads\/2021\/02\/ksss_splet-1024x407.jpg 1024w, https:\/\/pogovorise.si\/wp-content\/uploads\/2021\/02\/ksss_splet-300x119.jpg 300w, https:\/\/pogovorise.si\/wp-content\/uploads\/2021\/02\/ksss_splet-768x305.jpg 768w, https:\/\/pogovorise.si\/wp-content\/uploads\/2021\/02\/ksss_splet.jpg 1122w\" sizes=\"(max-width: 740px) 100vw, 740px\" \/><\/figure>\r\n<\/div>\r\n<p class=\"has-text-color has-text-align-center has-red-color\" style=\"text-align: center;\"><em><span style=\"color: #800000;\"><strong>TEGA NAS NE U\u010cIJO V \u0160OLI<\/strong><\/span><\/em><\/p>\r\n\r\n\r\n\r\n<p><strong>Kaj je dobro vedeti o sebi, da za\u017eivimo svobodno? Kako se soo\u010diti s svojimi \u0161ibkostmi in si z njihovo transformacijo zagotoviti ve\u010d potenciala? Kako ostati zvest svoji du\u0161i in se ne izolirati od drugih? Kako \u017eiveti v spo\u0161tovanju do sebe in drugih?<\/strong><\/p>\r\n\r\n\r\n\r\n<p>Tega nas ne u\u010dijo v \u0161oli. Tega se dotaknejo redki star\u0161i. Vsak od nas pa se spra\u0161uje Kdo sem in kam grem? Z dolgoletnimi izku\u0161njami raziskovanja \u017eivljenja sem oblikovala delavnico, na kateri vas \u017eelim popeljati do va\u0161ega bistva in vam pokazati orodja za u\u010dinkovito oblikovanje va\u0161ega vsakdana tako, da boste zadovoljni vi in va\u0161e okolje. Udele\u017ei se jo lahko vsak, ki \u017eeli raziskati svojo osebnostno in du\u0161no raven.<\/p>\r\n\r\n\r\n\r\n<p>Na\u0161o osnovno strukturo sestavlja 14 vrlin, ki so pri vsakem druga\u010de razporejene. Vsi pa imamo vse in jih lahko tudi v polnosti aktiviramo, tako, da dihajo iz ene skrajnosti v drugo ali pa samo mirujejo. Pomembno je, da so v ravnovesju. Vrline bomo s pomo\u010djo astrolo\u0161ke karte povezali tudi s planeti in tako spoznali na\u0161e osnovne zna\u010dilnosti. Postopoma jih bomo kot puzzle sestavljali v celoto in cilj delavnice je, da spoznamo svojo osnovno strukturo iz katere kasneje lahko izhajamo in jo globlje raziskujemo. To nam pomaga razumeti sebe in na\u0161e odzive na okolje, na\u0161 na\u010din komunikacije in realizacije.<\/p>\r\n<p><a href=\"https:\/\/pogovorise.si\/index.php\/astropsihomedica\/\">\u017delim vedeti ve\u010d o Astropsihomedici <\/a><img alt=\"\" \/><\/p>\r\n\r\n\r\n\r\n\r\n\r\n<p>&nbsp;<\/p>\r\n<p><span style=\"color: #800000;\"><em>INFORMACIJE O DELAVNICI:<\/em><\/span><br \/>Izvajalec:\u00a0\u00a0\u00a0\u00a0\u00a0 Barbara Novak\u00a0<br \/>Datum:\u00a0 \u00a0 \u00a0 \u00a0 <strong>\u00a025. januar 2025<\/strong><br \/>Trajanje:\u00a0 \u00a0 \u00a0 48 ur; mese\u010dna sre\u010danja ob sobotah od 10h do 14h<br \/>Cena:\u00a0 \u00a0 \u00a0 \u00a0 \u00a0 \u00a0 720 \u20ac, mo\u017enost pla\u010dila v mese\u010dnih obrokih, 12 x 60\u20ac<br \/>Prijave:\u00a0\u00a0\u00a0\u00a0\u00a0\u00a0\u00a0\u00a0 barbara.novak444@gmail.com ali na gsm <strong>040 210 512<\/strong><\/p>\r\n\r\n\r\n\r\n\r\n\r\n<p><em>PROGRAM:<\/em><\/p>\r\n\r\n\r\n\r\n<p>Delavnica obsega 12 sre\u010danj po 4 ure (60min). Vsako sre\u010danje ima svojo temo, ki je oblikovana po posameznih vrlinah, katere sestavljajo na\u0161e potenciale-zapise na\u0161e du\u0161e. Po sistemu Astropsihomedice, posebno izdelane matrike, bomo razvijali posamezne potenciale. Od udele\u017eenke-ca se pri\u010dakuje tudi vsakodnevno delo doma, pisanje dnevnika in po potrebi tudi individualno obravnavo. V \u010dasu delavnice imajo udele\u017eenke-ci 50% popusta pri individualni obravnavi.<\/p>\r\n<p><img decoding=\"async\" loading=\"lazy\" class=\"size-medium wp-image-671 aligncenter\" src=\"https:\/\/pogovorise.si\/wp-content\/uploads\/2019\/06\/mami_astropsihomedica_fb-01-01-300x157.jpg\" alt=\"\" width=\"300\" height=\"157\" \/><\/p>\r\n\r\n\r\n\r\n<p>Organizator:<\/p>\r\n<p><a href=\"http:\/\/www.kljuczivljenja.si\">Dru\u0161tvo Klju\u010d \u017eivljenja<\/a><br \/>Medvedova 25, Kamnik<br \/><br \/><\/p>\r\n\r\n\r\n<div class=\"wp-block-jetpack-contact-form\"><a href=\"https:\/\/pogovorise.si\/index.php\/kako-sijati-svoje-sonce\/\" target=\"_blank\" rel=\"noopener noreferrer\">Submit a form.<\/a><\/div>","protected":false},"excerpt":{"rendered":"<p>Kaj je dobro vedeti o sebi, da za\u017eivimo svobodno? Kako se soo\u010diti s svojimi \u0161ibkostmi in si z njihovo transformacijo zagotoviti ve\u010d potenciala? Kako ostati zvest svoji du\u0161i in se ne izolirati od drugih? Kako \u017eiveti v spo\u0161tovanju do sebe in drugih? Tega nas ne u\u010dijo v \u0161oli. Tega se dotaknejo redki star\u0161i. Vsak od &hellip; <a href=\"https:\/\/pogovorise.si\/index.php\/kako-sijati-svoje-sonce\/\" class=\"more-link\">Continue reading <span class=\"screen-reader-text\">Kako sijati svoje Sonce<\/span><\/a><\/p>\n","protected":false},"author":1,"featured_media":0,"parent":0,"menu_order":0,"comment_status":"closed","ping_status":"closed","template":"","meta":{"footnotes":""},"jetpack_sharing_enabled":true,"_links":{"self":[{"href":"https:\/\/pogovorise.si\/index.php\/wp-json\/wp\/v2\/pages\/43"}],"collection":[{"href":"https:\/\/pogovorise.si\/index.php\/wp-json\/wp\/v2\/pages"}],"about":[{"href":"https:\/\/pogovorise.si\/index.php\/wp-json\/wp\/v2\/types\/page"}],"author":[{"embeddable":true,"href":"https:\/\/pogovorise.si\/index.php\/wp-json\/wp\/v2\/users\/1"}],"replies":[{"embeddable":true,"href":"https:\/\/pogovorise.si\/index.php\/wp-json\/wp\/v2\/comments?post=43"}],"version-history":[{"count":20,"href":"https:\/\/pogovorise.si\/index.php\/wp-json\/wp\/v2\/pages\/43\/revisions"}],"predecessor-version":[{"id":1114,"href":"https:\/\/pogovorise.si\/index.php\/wp-json\/wp\/v2\/pages\/43\/revisions\/1114"}],"wp:attachment":[{"href":"https:\/\/pogovorise.si\/index.php\/wp-json\/wp\/v2\/media?parent=43"}],"curies":[{"name":"wp","href":"https:\/\/api.w.org\/{rel}","templated":true}]}}