{"id":45,"date":"2019-06-11T11:41:14","date_gmt":"2019-06-11T10:41:14","guid":{"rendered":"https:\/\/pogovorise.wordpress.com\/?page_id=45"},"modified":"2024-06-12T13:21:54","modified_gmt":"2024-06-12T11:21:54","slug":"biosinergija","status":"publish","type":"page","link":"https:\/\/pogovorise.si\/index.php\/biosinergija\/","title":{"rendered":"Biosinergija"},"content":{"rendered":"\r\n<p class=\"has-text-color has-red-color\" style=\"text-align: center;\">METODA ZA VZPOSTAVLJANJE RAVNOVESJA<\/p>\r\n\r\n\r\n\r\n<p>Biosinergija je metoda za vzpostavljanje ravnovesja v strukturi \u010dloveka. Razvila jo je <a href=\"https:\/\/pogovorise.si\/index.php\/minnie-hein\/\">Minnie Hein<\/a>, Kadar je \u010dlovek v stanju RAVNO-VES-JE, je zdrav. Biosinergija je sinergija dveh ali ve\u010d biopolj ljudi, ki po na\u010delu sinhronosti vzpostavijo ve\u010dje polje zavesti. To terapirancu omogo\u010da, da prepozna vsebino dogajanja v \u010drnih pegah, ki se vzpostavijo zaradi neskladnosti med osebnostjo in du\u0161nim zapisom. Te \u010drne pege lahko imenujemo tudi ego stanja. To so stanja, v katerih je preve\u010d ali premalo gostote energij oziroma vrlin, zaradi katerih terapiranec ne prepozna celote. Ko taka stanja ozavesti, se zopet vzpostavi RAVNO-VES-JE. To je stanje \u010duje\u010dnosti.<\/p>\r\n\r\n\r\n\r\n\r\n\r\n\r\n\r\n<p>Na te\u010daju Biosinergije se udele\u017eenec-ka nau\u010di ve\u010d tehnik, ki jih lahko znotraj metode uporablja. Tehnike, ki se povezujejo znotraj Biosinergije so:<\/p>\r\n\r\n\r\n\r\n<ul>\r\n<li>Uporaba kineziolo\u0161kega mi\u0161i\u010dnega testiranja<\/li>\r\n<li>Uporabna psihologija po Richardu D.Uttu.<\/li>\r\n<li>Delno uporaba cranio sakralne terapije po dr.Johnu Upledgerju<\/li>\r\n<li>Akupresura ter poznavanje meridianov in\u00a0 pripadajo\u010dih vrlin<\/li>\r\n<li>Uporaba in izdelava cvetnih esenc po dr. Edvardu Bachu<\/li>\r\n<\/ul>\r\n\r\n\r\n\r\n<p>Cilj terapije je odkriti blokade, motnje in vzroke bolezni, razviti svoje potenciale ter za\u017eiveti radostno in kreativno \u017eivljenje.<\/p>\r\n\r\n\r\n\r\n<p>Biosinergija je holisti\u010den-celosten pristop k zdravljenju in raziskovanju sebe in drugih. Zdru\u017euje kineziologijo, bioenergijo, psihologijo, akupresuro, osteopatijo in zdravljenje z esencami.<\/p>\r\n<figure id=\"attachment_1131\" aria-describedby=\"caption-attachment-1131\" style=\"width: 435px\" class=\"wp-caption aligncenter\"><img decoding=\"async\" loading=\"lazy\" class=\"wp-image-1131\" src=\"https:\/\/pogovorise.si\/wp-content\/uploads\/2024\/06\/Barbara-Foto-Suncan-Stone-28-1024x683.jpg\" alt=\"\" width=\"435\" height=\"290\" srcset=\"https:\/\/pogovorise.si\/wp-content\/uploads\/2024\/06\/Barbara-Foto-Suncan-Stone-28-1024x683.jpg 1024w, https:\/\/pogovorise.si\/wp-content\/uploads\/2024\/06\/Barbara-Foto-Suncan-Stone-28-300x200.jpg 300w, https:\/\/pogovorise.si\/wp-content\/uploads\/2024\/06\/Barbara-Foto-Suncan-Stone-28-768x512.jpg 768w, https:\/\/pogovorise.si\/wp-content\/uploads\/2024\/06\/Barbara-Foto-Suncan-Stone-28-1536x1024.jpg 1536w, https:\/\/pogovorise.si\/wp-content\/uploads\/2024\/06\/Barbara-Foto-Suncan-Stone-28-2048x1365.jpg 2048w, https:\/\/pogovorise.si\/wp-content\/uploads\/2024\/06\/Barbara-Foto-Suncan-Stone-28-2000x1333.jpg 2000w\" sizes=\"(max-width: 435px) 100vw, 435px\" \/><figcaption id=\"caption-attachment-1131\" class=\"wp-caption-text\">Foto: Sun\u010dan Stone<\/figcaption><\/figure>\r\n\r\n\r\n\r\n<p>Kot bitja smo ve\u010dplastni, vse na\u0161e plasti pa tvorijo celoto, zato ima vsak na\u0161 del\u010dek tudi vse informacije, ki jih potrebujemo, da se nau\u010dimo biti to, kar v resnici smo v na\u0161i du\u0161i. V njej je shranjeno celotno vedenje o nas samih, vsi spomini prej\u0161njih \u017eivljenj, njihovih izku\u0161enj, v njej je shranjen na\u0161 namen tega \u017eivljenja in vsi vzroki za duhovne, miselne, psihi\u010dne in telesne motnje, ki jih imamo. Na\u0161a pojava (pojavnost) je le odsev du\u0161e.<\/p>\r\n\r\n\r\n\r\n<p>Tudi v fizi\u010dnem telesu so spravljene vse te informacije, zato ga lahko uporabimo kot komunikatorja in preko njega pridemo do informacij, ki nam bodo pomagale opustiti tisto, kar mi nismo, oziroma izkazati tisto, kar mi smo.<\/p>\r\n\r\n\r\n\r\n<p>Preko napetosti mi\u0161ic ustvarimo pogovorno polje med zdravljencem in terapevtom, ki sta v \u010dasu terapije v biosinergijski celoti. Vibracija terapevta resonira z vibracijo zdravljenca.<\/p>\r\n\r\n\r\n\r\n<p>Zaradi psihi\u010dnih napetosti, prihaja do prekomernih napetosti tudi v mi\u0161icah in na podlagi tega poznamo tri stanja, premajhno napetost mi\u0161ic, prekomerno napetost mi\u0161ic in homeostazo\u00a0 ali ravnovesje. Premalo ali preve\u010d energije nam prepre\u010duje, da bi bili v stiku s samim seboj.<\/p>\r\n<figure id=\"attachment_1128\" aria-describedby=\"caption-attachment-1128\" style=\"width: 292px\" class=\"wp-caption alignleft\"><img decoding=\"async\" loading=\"lazy\" class=\"wp-image-1128\" src=\"https:\/\/pogovorise.si\/wp-content\/uploads\/2024\/06\/Barbara-Foto-Suncan-Stone-15-1024x683.jpg\" alt=\"\" width=\"292\" height=\"195\" srcset=\"https:\/\/pogovorise.si\/wp-content\/uploads\/2024\/06\/Barbara-Foto-Suncan-Stone-15-1024x683.jpg 1024w, https:\/\/pogovorise.si\/wp-content\/uploads\/2024\/06\/Barbara-Foto-Suncan-Stone-15-300x200.jpg 300w, https:\/\/pogovorise.si\/wp-content\/uploads\/2024\/06\/Barbara-Foto-Suncan-Stone-15-768x512.jpg 768w, https:\/\/pogovorise.si\/wp-content\/uploads\/2024\/06\/Barbara-Foto-Suncan-Stone-15-1536x1024.jpg 1536w, https:\/\/pogovorise.si\/wp-content\/uploads\/2024\/06\/Barbara-Foto-Suncan-Stone-15-2048x1365.jpg 2048w, https:\/\/pogovorise.si\/wp-content\/uploads\/2024\/06\/Barbara-Foto-Suncan-Stone-15-2000x1333.jpg 2000w\" sizes=\"(max-width: 292px) 100vw, 292px\" \/><figcaption id=\"caption-attachment-1128\" class=\"wp-caption-text\">Foto: Sun\u010dan Stone<\/figcaption><\/figure>\r\n\r\n\r\n\r\n\r\n\r\n<p>Pri biosinergiji uporabljamo napetost v mi\u0161icah prstov na roki. Mi\u0161ice so povezane z meridiani. Poznamo 14 meridianov in vsak od njih je povezan z eno od 14 vrlin. Stanje meridiana ka\u017ee na to, kako to vrlino v \u017eivljenju tudi uporabljamo. Zopet i\u0161\u010demo ravnovesje. Ne sme biti ne preve\u010d ne premalo izra\u017eene dolo\u010dene vrline. Takrat je na\u0161e \u017eivljenje harmoni\u010dno in v skladu z namenom. Vsak od nas pa ima tudi eno vrlino, katera mu je najbli\u017eja, katero najla\u017eje iz\u017eareva navzven in se obenem od nje tudi najve\u010d nau\u010di. Se pravi, da je ta vrlina ves njegov sijaj in obenem tudi njegova \u0161ibkost.<\/p>\r\n\r\n\r\n\r\n<p>Pri terapiji najprej preverimo MAKRO profil. To je ravnovesje treh osi, katere morajo biti v ravnovesju, da je \u010dlovek stabilno na poti svojega namena. Osnovna os (vertikalna) izra\u017ea na\u0161 namen in na\u0161e naloge. Pri tem delu ugotavljamo blokade, zastoje in vzroke za njih na tej osi.<\/p>\r\n\r\n\r\n\r\n<p>Horizontalna os nam daje smer delovanja. Mo\u010d in hitrost gibanja sta odvisni od izkazanih (ozave\u0161\u010denih) potencialov. Na tretji osi se izkazuje razmerje med mo\u0161kimi in \u017eenskimi potenciali, oziroma ta os ka\u017ee na sposobnost komuniciranja in sodelovanja. Ravnovesje na tej osi izkazuje stabilnost poti.<\/p>\r\n\r\n\r\n\r\n<p>Drugi del terapije je MIKRO profil, pri katerem obdelujemo razli\u010dne simptome (bole\u010dine, stanja, strahove, bolezni, odnose). Najprej poi\u0161\u010demo \u00bboboleli meridijan\u00ab in nato \u0161e njegov podporni meridijan. Preko tenzije mi\u0161ic prstov ugotovimo ali gre za prekomerno ali premajhno napetost. Dolo\u010dimo \u010das nastanka motnje in vrsto motnje, ki je lahko strukturna, kemi\u010dna, \u010dustvena, genetska, duhovna, motnja ritma, prostor, \u010das, polarnost, elektromagnetno polje, karmi\u010dno, relacija s terapevtom, geopatsko sevanje, dimenzionalna, energije III.vrste.<\/p>\r\n\r\n\r\n\r\n<p><img decoding=\"async\" loading=\"lazy\" class=\"alignright wp-image-547 size-medium\" src=\"https:\/\/pogovorise.si\/wp-content\/uploads\/2020\/02\/esence_imaki_spletna1-300x206.jpg\" alt=\"\" width=\"300\" height=\"206\" srcset=\"https:\/\/pogovorise.si\/wp-content\/uploads\/2020\/02\/esence_imaki_spletna1-300x206.jpg 300w, https:\/\/pogovorise.si\/wp-content\/uploads\/2020\/02\/esence_imaki_spletna1.jpg 722w\" sizes=\"(max-width: 300px) 100vw, 300px\" \/><\/p>\r\n<p>Pomagamo si tudi z pozitivnimi afirmacijami, ki razgrajujejo miselne vzorce, kateri pogosto nastajajo v dolo\u010denih kombinacijah meridijanov. Ko zdravljenec ozavesti blokado, poi\u0161\u010demo \u0161e njemu najbli\u017eji na\u010din zdravljenja. Najve\u010dkrat izbiramo med cvetli\u010dnimi esencami (Iamki, Bach, Desert flower), transformaciji miselnih vzorcev obna\u0161anja po R.D.Uttu, masa\u017eo akupresurnih to\u010dk, polaganju rok-izravnava elektromagnetnega polja ali cranio-sakralno terapijo (osteopata dr. Johna Upledgerja).<\/p>\r\n\r\n\r\n\r\n<p>Koliko \u010dasa in v kak\u0161ni koli\u010dini doziramo terapijo nam pove telo.\u00a0Pove nam tudi, kdaj je v ravnovesju in kdaj lahko zaklju\u010dimo s terapijo.<\/p>\r\n\r\n\r\n\r\n\r\n\r\n<p>S pomo\u010djo Biosinergije lahko ozavestite svoja neravnovesja na <a href=\"https:\/\/pogovorise.si\/index.php\/biosinergija\/\">individualni terapiji<\/a>, ki traja 90 minut.<\/p>\r\n<figure id=\"attachment_1136\" aria-describedby=\"caption-attachment-1136\" style=\"width: 372px\" class=\"wp-caption aligncenter\"><img decoding=\"async\" loading=\"lazy\" class=\"wp-image-1136\" src=\"https:\/\/pogovorise.si\/wp-content\/uploads\/2024\/06\/Barbara-Foto-Suncan-Stone-35-1024x683.jpg\" alt=\"\" width=\"372\" height=\"248\" srcset=\"https:\/\/pogovorise.si\/wp-content\/uploads\/2024\/06\/Barbara-Foto-Suncan-Stone-35-1024x683.jpg 1024w, https:\/\/pogovorise.si\/wp-content\/uploads\/2024\/06\/Barbara-Foto-Suncan-Stone-35-300x200.jpg 300w, https:\/\/pogovorise.si\/wp-content\/uploads\/2024\/06\/Barbara-Foto-Suncan-Stone-35-768x512.jpg 768w, https:\/\/pogovorise.si\/wp-content\/uploads\/2024\/06\/Barbara-Foto-Suncan-Stone-35-1536x1024.jpg 1536w, https:\/\/pogovorise.si\/wp-content\/uploads\/2024\/06\/Barbara-Foto-Suncan-Stone-35-2048x1365.jpg 2048w, https:\/\/pogovorise.si\/wp-content\/uploads\/2024\/06\/Barbara-Foto-Suncan-Stone-35-2000x1333.jpg 2000w\" sizes=\"(max-width: 372px) 100vw, 372px\" \/><figcaption id=\"caption-attachment-1136\" class=\"wp-caption-text\">Foto: Sun\u010dan Stone<\/figcaption><\/figure>\r\n\r\n\r\n\r\n\r\n\r\n<p>Biosinergijo se lahko nau\u010dite na <a href=\"https:\/\/pogovorise.si\/index.php\/2023\/06\/11\/tecaj-biosinergije-2019-2020\/\">te\u010daju Biosinergije<\/a>, ki traja 4 mesece. Obsega 60 u\u010dnih ur po 60 minut ter 20 u\u010dnih ur vaj po 60 minut. Sledi zaklju\u010dni izpit. Po kon\u010danem izobra\u017eevanju prejmete potrdilo o udele\u017ebi.\u00a0<\/p>\r\n\r\n\r\n\r\n<p><a href=\"https:\/\/pogovorise.si\/index.php\/kontakt\/\">Prijavnica<\/a><\/p>\r\n\r\n\r\n","protected":false},"excerpt":{"rendered":"<p>METODA ZA VZPOSTAVLJANJE RAVNOVESJA Biosinergija je metoda za vzpostavljanje ravnovesja v strukturi \u010dloveka. Razvila jo je Minnie Hein, Kadar je \u010dlovek v stanju RAVNO-VES-JE, je zdrav. Biosinergija je sinergija dveh ali ve\u010d biopolj ljudi, ki po na\u010delu sinhronosti vzpostavijo ve\u010dje polje zavesti. To terapirancu omogo\u010da, da prepozna vsebino dogajanja v \u010drnih pegah, ki se vzpostavijo &hellip; <a href=\"https:\/\/pogovorise.si\/index.php\/biosinergija\/\" class=\"more-link\">Continue reading <span class=\"screen-reader-text\">Biosinergija<\/span><\/a><\/p>\n","protected":false},"author":1,"featured_media":0,"parent":0,"menu_order":0,"comment_status":"closed","ping_status":"closed","template":"","meta":{"footnotes":""},"jetpack_sharing_enabled":true,"_links":{"self":[{"href":"https:\/\/pogovorise.si\/index.php\/wp-json\/wp\/v2\/pages\/45"}],"collection":[{"href":"https:\/\/pogovorise.si\/index.php\/wp-json\/wp\/v2\/pages"}],"about":[{"href":"https:\/\/pogovorise.si\/index.php\/wp-json\/wp\/v2\/types\/page"}],"author":[{"embeddable":true,"href":"https:\/\/pogovorise.si\/index.php\/wp-json\/wp\/v2\/users\/1"}],"replies":[{"embeddable":true,"href":"https:\/\/pogovorise.si\/index.php\/wp-json\/wp\/v2\/comments?post=45"}],"version-history":[{"count":24,"href":"https:\/\/pogovorise.si\/index.php\/wp-json\/wp\/v2\/pages\/45\/revisions"}],"predecessor-version":[{"id":1150,"href":"https:\/\/pogovorise.si\/index.php\/wp-json\/wp\/v2\/pages\/45\/revisions\/1150"}],"wp:attachment":[{"href":"https:\/\/pogovorise.si\/index.php\/wp-json\/wp\/v2\/media?parent=45"}],"curies":[{"name":"wp","href":"https:\/\/api.w.org\/{rel}","templated":true}]}}