{"id":47,"date":"2025-02-11T11:47:17","date_gmt":"2025-02-11T10:47:17","guid":{"rendered":"https:\/\/pogovorise.wordpress.com\/?page_id=47"},"modified":"2025-02-11T17:30:49","modified_gmt":"2025-02-11T16:30:49","slug":"tecaj-biosinergije","status":"publish","type":"page","link":"https:\/\/pogovorise.si\/index.php\/tecaj-biosinergije\/","title":{"rendered":"Te\u010daj Biosinergije"},"content":{"rendered":"\r\n<div class=\"wp-block-image\">\r\n<figure class=\"aligncenter\"><img decoding=\"async\" class=\"wp-image-230\" src=\"https:\/\/pogovorise.files.wordpress.com\/2019\/06\/hortenzija-e1560411012525.jpg?w=740\" alt=\"\" \/><img decoding=\"async\" loading=\"lazy\" class=\"alignnone size-large wp-image-669\" src=\"https:\/\/pogovorise.si\/wp-content\/uploads\/2019\/06\/biosinergija_fb-01-01-1-1024x537.jpg\" alt=\"\" width=\"740\" height=\"388\" srcset=\"https:\/\/pogovorise.si\/wp-content\/uploads\/2019\/06\/biosinergija_fb-01-01-1-1024x537.jpg 1024w, https:\/\/pogovorise.si\/wp-content\/uploads\/2019\/06\/biosinergija_fb-01-01-1-300x157.jpg 300w, https:\/\/pogovorise.si\/wp-content\/uploads\/2019\/06\/biosinergija_fb-01-01-1-768x402.jpg 768w, https:\/\/pogovorise.si\/wp-content\/uploads\/2019\/06\/biosinergija_fb-01-01-1-1536x805.jpg 1536w, https:\/\/pogovorise.si\/wp-content\/uploads\/2019\/06\/biosinergija_fb-01-01-1-2048x1073.jpg 2048w, https:\/\/pogovorise.si\/wp-content\/uploads\/2019\/06\/biosinergija_fb-01-01-1-2000x1048.jpg 2000w\" sizes=\"(max-width: 740px) 100vw, 740px\" \/>\r\n<figcaption><\/figcaption>\r\n<\/figure>\r\n<\/div>\r\n\r\n\r\n\r\n<p>Biosinergija je metoda za vzpostavljanje ravnovesja v strukturi \u010dloveka. Kadar je \u010dlovek v stanju RAVNO-VES-JE, je zdrav. Biosinergija je sinergija dveh ali ve\u010d biopolj ljudi, ki po na\u010delu sinhronosti vzpostavijo ve\u010dje polje zavesti. To terapirancu omogo\u010da, da prepozna vsebino dogajanja v \u010drnih pegah, ki se vzpostavijo zaradi neskladnosti med osebnostjo in du\u0161nim zapisom. Te \u010drne pege lahko imenujemo tudi ego stanja. To so stanja, v katerih je preve\u010d ali premalo gostote energij oziroma vrlin, zaradi katerih terapiranec ne prepozna celote. Ko taka stanja ozavesti, se zopet vzpostavi RAVNO-VES-JE. To je stanje \u010duje\u010dnosti.<\/p>\r\n\r\n\r\n\r\n<p>Na te\u010daju Biosinergije se udele\u017eenec-ka nau\u010di ve\u010d tehnik, ki jih lahko znotraj metode uporablja. Tehnike, ki se povezujejo znotraj Biosinergije so:<\/p>\r\n\r\n\r\n\r\n<ul>\r\n<li>Uporaba kineziolo\u0161kega mi\u0161i\u010dnega testiranja<\/li>\r\n<li>Uporabna psihologija po Richardu D.Uttu.<\/li>\r\n<li>Delno uporaba cranio sakralne terapije po dr.Johnu Upledgerju<\/li>\r\n<li>Akupresura ter poznavanje meridianov in\u00a0 pripadajo\u010dih vrlin<\/li>\r\n<li>Uporaba in izdelava cvetnih esenc po dr. Edvardu Bachu<\/li>\r\n<\/ul>\r\n\r\n\r\n\r\n<p>Cilj terapije je odkriti blokade, motnje in vzroke bolezni, razviti svoje potenciale ter za\u017eiveti radostno in kreativno \u017eivljenje.<\/p>\r\n\r\n\r\n\r\n<figure class=\"wp-block-image is-resized\"><\/figure>\r\n<figure class=\"wp-block-image is-resized\"><img decoding=\"async\" loading=\"lazy\" class=\" wp-image-672 alignright\" src=\"https:\/\/pogovorise.si\/wp-content\/uploads\/2019\/06\/hortenzija-300x169.jpg\" alt=\"\" width=\"238\" height=\"134\" srcset=\"https:\/\/pogovorise.si\/wp-content\/uploads\/2019\/06\/hortenzija-300x169.jpg 300w, https:\/\/pogovorise.si\/wp-content\/uploads\/2019\/06\/hortenzija-768x432.jpg 768w, https:\/\/pogovorise.si\/wp-content\/uploads\/2019\/06\/hortenzija.jpg 900w\" sizes=\"(max-width: 238px) 100vw, 238px\" \/>Te\u010daj Biosinergije traja \u0161tiri mesece. Obsega 60 u\u010dnih ur po 60 minut ter 20 u\u010dnih ur vaj po 60 minut. Sledi zaklju\u010dni izpit. Po kon\u010danem izobra\u017eevanju prejmete potrdilo o udele\u017ebi.\u00a0<\/figure>\r\n\r\n\r\n\r\n\r\n\r\n<p><strong>Termin: 18. oktober 2025 ob 10.00 uri v Ljubljani.<br \/>Lahko se izpelje tudi individualno.\u00a0<\/strong><br \/><a href=\"https:\/\/pogovorise.si\/index.php\/kontakt\/\"><em>Prijava<\/em><\/a><a href=\"https:\/\/pogovorise.wordpress.com\/prijavnica\/\">:<\/a> barbara.novak444@gmail.com<\/p>\r\n<p><a href=\"https:\/\/pogovorise.si\/index.php\/biosinergija\/\"><span style=\"color: #800000;\"><em>Ve\u010d o Biosinergiji<\/em><\/span><\/a><\/p>\r\n\r\n\r\n\r\n<p>Te\u010daj vodi Barbara Novak, ki Biosinergijo pou\u010duje in izvaja individualne tretmaje od l.2001, ko ji je ustanoviteljica metode Biosinergetix Minnie Hein, predala znanje in dovoljenje za pou\u010devanje. Barbara je s pomo\u010djo Biosinergije in psiholo\u0161ke astrologije razvila svoj program Astropsihomedico v katerem udele\u017eenec lahko razi\u0161\u010de svoje potenciale s pomo\u010djo vsenivojske komunikacije.<\/p>\r\n\r\n\r\n\r\n<p>&nbsp;<\/p>\r\n","protected":false},"excerpt":{"rendered":"<p>Biosinergija je metoda za vzpostavljanje ravnovesja v strukturi \u010dloveka. Kadar je \u010dlovek v stanju RAVNO-VES-JE, je zdrav. Biosinergija je sinergija dveh ali ve\u010d biopolj ljudi, ki po na\u010delu sinhronosti vzpostavijo ve\u010dje polje zavesti. To terapirancu omogo\u010da, da prepozna vsebino dogajanja v \u010drnih pegah, ki se vzpostavijo zaradi neskladnosti med osebnostjo in du\u0161nim zapisom. Te \u010drne &hellip; <a href=\"https:\/\/pogovorise.si\/index.php\/tecaj-biosinergije\/\" class=\"more-link\">Continue reading <span class=\"screen-reader-text\">Te\u010daj Biosinergije<\/span><\/a><\/p>\n","protected":false},"author":1,"featured_media":0,"parent":0,"menu_order":0,"comment_status":"closed","ping_status":"closed","template":"","meta":{"footnotes":""},"jetpack_sharing_enabled":true,"_links":{"self":[{"href":"https:\/\/pogovorise.si\/index.php\/wp-json\/wp\/v2\/pages\/47"}],"collection":[{"href":"https:\/\/pogovorise.si\/index.php\/wp-json\/wp\/v2\/pages"}],"about":[{"href":"https:\/\/pogovorise.si\/index.php\/wp-json\/wp\/v2\/types\/page"}],"author":[{"embeddable":true,"href":"https:\/\/pogovorise.si\/index.php\/wp-json\/wp\/v2\/users\/1"}],"replies":[{"embeddable":true,"href":"https:\/\/pogovorise.si\/index.php\/wp-json\/wp\/v2\/comments?post=47"}],"version-history":[{"count":15,"href":"https:\/\/pogovorise.si\/index.php\/wp-json\/wp\/v2\/pages\/47\/revisions"}],"predecessor-version":[{"id":1190,"href":"https:\/\/pogovorise.si\/index.php\/wp-json\/wp\/v2\/pages\/47\/revisions\/1190"}],"wp:attachment":[{"href":"https:\/\/pogovorise.si\/index.php\/wp-json\/wp\/v2\/media?parent=47"}],"curies":[{"name":"wp","href":"https:\/\/api.w.org\/{rel}","templated":true}]}}