{"id":48,"date":"2025-02-11T11:46:48","date_gmt":"2025-02-11T10:46:48","guid":{"rendered":"https:\/\/pogovorise.wordpress.com\/?page_id=48"},"modified":"2025-02-11T17:22:20","modified_gmt":"2025-02-11T16:22:20","slug":"reiki-sola","status":"publish","type":"page","link":"https:\/\/pogovorise.si\/index.php\/reiki-sola\/","title":{"rendered":"Reiki \u0161ola"},"content":{"rendered":"\r\n\r\n\r\n<p><img decoding=\"async\" loading=\"lazy\" class=\"size-medium wp-image-729 alignleft\" src=\"https:\/\/pogovorise.si\/wp-content\/uploads\/2020\/12\/rei-ki_simbol_vzorec-164x300.jpg\" alt=\"\" width=\"164\" height=\"300\" srcset=\"https:\/\/pogovorise.si\/wp-content\/uploads\/2020\/12\/rei-ki_simbol_vzorec-164x300.jpg 164w, https:\/\/pogovorise.si\/wp-content\/uploads\/2020\/12\/rei-ki_simbol_vzorec.jpg 438w\" sizes=\"(max-width: 164px) 100vw, 164px\" \/>Reiki je japonski izraz za vseprisotno energijo duha, ki je v vseh nas in okoli nas. Imenujemo jo tudi univerzalna \u017eivljenjska energija. Reiki se imenuje tudi tehnika za samopomo\u010d, osebnostni in duhovni razvoj. Je ve\u0161\u010dina so\u010dutja. Vsak \u010dlovek ima v sebi\u00a0 celostni potencial, ki ga s pomo\u010djo Reikija razvija in s tem povezuje osebnostno in du\u0161no raven. Ko reikiramo aktiviramo obe mo\u017eganski polovici hkrati, zato nas globinsko spro\u0161\u010da in umirja. Preko tretmajev vzpostavimo komunikacijo znotraj lastnih potencialov na nivoju hare, sprostimo miselno-\u010dustvene napetosti, razvijamo intuicijo in prepoznamo duhovne nivoje svoje biti. S pomo\u010djo simbolov pripomoremo k konkretni preobrazbi strahov, razvad in \u0161ibkosti kar nam omogo\u010da uskladiti telo, um in duha zase ali pri drugih.<\/p>\r\n\r\n\r\n\r\n<p>Uglasitev v Reiki poteka v treh posameznih posvetitvah po tradicionalni metodi naravnega zdravljenja in duhovnega razvoja dr. Usuija iz Japonske. Trem posvetitvam sledi posvetitev v u\u010ditelja.\u00a0<\/p>\r\n\r\n\r\n\r\n<div class=\"wp-block-image\"><img decoding=\"async\" loading=\"lazy\" class=\"alignnone wp-image-728 size-large\" src=\"https:\/\/pogovorise.si\/wp-content\/uploads\/2020\/12\/reiki_fb-01-1024x537.jpg\" alt=\"\" width=\"740\" height=\"388\" \/><\/div>\r\n\r\n\r\n\r\n<p style=\"text-align: left;\"><em><br \/>Samo danes se ne jezi. <br \/><\/em><em>Samo danes ne imej skrbi.<br \/>Bodi po\u0161ten pri svojem delu.<\/em><em><br \/>Bodi hvale\u017een za blagoslove \u017eivljenja.<br \/>Bodi so\u010duten do sebe in drugih.<\/em><\/p>\r\n\r\n\r\n\r\n<p>Prijave: <strong>040 210 512<\/strong>\u00a0Barbara, <strong>barbara.novak444@gmail.com<\/strong><\/p>\r\n\r\n\r\n\r\n\r\n\r\n<p><img decoding=\"async\" loading=\"lazy\" class=\"aligncenter wp-image-730 size-medium\" src=\"https:\/\/pogovorise.si\/wp-content\/uploads\/2020\/12\/angeli_1-300x219.jpg\" alt=\"Iz iste smo snovi kot sanje\" width=\"300\" height=\"219\" srcset=\"https:\/\/pogovorise.si\/wp-content\/uploads\/2020\/12\/angeli_1-300x219.jpg 300w, https:\/\/pogovorise.si\/wp-content\/uploads\/2020\/12\/angeli_1-768x562.jpg 768w, https:\/\/pogovorise.si\/wp-content\/uploads\/2020\/12\/angeli_1.jpg 800w\" sizes=\"(max-width: 300px) 100vw, 300px\" \/><\/p>\r\n\r\n\r\n\r\n\r\n\r\n<p style=\"text-align: center;\">Iz iste smo snovi kot sanje<\/p>\r\n<p><strong>Reiki \u0161ola, 1.del<\/strong>: sobota 24. 5. in nedelja 25. 5. 2025 od 10h do 15h<br \/><strong>Aspirant s prvim delom pridobi:<\/strong><\/p>\r\n\r\n\r\n\r\n<ul>\r\n<li>sposobnost razvijanja intuicije, gojenja stika z notranjim vodstvom,<\/li>\r\n<li>sposobnost aktiviranja samozdravilnega sistema,<\/li>\r\n<li>zmo\u017enost prena\u0161anja zdravilnega toka na drugo osebo,<\/li>\r\n<li>vedenje o energijskih centrih \u2013 \u010dakrah,<\/li>\r\n<li>vedenje o povezavah med fizi\u010dno bole\u010dino, organi, meridiani in \u010dustveno miselnimi procesi,<\/li>\r\n<li>uvajanje v meditacijo z namenom globoke sprostitve, komplementacije in notranjega uvida.<\/li>\r\n<\/ul>\r\n\r\n\r\n\r\n<p>Prakti\u010dne vaje:\u00a0 po dogovoru<\/p>\r\n\r\n\r\n\r\n<ul>\r\n<li>izvajanje vodenih meditacij,<\/li>\r\n<li>delo na sebi ali z drugimi, medsebojna izmenjava.<\/li>\r\n<\/ul>\r\n\r\n\r\n\r\n<p>&nbsp;<\/p>\r\n\r\n\r\n\r\n\r\n\r\n<p><strong>Reiki \u0161ola, 2.del: <\/strong>sobota 5. 7. in nedelja 6. 7. 2025 od 10h do 18h<strong><br \/><\/strong><strong>Aspirant z drugim delom pridobi na:<\/strong><\/p>\r\n\r\n\r\n\r\n<ul>\r\n<li>uporabi reiki simbolov za tretmaje na sebi in drugih,<\/li>\r\n<li>negi miselne in \u010dustvene \u010distosti,<\/li>\r\n<li>zbiranju svoje lastne energije in zavestni uporabi potencialov,<\/li>\r\n<li>spoznavanju avri\u010dnih ravni,<\/li>\r\n<li>skrbi za kakovostne odnose,<\/li>\r\n<li>prekinjanju vezi v odnosih in re\u0161evanju konfliktov,<\/li>\r\n<li>astralni ekologiji,<\/li>\r\n<li>razvijanju so\u010dutja,<\/li>\r\n<li>terapijo s kristali in reikijem,<\/li>\r\n<li>pripravi na postopek iniciacije.<\/li>\r\n<\/ul>\r\n\r\n\r\n\r\n<p>Prakti\u010dne vaje: po dogovoru<\/p>\r\n\r\n\r\n\r\n<ul>\r\n<li>tretmaji na sebi,<\/li>\r\n<li>tretmaji na drugih osebah na daljavo ali fizi\u010dno,<\/li>\r\n<li>odvezave s star\u0161i, brati in sestrami,<\/li>\r\n<li>odvezave s partnerji in otroci,<\/li>\r\n<li>vodene odvezave drugim osebam,<\/li>\r\n<li>izvajanje vodenih meditacij,<\/li>\r\n<li>izvajanje dihalnih vaj kot priprava na postopek iniciacije.<\/li>\r\n<\/ul>\r\n\r\n\r\n\r\n<p>&nbsp;<\/p>\r\n\r\n\r\n\r\n\r\n\r\n<p><strong>Reiki \u0161ola, 3.del: <\/strong>sobota 4. 10. in nedelja 5. 10. 2025 od 10h do 18h<br \/><strong>Aspirant v tretjem delu pridobi na:<\/strong><\/p>\r\n\r\n\r\n\r\n<ul>\r\n<li>poglabljanju meditativnih tehnik,<\/li>\r\n<li>uporabi simbola-klju\u010da za uskladitev z namero na nivoju hare,<\/li>\r\n<li>razvijanju mojstrskih ve\u0161\u010din za uvajanje v u\u010diteljsko stopnjo,<\/li>\r\n<li>dihalnih vajah ter poznavanje mikro in makrokozmi\u010dne orbite,<\/li>\r\n<li>re\u0161evanju konfliktnih situacij v \u017eivljenju,<\/li>\r\n<li>poznavanju procesa psihi\u010dne preobrazbe,<\/li>\r\n<li>vodenju meditacije v skupini,<\/li>\r\n<li>kompleksnej\u0161emu pristopu k individualni obravnavi,<\/li>\r\n<li>komunikaciji in vpogledih v podzavestne in nadzavestne nivoje<\/li>\r\n<\/ul>\r\n\r\n\r\n\r\n<p>Prakti\u010dne vaje: po dogovoru<\/p>\r\n\r\n\r\n\r\n<ul>\r\n<li>izvajanje psihi\u010dne operacije sebi ali drugi osebi,<\/li>\r\n<li>vodenje meditacije v skupini,<\/li>\r\n<li>vaje za postopek iniciacije<\/li>\r\n<\/ul>\r\n\r\n\r\n\r\n<p>&nbsp;<\/p>\r\n\r\n\r\n\r\n\r\n\r\n<p><strong>Reiki \u0161ola, 4.del: <\/strong>sobota in nedelja od 10h do 18h, termin po dogovoru<\/p>\r\n\r\n\r\n\r\n<p>Udele\u017eenec je posve\u010den v mojstra-u\u010ditelja. Nau\u010di se postopkov iniciranja in delo na hari in jedrni zvezdi druge osebe. S to stopnjo udele\u017eenec postane samostojen. Lahko prena\u0161a znanje in izku\u0161nje na druge in za\u010dne voditi svoje te\u010daje. Te\u010daj je oblikovan individualno glede na potrebe aspirantov.<\/p>\r\n<p><strong>U\u010ditelj-ica reikija se lahko udele\u017ei kateregakoli te\u010daja reikija za utrjevanje snovi in pou\u010devanje.<\/strong><\/p>\r\n\r\n\r\n\r\n<p>Prakti\u010dne vaje po dogovoru.<\/p>\r\n<p><img decoding=\"async\" loading=\"lazy\" class=\"wp-image-661 alignleft\" src=\"https:\/\/pogovorise.si\/wp-content\/uploads\/2019\/09\/barbara_spletna_2017-245x300.jpg\" alt=\"\" width=\"78\" height=\"96\" srcset=\"https:\/\/pogovorise.si\/wp-content\/uploads\/2019\/09\/barbara_spletna_2017-245x300.jpg 245w, https:\/\/pogovorise.si\/wp-content\/uploads\/2019\/09\/barbara_spletna_2017.jpg 489w\" sizes=\"(max-width: 78px) 100vw, 78px\" \/><\/p>\r\n\r\n\r\n\r\n\r\n\r\n<p><strong>Barbara Novak<\/strong> pou\u010duje reiki in izvaja posvetitve od l. 1997. Posvetitve potekajo po Usuijevem na\u010dinu samozdravljenja in duhovnega razvoja. Sama \u0161ola pa je oblikovana iz vseh izku\u0161enj, ki jih je Barbara pridobila s petindvajseletno prakso dela z ljudmi in za ljudi. V \u0161olo je vklju\u010dila tehnike ve\u010dnivojske komunikacije in razvijanje orodij za samopomo\u010d ter vzpostavljanja stanja avtenti\u010dnosti. Praktikant v \u0161oli napreduje iz osebnostne ravni do du\u0161nega zapisa in se u\u010di kako du\u0161ni zapis \u017eiveti v vsakdanjem \u017eivljenju.<\/p>\r\n\r\n\r\n\r\n\r\n\r\n<p>&nbsp;<\/p>\r\n","protected":false},"excerpt":{"rendered":"<p>Reiki je japonski izraz za vseprisotno energijo duha, ki je v vseh nas in okoli nas. Imenujemo jo tudi univerzalna \u017eivljenjska energija. Reiki se imenuje tudi tehnika za samopomo\u010d, osebnostni in duhovni razvoj. Je ve\u0161\u010dina so\u010dutja. Vsak \u010dlovek ima v sebi\u00a0 celostni potencial, ki ga s pomo\u010djo Reikija razvija in s tem povezuje osebnostno in &hellip; <a href=\"https:\/\/pogovorise.si\/index.php\/reiki-sola\/\" class=\"more-link\">Continue reading <span class=\"screen-reader-text\">Reiki \u0161ola<\/span><\/a><\/p>\n","protected":false},"author":1,"featured_media":0,"parent":0,"menu_order":0,"comment_status":"closed","ping_status":"closed","template":"","meta":{"footnotes":""},"jetpack_sharing_enabled":true,"_links":{"self":[{"href":"https:\/\/pogovorise.si\/index.php\/wp-json\/wp\/v2\/pages\/48"}],"collection":[{"href":"https:\/\/pogovorise.si\/index.php\/wp-json\/wp\/v2\/pages"}],"about":[{"href":"https:\/\/pogovorise.si\/index.php\/wp-json\/wp\/v2\/types\/page"}],"author":[{"embeddable":true,"href":"https:\/\/pogovorise.si\/index.php\/wp-json\/wp\/v2\/users\/1"}],"replies":[{"embeddable":true,"href":"https:\/\/pogovorise.si\/index.php\/wp-json\/wp\/v2\/comments?post=48"}],"version-history":[{"count":27,"href":"https:\/\/pogovorise.si\/index.php\/wp-json\/wp\/v2\/pages\/48\/revisions"}],"predecessor-version":[{"id":1188,"href":"https:\/\/pogovorise.si\/index.php\/wp-json\/wp\/v2\/pages\/48\/revisions\/1188"}],"wp:attachment":[{"href":"https:\/\/pogovorise.si\/index.php\/wp-json\/wp\/v2\/media?parent=48"}],"curies":[{"name":"wp","href":"https:\/\/api.w.org\/{rel}","templated":true}]}}