{"id":50,"date":"2019-06-11T11:46:29","date_gmt":"2019-06-11T10:46:29","guid":{"rendered":"https:\/\/pogovorise.wordpress.com\/?page_id=50"},"modified":"2021-03-03T19:52:35","modified_gmt":"2021-03-03T18:52:35","slug":"reiki","status":"publish","type":"page","link":"https:\/\/pogovorise.si\/index.php\/reiki\/","title":{"rendered":"Reiki"},"content":{"rendered":"\r\n<p><img decoding=\"async\" loading=\"lazy\" class=\"alignnone size-large wp-image-728\" src=\"https:\/\/pogovorise.si\/wp-content\/uploads\/2020\/12\/reiki_fb-01-1024x537.jpg\" alt=\"\" width=\"740\" height=\"388\" \/><br \/>Reiki je japonski izraz za vseprisotno energijo duha, ki je v vseh nas in okoli nas. Imenujemo jo tudi univerzalna \u017eivljenjska energija. Reiki se imenuje tudi tehnika za samopomo\u010d, osebnostni in duhovni razvoj. Je ve\u0161\u010dina so\u010dutja. Vsak \u010dlovek ima v sebi\u00a0 celostni potencial, ki ga s pomo\u010djo Reikija razvija in s tem povezuje osebnostno in du\u0161no raven. Ko reikiramo aktiviramo obe mo\u017eganski polovici hkrati, zato nas globinsko spro\u0161\u010da in umirja. Preko tretmajev vzpostavimo komunikacijo znotraj lastnih potencialov na nivoju hare, sprostimo miselno-\u010dustvene napetosti, razvijamo intuicijo in prepoznamo duhovne nivoje svoje biti. S pomo\u010djo simbolov pripomoremo k konkretni preobrazbi strahov, razvad in \u0161ibkosti kar nam omogo\u010da uskladiti telo, um in duha zase ali pri drugih.<\/p>\r\n\r\n\r\n\r\n<div class=\"wp-block-image\">\r\n<figure class=\"alignright is-resized\"><br \/><img decoding=\"async\" loading=\"lazy\" class=\"wp-image-729 alignright\" src=\"https:\/\/pogovorise.si\/wp-content\/uploads\/2020\/12\/rei-ki_simbol_vzorec.jpg\" alt=\"\" width=\"125\" height=\"229\" srcset=\"https:\/\/pogovorise.si\/wp-content\/uploads\/2020\/12\/rei-ki_simbol_vzorec.jpg 438w, https:\/\/pogovorise.si\/wp-content\/uploads\/2020\/12\/rei-ki_simbol_vzorec-164x300.jpg 164w\" sizes=\"(max-width: 125px) 100vw, 125px\" \/>\r\n<figcaption>\u00a0 \u00a0 \u00a0 \u00a0 \u00a0 REI KI<\/figcaption>\r\n<\/figure>\r\n<\/div>\r\n\r\n\r\n\r\n<p>Uglasitev v Reiki poteka v treh posameznih posvetitvah po tradicionalni metodi naravnega zdravljenja in duhovnega razvoja dr. Usuija iz Japonske. Trem posvetitvam sledi posvetitev v u\u010ditelja. Barbara je zdru\u017eila vse znanje v Reiki \u0161olo.<a href=\"https:\/\/pogovorise.si\/index.php\/2019\/06\/11\/reiki-sola-2019-2020\/\"> Ve\u010d o \u0161oli&#8230;.<\/a><\/p>\r\n\r\n\r\n\r\n\r\n\r\n\r\n\r\n<p>&nbsp;<\/p>\r\n<p><img decoding=\"async\" loading=\"lazy\" class=\"alignnone  wp-image-661\" src=\"https:\/\/pogovorise.si\/wp-content\/uploads\/2019\/09\/barbara_spletna_2017-150x150.jpg\" alt=\"\" width=\"93\" height=\"93\" \/> <strong>Barbara Novak<\/strong> pou\u010duje reiki in izvaja posvetitve od l. 1997. Posvetitve potekajo po Usuijevem na\u010dinu samozdravljenja in duhovnega razvoja. Sama \u0161ola pa je oblikovana iz vseh izku\u0161enj, ki jih je Barbara pridobila s petindvajseletno prakso dela z ljudmi in za ljudi. V \u0161olo je vklju\u010dila tehnike ve\u010dnivojske komunikacije in razvijanje orodij za samopomo\u010d ter vzpostavljanja stanja avtenti\u010dnosti. Praktikant v \u0161oli napreduje iz osebnostne ravni do du\u0161nega zapisa in se u\u010di kako du\u0161ni zapis \u017eiveti v vsakdanjem \u017eivljenju.<\/p>\r\n","protected":false},"excerpt":{"rendered":"<p>Reiki je japonski izraz za vseprisotno energijo duha, ki je v vseh nas in okoli nas. Imenujemo jo tudi univerzalna \u017eivljenjska energija. Reiki se imenuje tudi tehnika za samopomo\u010d, osebnostni in duhovni razvoj. Je ve\u0161\u010dina so\u010dutja. Vsak \u010dlovek ima v sebi\u00a0 celostni potencial, ki ga s pomo\u010djo Reikija razvija in s tem povezuje osebnostno in &hellip; <a href=\"https:\/\/pogovorise.si\/index.php\/reiki\/\" class=\"more-link\">Continue reading <span class=\"screen-reader-text\">Reiki<\/span><\/a><\/p>\n","protected":false},"author":1,"featured_media":0,"parent":0,"menu_order":0,"comment_status":"closed","ping_status":"closed","template":"","meta":{"footnotes":""},"jetpack_sharing_enabled":true,"_links":{"self":[{"href":"https:\/\/pogovorise.si\/index.php\/wp-json\/wp\/v2\/pages\/50"}],"collection":[{"href":"https:\/\/pogovorise.si\/index.php\/wp-json\/wp\/v2\/pages"}],"about":[{"href":"https:\/\/pogovorise.si\/index.php\/wp-json\/wp\/v2\/types\/page"}],"author":[{"embeddable":true,"href":"https:\/\/pogovorise.si\/index.php\/wp-json\/wp\/v2\/users\/1"}],"replies":[{"embeddable":true,"href":"https:\/\/pogovorise.si\/index.php\/wp-json\/wp\/v2\/comments?post=50"}],"version-history":[{"count":8,"href":"https:\/\/pogovorise.si\/index.php\/wp-json\/wp\/v2\/pages\/50\/revisions"}],"predecessor-version":[{"id":804,"href":"https:\/\/pogovorise.si\/index.php\/wp-json\/wp\/v2\/pages\/50\/revisions\/804"}],"wp:attachment":[{"href":"https:\/\/pogovorise.si\/index.php\/wp-json\/wp\/v2\/media?parent=50"}],"curies":[{"name":"wp","href":"https:\/\/api.w.org\/{rel}","templated":true}]}}