{"id":52,"date":"2019-06-11T11:45:56","date_gmt":"2019-06-11T10:45:56","guid":{"rendered":"https:\/\/pogovorise.wordpress.com\/?page_id=52"},"modified":"2023-07-01T14:08:27","modified_gmt":"2023-07-01T12:08:27","slug":"meditacija","status":"publish","type":"page","link":"https:\/\/pogovorise.si\/index.php\/meditacija\/","title":{"rendered":"Meditacija"},"content":{"rendered":"\r\n<div class=\"wp-block-image\">\r\n<figure class=\"aligncenter is-resized\"><img decoding=\"async\" loading=\"lazy\" class=\"alignnone size-medium wp-image-746 aligncenter\" src=\"https:\/\/pogovorise.si\/wp-content\/uploads\/2020\/12\/stvariteljica-\u017eivljenja_fb-300x251.jpg\" alt=\"\" width=\"300\" height=\"251\" srcset=\"https:\/\/pogovorise.si\/wp-content\/uploads\/2020\/12\/stvariteljica-\u017eivljenja_fb-300x251.jpg 300w, https:\/\/pogovorise.si\/wp-content\/uploads\/2020\/12\/stvariteljica-\u017eivljenja_fb-768x644.jpg 768w, https:\/\/pogovorise.si\/wp-content\/uploads\/2020\/12\/stvariteljica-\u017eivljenja_fb.jpg 940w\" sizes=\"(max-width: 300px) 100vw, 300px\" \/><\/figure>\r\n<\/div>\r\n\r\n\r\n\r\n<p>Pot meditacije je iskrena odlo\u010ditev osebe, ki se je odlo\u010dila iskati pot srca. Pot na kateri sodelujta mo\u0161ka in \u017eenska polovica, leva in desna mo\u017eganska hemisfera, nebo in zemlja, oziroma osebnost in du\u0161a. To je pot preobrazbe in razvoja zavesti. Odlo\u010dimo se govoriti resnico in jo izrekati v vseh situacijah. Meditacija je na\u010din komuniciranja z du\u0161o in duhom.<\/p>\r\n\r\n\r\n\r\n<p>V avri poznamo sedem avri\u010dnih ravni ali avri\u010dnih teles. Na vsaki ravni imamo svoje potrebe. S pomo\u010djo meditacije prepoznamo te potrebe in jim zadostimo oziroma poskrbimo zase, da bomo zadovoljni in sre\u010dni.<\/p>\r\n\r\n\r\n\r\n\r\n\r\n<p>Pridru\u017eite se lahko skupinski meditaciji. Meditacija in pogovor traja 45 minut. Prispevek je 15,00 \u20ac. Potrebne so prijave na barbara.novak444@gmail.com . Trenutno ni razpisanega termina.<\/p>\r\n<p>Lahko stopite v stik z mano in se dogovorimo za individulano meditacijo ali <a href=\"https:\/\/pogovorise.si\/index.php\/individualno-ucenje\/\">individualno u\u010denje\u00a0<\/a>. Pi\u0161ite na e-po\u0161to barbara.novak444@gmail.com<\/p>\r\n<p><img decoding=\"async\" loading=\"lazy\" class=\"alignnone size-medium wp-image-509\" src=\"https:\/\/pogovorise.si\/wp-content\/uploads\/2020\/02\/meditacije-13-300x169.jpg\" alt=\"\" width=\"300\" height=\"169\" srcset=\"https:\/\/pogovorise.si\/wp-content\/uploads\/2020\/02\/meditacije-13-300x169.jpg 300w, https:\/\/pogovorise.si\/wp-content\/uploads\/2020\/02\/meditacije-13-1024x576.jpg 1024w, https:\/\/pogovorise.si\/wp-content\/uploads\/2020\/02\/meditacije-13-768x432.jpg 768w, https:\/\/pogovorise.si\/wp-content\/uploads\/2020\/02\/meditacije-13-1536x864.jpg 1536w, https:\/\/pogovorise.si\/wp-content\/uploads\/2020\/02\/meditacije-13.jpg 1600w\" sizes=\"(max-width: 300px) 100vw, 300px\" \/><\/p>\r\n<div class=\"wp-block-image\"><em><span style=\"color: #800000;\">Notranji mir je osnova za Ravno &#8211; ves &#8211;\u00a0 je<\/span><\/em><\/div>\r\n","protected":false},"excerpt":{"rendered":"<p>Pot meditacije je iskrena odlo\u010ditev osebe, ki se je odlo\u010dila iskati pot srca. Pot na kateri sodelujta mo\u0161ka in \u017eenska polovica, leva in desna mo\u017eganska hemisfera, nebo in zemlja, oziroma osebnost in du\u0161a. To je pot preobrazbe in razvoja zavesti. Odlo\u010dimo se govoriti resnico in jo izrekati v vseh situacijah. Meditacija je na\u010din komuniciranja z &hellip; <a href=\"https:\/\/pogovorise.si\/index.php\/meditacija\/\" class=\"more-link\">Continue reading <span class=\"screen-reader-text\">Meditacija<\/span><\/a><\/p>\n","protected":false},"author":1,"featured_media":0,"parent":0,"menu_order":0,"comment_status":"closed","ping_status":"closed","template":"","meta":{"footnotes":""},"jetpack_sharing_enabled":true,"_links":{"self":[{"href":"https:\/\/pogovorise.si\/index.php\/wp-json\/wp\/v2\/pages\/52"}],"collection":[{"href":"https:\/\/pogovorise.si\/index.php\/wp-json\/wp\/v2\/pages"}],"about":[{"href":"https:\/\/pogovorise.si\/index.php\/wp-json\/wp\/v2\/types\/page"}],"author":[{"embeddable":true,"href":"https:\/\/pogovorise.si\/index.php\/wp-json\/wp\/v2\/users\/1"}],"replies":[{"embeddable":true,"href":"https:\/\/pogovorise.si\/index.php\/wp-json\/wp\/v2\/comments?post=52"}],"version-history":[{"count":13,"href":"https:\/\/pogovorise.si\/index.php\/wp-json\/wp\/v2\/pages\/52\/revisions"}],"predecessor-version":[{"id":1089,"href":"https:\/\/pogovorise.si\/index.php\/wp-json\/wp\/v2\/pages\/52\/revisions\/1089"}],"wp:attachment":[{"href":"https:\/\/pogovorise.si\/index.php\/wp-json\/wp\/v2\/media?parent=52"}],"curies":[{"name":"wp","href":"https:\/\/api.w.org\/{rel}","templated":true}]}}