{"id":574,"date":"2020-04-02T12:07:24","date_gmt":"2020-04-02T10:07:24","guid":{"rendered":"https:\/\/pogovorise.si\/?page_id=574"},"modified":"2020-04-02T12:07:24","modified_gmt":"2020-04-02T10:07:24","slug":"ali-poznate-sreco","status":"publish","type":"page","link":"https:\/\/pogovorise.si\/index.php\/ali-poznate-sreco\/","title":{"rendered":"Ali poznate sre\u010do?"},"content":{"rendered":"<p>Ali poznate sre\u010do? Tisto mlado lepotico, ki zasveti skozi \u010dloveka, kadar\u00a0 lahko v polnosti izrazi sebe. Ali poznate radost? Tisto vzneseno stanje, katerega se ni mo\u010d nau\u010diti, samo nastane. Kdaj? Ko sre\u010di damo prostor med drugimi bitji, jo delimo z drugimi ljudmi.<\/p>\n<p>Zagotovo se spomnite vsaj ene iskre v va\u0161ih o\u010deh, ki je zasijala, ko ste se sre\u010dali s sre\u010do in do\u017eiveli radost. Stanja niso vezana samo na otro\u0161tvo, to ni samo otro\u0161ka igrivost in spontanost. Vsak dan se lahko vsaj ena taka iskrica pri\u017ege v va\u0161ih o\u010deh in vsak naslednji dan jih je ve\u010d in iskrice\u00a0 stkejo tok ble\u0161\u010de\u010de svetlobe, ki navsezadnje postane na\u0161e \u017eivljenje in na\u0161 na\u010din bivanja.<\/p>\n<p><img decoding=\"async\" loading=\"lazy\" class=\"wp-image-490 alignright\" src=\"https:\/\/pogovorise.si\/wp-content\/uploads\/2020\/02\/20200222_070415-300x225.jpg\" alt=\"\" width=\"212\" height=\"159\" srcset=\"https:\/\/pogovorise.si\/wp-content\/uploads\/2020\/02\/20200222_070415-300x225.jpg 300w, https:\/\/pogovorise.si\/wp-content\/uploads\/2020\/02\/20200222_070415-1024x768.jpg 1024w, https:\/\/pogovorise.si\/wp-content\/uploads\/2020\/02\/20200222_070415-768x576.jpg 768w, https:\/\/pogovorise.si\/wp-content\/uploads\/2020\/02\/20200222_070415-1536x1152.jpg 1536w, https:\/\/pogovorise.si\/wp-content\/uploads\/2020\/02\/20200222_070415-2048x1536.jpg 2048w, https:\/\/pogovorise.si\/wp-content\/uploads\/2020\/02\/20200222_070415-2000x1500.jpg 2000w\" sizes=\"(max-width: 212px) 100vw, 212px\" \/><\/p>\n<p>Za nekaj trenutkov potujte z mano. Postanite \u010dlove\u0161ko bitje, ki trenutno nima\u00a0obveznosti in je prosto \u010dasa in prostora. Prepustimo se toku domi\u0161ljije, tistemu radovednemu toku, ki dela \u017eivljenje \u017eivo in du\u0161o svobodno. Ne odla\u0161ajte \u2026. samo nekaj trenutkov bo trajalo in \u017ee letimo \u2026<\/p>\n<p>Domi\u0161ljija nas posede v na\u0161 najljub\u0161i naslonja\u010d. Vse okrog nas je mirno in spro\u0161\u010deno. Mi samo sedimo in bivamo. Ni \u010dasa, ni prostora. Obojega je v bistvu neskon\u010dno mnogo. Ko takole samo bivamo, se poraja vpra\u0161anje: \u00bbKaj bi delali ta trenutek? \u010cesa bi se lotili, da bi\u00a0 sre\u010da preplavila na\u0161 obraz?\u00ab Ko dobite odgovor, podobo, ob\u010dutek, se vpra\u0161ajte, kaj vse bi potrebovali, da bi dosegli \u017eeleno stanje ali situacijo. Tako se vam razkrije pot, ki pelje do cilja. Sledi zbiranje materiala in postopna graditev \u017eelenega. Ko dose\u017eemo kon\u010dno obliko, nas navda izpopolnjujo\u010d ob\u010dutek.<\/p>\n<p>Sedaj je na vrsti \u0161e soo\u010danje z okoljem. V takih trenutkih nas je pogosto tako strah, da stvaritve najraje ne bi pokazali nikomur, saj se bojimo, da ne bi do\u017eiveli zanikanje okolice, grajanja ali posmehovanja. V svoji domi\u0161ljiji bomo to grajanje izpustili. Z odprtim srcem poka\u017eimo svojo stvaritev, saj stvarstvo sprejema vse in vsakogar. To je dejanje radosti in sre\u010de. Biti sprejet tak, kakr\u0161en si. Podo\u017eivite v svoji domi\u0161ljiji to radost in jo nato prenesite v svoje vsakdanje \u017eivljenje.<\/p>\n<p>Pa se premaknimo v vsakdanje \u017eivljenje. Dovolite, da z vami podelim svojo zgodbo, ko sem imela prilo\u017enost tak proces opazovati pri svoji h\u010derki. V enem dnevu se je zgodilo vse. Moja takrat 12 letna h\u010di je imela po\u010ditnice. Zjutraj je vstala, se umila in uredila, pozajtrkovala in nato sedla za mizo in se na glas vpra\u0161ala: \u00bbKaj bom pa jaz danes po\u010dela?\u00ab Seveda je bila neobremenjena z obveznostmi, s \u010dasom in prostorom. Nekaj \u010dasa je v ti\u0161ini sedela in nato vzkliknila: \u00bbPekla bom pi\u0161kote!\u00ab Takoj je za\u010dela preverjati, kaj vse potrebuje za to dejavnost. Izbrala je recept, izpisala sestavine, ki jih potrebuje, preverila, kaj smo \u017ee imeli v shrambi, manjkajo\u010de sestavine je \u0161la iskat v trgovino, doma vse lepo pripravila in za\u010dela s peko. Po kosilu so bili pi\u0161koti pripravljeni, zlo\u017eeni v ko\u0161arico s prti\u010dkom so se hladili in \u010dakali, da se poka\u017eejo. Nato je na\u0161a mala deklica sklicala vse doma\u010de, jih povabila na pi\u0161kote ob dobri kavi in vsi smo se radostili ob njeni stvaritvi. Ob vsem ob\u010dudovanju njenega ustvarjalnega toka, me je navdu\u0161ilo tudi to, kar pri mnogih ljudeh tako zelo pogre\u0161am. To je, da pospravijo za seboj. Vse je sama pomila in po\u010distila. Ko smo pojedli pi\u0161kote, je bila stvaritev izpolnjena v celoti. Zve\u010der se je vse umirilo in naslednji dan je nastal nov prostor za nov ustvarjalni tok in novo stvaritev.<\/p>\n<p>\u017dalostno je, kako zelo vsi hitimo samo na prvi polovici poti od ideje do stvaritve. Od izvedbe do razpada pa na pot kar pozabimo, ravno tako se je izogibamo kot smrti, kajti gre za smrt na\u0161e stvaritve. \u010ce je izpolnjen namen, ni potrebe po zadr\u017eevanju v materialnem, zato naj razpade in omogo\u010di prostor novo nastajajo\u010dim stvaritvam.<\/p>\n<p><img decoding=\"async\" loading=\"lazy\" class=\" wp-image-575 alignleft\" src=\"https:\/\/pogovorise.si\/wp-content\/uploads\/2020\/04\/kreacija_pogovorise-rotated-e1585821375999-225x300.jpg\" alt=\"\" width=\"242\" height=\"323\" srcset=\"https:\/\/pogovorise.si\/wp-content\/uploads\/2020\/04\/kreacija_pogovorise-rotated-e1585821375999-225x300.jpg 225w, https:\/\/pogovorise.si\/wp-content\/uploads\/2020\/04\/kreacija_pogovorise-rotated-e1585821375999.jpg 600w\" sizes=\"(max-width: 242px) 100vw, 242px\" \/><\/p>\n<p>Preprosta zgodba je prikaz, kaj nas v \u017eivljenju dela \u017eive. Kolikokrat se vi po\u010dutite \u017eive v svojem \u017eivljenju? Ker znova in znova rada raziskujem in ker imam okrog sebe ravno tako navdu\u0161ene raziskovalce \u017eivljenja, smo zdru\u017eili svoje mo\u010di in s svojim znanjem, vedenjem in izku\u0161njami oblikovali mariskateri izobra\u017eevalni proces, v katerem se lahko nau\u010dite najti svoje iskrice v o\u010deh in le te zdru\u017eiti v svoj ustvarjalni proces. Izoblikovali smo orodja in na\u010dine, skozi katere vsak posameznik lahko razvije sebi pristna orodja in metode za ustvarjalno vsakdanje \u017eivljenje.<\/p>\n<p>&nbsp;<\/p>\n<p>Tokrat vas vabim, da se pridru\u017eite v <a href=\"https:\/\/pogovorise.si\/index.php\/2019\/09\/30\/pogovori-se-sam-s-seboj\/\">Laboratoriju Pogovori se sam s seboj<\/a>.<\/p>\n<p>Sicer pa si skreirajte svoje polje \u017eivljenja in ga \u017eivite radostno!<\/p>\n<p>&nbsp;<\/p>\n<p>\u010dlanek je bil objavljen na portalu Planet lepote, 2008<\/p>\n","protected":false},"excerpt":{"rendered":"<p>Ali poznate sre\u010do? Tisto mlado lepotico, ki zasveti skozi \u010dloveka, kadar\u00a0 lahko v polnosti izrazi sebe. Ali poznate radost? Tisto vzneseno stanje, katerega se ni mo\u010d nau\u010diti, samo nastane. Kdaj? Ko sre\u010di damo prostor med drugimi bitji, jo delimo z drugimi ljudmi. Zagotovo se spomnite vsaj ene iskre v va\u0161ih o\u010deh, ki je zasijala, ko &hellip; <a href=\"https:\/\/pogovorise.si\/index.php\/ali-poznate-sreco\/\" class=\"more-link\">Continue reading <span class=\"screen-reader-text\">Ali poznate sre\u010do?<\/span><\/a><\/p>\n","protected":false},"author":1,"featured_media":0,"parent":0,"menu_order":0,"comment_status":"closed","ping_status":"closed","template":"","meta":{"footnotes":""},"jetpack_sharing_enabled":true,"_links":{"self":[{"href":"https:\/\/pogovorise.si\/index.php\/wp-json\/wp\/v2\/pages\/574"}],"collection":[{"href":"https:\/\/pogovorise.si\/index.php\/wp-json\/wp\/v2\/pages"}],"about":[{"href":"https:\/\/pogovorise.si\/index.php\/wp-json\/wp\/v2\/types\/page"}],"author":[{"embeddable":true,"href":"https:\/\/pogovorise.si\/index.php\/wp-json\/wp\/v2\/users\/1"}],"replies":[{"embeddable":true,"href":"https:\/\/pogovorise.si\/index.php\/wp-json\/wp\/v2\/comments?post=574"}],"version-history":[{"count":2,"href":"https:\/\/pogovorise.si\/index.php\/wp-json\/wp\/v2\/pages\/574\/revisions"}],"predecessor-version":[{"id":577,"href":"https:\/\/pogovorise.si\/index.php\/wp-json\/wp\/v2\/pages\/574\/revisions\/577"}],"wp:attachment":[{"href":"https:\/\/pogovorise.si\/index.php\/wp-json\/wp\/v2\/media?parent=574"}],"curies":[{"name":"wp","href":"https:\/\/api.w.org\/{rel}","templated":true}]}}