{"id":837,"date":"2021-08-26T16:18:23","date_gmt":"2021-08-26T14:18:23","guid":{"rendered":"https:\/\/pogovorise.si\/?page_id=837"},"modified":"2021-08-26T16:38:31","modified_gmt":"2021-08-26T14:38:31","slug":"strah-pred-zivljenjem","status":"publish","type":"page","link":"https:\/\/pogovorise.si\/index.php\/home\/strah-pred-zivljenjem\/","title":{"rendered":"Strah pred \u017eivljenjem"},"content":{"rendered":"<p>Bralka\/bralec, \u010de si si vzel\/-a \u010das, da se posveti\u0161 branju tega besedila, si se pripravljen\/-a vpra\u0161ati: \u00bbKoliko se bojim \u017eivljenja?\u00ab<\/p>\n<p>Kaj je \u017eivljenje? Je tista reka, katere struge dolo\u010dajo okolje, sistem, status? Ali je to reka, ki nas dela \u017eive? Kaj nas dela \u017eive? \u017divljenje na\u010drtovati \u0161e ne pomeni \u017eivljenje \u017eiveti.<\/p>\n<p>Odgovor je zdravilo za tesnobo, \u017ealost, dvome, strahove in skrbi. \u010ce se \u010dutimo \u017eive, pomeni, da se \u017eivljenjski tok pretaka skozi nas in le-ta nikoli ne presahne, \u010de se na\u0161a osebnost ne bi ustra\u0161ila, zakr\u010dila, podvomila vase in svojega duha.<\/p>\n<p>Dana\u0161nji na\u010din \u017eivljenja in vrednote, ki prevladujejo v svetu, nas usmerjajo predvsem v mentalno dejavnost. Vredno je, \u010de si inteligenten, vredno je, \u010de si \u00bbfit\u00ab, vredno je, \u010de ima\u0161 napredno tehnologijo, bogat si, \u010de si premo\u017een v materialnem smislu. Vseskozi smo mentalno dejavni, nikoli ne po\u010divamo, ob tem pa zatiramo svoja \u010dustva, se izoliramo od ljudi, \u017eivali, narave in globjih odnosov. Prej na\u0161tete vrednote so \u0161e kako potrebne za kakovostno \u017eivljenje, ni pa re\u010deno, da so vredne toliko, da so na prvem mestu oziroma da izpodrivajo \u010dlove\u010dnost. Ve\u010d porazdelitve med mentalnim in \u010dustvenim izra\u017eanjem prinese kakovostnej\u0161e \u017eivljenje. \u010ce temu dodamo \u0161e sr\u010dno razse\u017enost in naravnanost namena, da se naj zgodijo stvari in dogodki, kot je v dobro vseh \u017eive\u010dih in ne\u017eive\u010dih na Zemlji, dobimo dobro izhodi\u0161\u010de za bolj\u0161e odnose in duhovno rast.<\/p>\n<p>Ko v sebi za\u010dutimo, da nam kakovostne varnosti ne prinese materialno obilje, (to dokazujejo mnogi premo\u017eni prebivalci na\u0161ega planeta, ki so lahko kot ljudje zelo osamljeni in izolirani, tudi prestra\u0161eni, in se najve\u010dkrat bojijo smrti ali izgube), ampak sposobnost preobrazbe, sposobnost znajti se v razli\u010dnih okoli\u0161\u010dinah, v\u010dasih te\u017eavnih in skrb vzbujajo\u010dih, v\u010dasih lagodnih ter nenazadnje sposobnost ohranjanja \u010dlove\u010dnosti v vseh omenjenih okoli\u0161\u010dinah. Ohraniti dostojanstvo\/\u010dlove\u010dnost, vendar brez trme in pretiranega ponosa. Ohraniti ljube\u010dnost do sebe in drugih, tudi kadar peljejo pota po nepredvidljivih smereh in ne po na\u0161em prav. Ne valjati se v grenkobi, ki so jo povzro\u010dile zamere in prizadetosti. In predvsem ne poistovetiti se z materialnim stanjem. Mi nismo materialno bogastvo! Mi smo ljudje in smo duhovna bitja, smo zavest, ki obstaja tudi, ko material ni ve\u010d pomemben. In zavest raste, se razvija in raziskuje. Zavest uporabi material, da ga oblikuje in ko se namen izpolni, material razpade, zavest ostane, nova, sve\u017ea, pripravljena na nova u\u010denja. Zato se ne poistovetimo s situacijo, \u010de smo trenutno v slabem finan\u010dnem polo\u017eaju.<\/p>\n<p>Posku\u0161amo biti \u017eivi in i\u0161\u010demo nove mo\u017enosti manifestacije sebe.<\/p>\n<p>Odprimo pogled in bodimo pozorni na obilje, ki je okrog nas in ga lahko uporabimo brez velespo\u0161tovanega denarja. Le nekaj svoje iniciative, svoje volje in sr\u010dne \u017eelje potrebujemo, da si omogo\u010dimo npr. sprostitev, dejavnosti, katere nas veselijo, pa za njih ni potrebno tro\u0161iti denarja. Sprehod ni\u010d ne stane, tek tudi ne, za vaje in igro v naravi ni potrebno pla\u010devati najemnine, za meditacijo potrebujemo le sebe, za prijetno vzdu\u0161je doma lahko poskrbimo z nego in urejanjem v tistem obsegu, ki ga \u017ee imamo. Vedno se da kaj izbolj\u0161ati, dodelati, obogatiti. Vedno najdemo materiale, ki jih lahko sami oblikujemo ali preoblikujemo in dodamo po\u017eivljajo\u010do spremembo v na\u0161 bivalni prostor. Tako se bomo bolje po\u010dutili, ne samo zato, ker je nastala nova podoba, bolje se bomo po\u010dutili zaradi procesa samega. To nas dela \u017eive!<\/p>\n<p>Z nekaj ro\u010dnih spretnosti lahko preoblikujemo obleke v malo druga\u010dne. Se nam zdi, da potem ne bomo \u00bbin\u00ab? Morda bomo zaradi tega \u0161e bolj \u00bbin\u00ab. In to po svojem ob\u010dutku in ne pod taktirko drugih.<\/p>\n<p>Ravno tako se lahko igramo z mo\u017enostmi pri iskanju in oblikovanju dodatnih zaslu\u017ekov. Kaj lahko \u0161e dodamo k bolj\u0161i preto\u010dnosti denarja in nas hkrati to veseli? Imamo hobije? Smo kdaj poizkusili vnov\u010diti, kar smo \u017ee ustvarili? Ali se bojimo, da se izdelki ali storitve ne bi prodajale? Ljudi je mnogo in razli\u010dni smo, zato vsaka umetnost najde tudi novega lastnika, kateremu bo prinesla nekaj sve\u017eine na\u0161ega ustvarjanja. In \u010de bomo ali pa smo \u017ee poizkusili, bomo lahko ugotovili, da se res zgodi, da se izdelki ne prodajo zlahka. Pa ne zato, ker ne bi bili dobri, vredni, zanimivi, ampak zaradi vzorca obna\u0161anja \u010dlove\u0161tva, ki dovoljuje miselnost, da je treba delati za denar (pa ni va\u017eno, ali nas to zadovoljuje) in ko zaslu\u017ei\u0161 dovolj, lahko sponzorira\u0161 svoje hobije. Hobiji se ne prodajajo, ker se bojimo, da bo na\u0161o \u010disto ustvarjalno energijo \u00bbzapackal\u00ab pokvarjen denar. In tako nastane za\u010daran krog. Modrujemo, da je potrebno najprej zaslu\u017eiti\u00a0 za \u00bbpenzijo\u00ab, potem lahko delamo, kar nas veseli.<\/p>\n<p>No, sama ne \u017eelim \u010dakati do upokojitve, da bom potem kako leto \u017eiva. \u017delim \u017eiveti vsak dan, vsak trenutek.<\/p>\n<p>Smo se kdaj vpra\u0161ali, ali umetnost lahko \u017eivi od prodajanja umetnosti? Ali mora vedno imeti tujega sponzorja? Vsak dan prosim Svet, naj dovoli, da se bodo hobiji, na\u0161i izrazi sr\u010dnih potencialov in umetnost, lahko prodajali kot katerikoli drug, velikokrat nepotreben produkt veli\u010dastne proizvodnje Kapitala.<\/p>\n<p>Kadar\u00a0 posameznik izrazi svojo bit, ga to izpolni in doprinese dru\u017ebi tisto, kar je najvrednej\u0161e v njej\/njemu. To je na\u0161 kapital.<\/p>\n<p>&nbsp;<\/p>\n<p>V Ljubljani, 25. 11. 2008<\/p>\n<p>Besedilo pripravila Barbara Novak<\/p>\n","protected":false},"excerpt":{"rendered":"<p>Bralka\/bralec, \u010de si si vzel\/-a \u010das, da se posveti\u0161 branju tega besedila, si se pripravljen\/-a vpra\u0161ati: \u00bbKoliko se bojim \u017eivljenja?\u00ab Kaj je \u017eivljenje? Je tista reka, katere struge dolo\u010dajo okolje, sistem, status? Ali je to reka, ki nas dela \u017eive? Kaj nas dela \u017eive? \u017divljenje na\u010drtovati \u0161e ne pomeni \u017eivljenje \u017eiveti. Odgovor je zdravilo za &hellip; <a href=\"https:\/\/pogovorise.si\/index.php\/home\/strah-pred-zivljenjem\/\" class=\"more-link\">Continue reading <span class=\"screen-reader-text\">Strah pred \u017eivljenjem<\/span><\/a><\/p>\n","protected":false},"author":1,"featured_media":0,"parent":19,"menu_order":0,"comment_status":"closed","ping_status":"closed","template":"","meta":{"footnotes":""},"jetpack_sharing_enabled":true,"_links":{"self":[{"href":"https:\/\/pogovorise.si\/index.php\/wp-json\/wp\/v2\/pages\/837"}],"collection":[{"href":"https:\/\/pogovorise.si\/index.php\/wp-json\/wp\/v2\/pages"}],"about":[{"href":"https:\/\/pogovorise.si\/index.php\/wp-json\/wp\/v2\/types\/page"}],"author":[{"embeddable":true,"href":"https:\/\/pogovorise.si\/index.php\/wp-json\/wp\/v2\/users\/1"}],"replies":[{"embeddable":true,"href":"https:\/\/pogovorise.si\/index.php\/wp-json\/wp\/v2\/comments?post=837"}],"version-history":[{"count":2,"href":"https:\/\/pogovorise.si\/index.php\/wp-json\/wp\/v2\/pages\/837\/revisions"}],"predecessor-version":[{"id":851,"href":"https:\/\/pogovorise.si\/index.php\/wp-json\/wp\/v2\/pages\/837\/revisions\/851"}],"up":[{"embeddable":true,"href":"https:\/\/pogovorise.si\/index.php\/wp-json\/wp\/v2\/pages\/19"}],"wp:attachment":[{"href":"https:\/\/pogovorise.si\/index.php\/wp-json\/wp\/v2\/media?parent=837"}],"curies":[{"name":"wp","href":"https:\/\/api.w.org\/{rel}","templated":true}]}}