{"id":874,"date":"2022-01-17T11:12:54","date_gmt":"2022-01-17T10:12:54","guid":{"rendered":"https:\/\/pogovorise.si\/?page_id=874"},"modified":"2025-11-13T17:59:02","modified_gmt":"2025-11-13T16:59:02","slug":"resevanje-konfliktov-na-holisticni-nacin","status":"publish","type":"page","link":"https:\/\/pogovorise.si\/index.php\/resevanje-konfliktov-na-holisticni-nacin\/","title":{"rendered":"Klju\u010di za preobrazbeni proces #1 &#8211; Re\u0161evanje notranjega konflikta"},"content":{"rendered":"<p>Poznavanje sebe in vseh svojih potencialov omogo\u010da kreativno uporabo le teh v vsakdanjem \u017eivljenju. To je umetnost \u017eivljenja, je kreacija vsakega meta- \u010dloveka.<\/p>\n<p>S pomo\u010djo meta-komunikacije lahko vplivamo na sebe in na druge ter dose\u017eemo preobrazbeni trenutek v dobro vseh. Kadar znamo dobro poskrbeti zase, smo v sebi zadovoljni in spro\u0161\u010deni, la\u017eje pomagamo tudi drugim. Stanje celosti v \u010dloveku nastane, kadar je razumski del povezan s \u010dustvenim in do\u017eivljajskim delom. Ko je komunikacija odprta med vsemi deli, zna \u010dlovek tudi navzven artikulirati svoje potrebe, poro\u010da o svojem stanju, izra\u017ea \u017eelje in pri\u010dakovanja, zna preveriti stanja tudi pri sogovorniku, artikulira zaznano spremembo ter opozarja na svoje meje. S tem opolnomo\u010di sebe in sogovornika, ki lahko zaradi vsega na\u0161tetega bolj razume drugega skozi povedano ter odpira miselne procese pri sebi.<\/p>\n<p>Kadar smo spro\u0161\u010deni in si dovolimo do\u017eivljanje, se ustvari polje celosti kjer zaznavamo objekt\/pojavnost in referenco\/ozadje. V tem stanju je \u010dlovek kreativen, odziven, miren in sre\u010den. Je v stanju RAVNO-VES-JA.<\/p>\n<p>S stanjem celosti pripomoremo tudi k ustvarjanju okolja kjer so sogovorniki la\u017eje sprostijo in odprejo k interakciji. Vsak se lahko nau\u010di ustvarjanja takega polja kar je zelo uporabno v vsakdanjem \u017eivljenju. Z meta komunikacijskim na\u010dinom v bistvu lahko preventivno poskrbimo tudi za to, da do konfliktov sploh ne prihaja. Kreativno mi\u0161ljenje nam odpira vrata v bolj\u0161e odnose in svobodnej\u0161o dru\u017ebo.<\/p>\n<p>Vabim vas, da se udele\u017eite delavnice in spoznate osnove holisti\u010dnega bivanja in vsenivojske komunikacije, ki nam pomagata re\u0161evati vsakdanje konflikte.<\/p>\n<p>Teme:<\/p>\n<ul>\n<li>proces komunikacije<\/li>\n<li>faze komuniciranja<\/li>\n<li>holisti\u010den pogled na svet<\/li>\n<li>ravni \u010dlove\u0161ke zavesti<\/li>\n<li>potrebe in \u017eelje<\/li>\n<li>stanje konflikta<\/li>\n<li>kako re\u0161evati konflikt<\/li>\n<\/ul>\n<p>Udele\u017eenec-ka na delavnici pridobi na:<\/p>\n<ul>\n<li>ozave\u0161\u010danju \u010dlove\u0161ke osebnostne in duhovne narave<\/li>\n<li>interakciji znotraj sistemov \u010dlove\u0161ke avtenti\u010dne narave<\/li>\n<li>interakciji z zunanjim svetom<\/li>\n<li>vzpostavljanju holisti\u010dnega pogleda na svet<\/li>\n<li>prvih korakih pri vzpostavljanju celosti<\/li>\n<li>razumevanju pomembnosti meditacije kot na\u010dina za doseganje notranjega miru in sposobnosti kompletacije<\/li>\n<li>prepoznavanju svojih potreb in \u017eelja<\/li>\n<li>prepoznavanju stanja konflikta<\/li>\n<li>sposobnosti re\u0161evanja notranjega in zunanjega konflikta<\/li>\n<\/ul>\n<p>Uporabljamo tehnike:<\/p>\n<ul>\n<li>mediacijske tehnike postavljanja vpra\u0161anj<\/li>\n<li>uporabna psihologija po Richardu D.Uttu<\/li>\n<li>transakcijska analiza<\/li>\n<li>aspektika<\/li>\n<li>mo\u017eganska nevihta\/brainstorming<\/li>\n<li>meditacija<\/li>\n<\/ul>\n<p>Delavnica bo v Ljubljani, <strong>18. novembra 2025 <\/strong>od <strong>17.00 do 21.00<\/strong> ure. Cena je 110 \u20ac.<\/p>\n<p>V primeru, da \u017eelite individualno izvedbo, stopite v stik z mano preko e-po\u0161te <a href=\"mailto:barbara.novak444@gmail.com\">barbara.novak444@gmail.com<\/a> .<\/p>\n<p>Delavnico vodi <a href=\"https:\/\/pogovorise.si\/wp-content\/uploads\/2023\/06\/BN-%C5%BEivljenjepis_splet.pdf\">Barbara Novak<\/a><\/p>\n<p>Delavnico organizira Dru\u0161tvo klju\u010d \u017eivljenja<br \/>\nMedvedova 25, 1241 Kamnik<br \/>\n<a href=\"http:\/\/www.kljuczivljenja.si\">www.kljuczivljenja.si<\/a><\/p>\n<p>040 210 512 Barbara<br \/>\nPrijave na e-po\u0161ti: <a href=\"mailto:barbara.novak444@gmail.com\">barbara.novak444@gmail.com<\/a><\/p>\n<p>&nbsp;<\/p>\n","protected":false},"excerpt":{"rendered":"<p>Poznavanje sebe in vseh svojih potencialov omogo\u010da kreativno uporabo le teh v vsakdanjem \u017eivljenju. To je umetnost \u017eivljenja, je kreacija vsakega meta- \u010dloveka. S pomo\u010djo meta-komunikacije lahko vplivamo na sebe in na druge ter dose\u017eemo preobrazbeni trenutek v dobro vseh. Kadar znamo dobro poskrbeti zase, smo v sebi zadovoljni in spro\u0161\u010deni, la\u017eje pomagamo tudi drugim. &hellip; <a href=\"https:\/\/pogovorise.si\/index.php\/resevanje-konfliktov-na-holisticni-nacin\/\" class=\"more-link\">Continue reading <span class=\"screen-reader-text\">Klju\u010di za preobrazbeni proces #1 &#8211; Re\u0161evanje notranjega konflikta<\/span><\/a><\/p>\n","protected":false},"author":1,"featured_media":0,"parent":0,"menu_order":0,"comment_status":"closed","ping_status":"closed","template":"","meta":{"footnotes":""},"jetpack_sharing_enabled":true,"_links":{"self":[{"href":"https:\/\/pogovorise.si\/index.php\/wp-json\/wp\/v2\/pages\/874"}],"collection":[{"href":"https:\/\/pogovorise.si\/index.php\/wp-json\/wp\/v2\/pages"}],"about":[{"href":"https:\/\/pogovorise.si\/index.php\/wp-json\/wp\/v2\/types\/page"}],"author":[{"embeddable":true,"href":"https:\/\/pogovorise.si\/index.php\/wp-json\/wp\/v2\/users\/1"}],"replies":[{"embeddable":true,"href":"https:\/\/pogovorise.si\/index.php\/wp-json\/wp\/v2\/comments?post=874"}],"version-history":[{"count":6,"href":"https:\/\/pogovorise.si\/index.php\/wp-json\/wp\/v2\/pages\/874\/revisions"}],"predecessor-version":[{"id":1217,"href":"https:\/\/pogovorise.si\/index.php\/wp-json\/wp\/v2\/pages\/874\/revisions\/1217"}],"wp:attachment":[{"href":"https:\/\/pogovorise.si\/index.php\/wp-json\/wp\/v2\/media?parent=874"}],"curies":[{"name":"wp","href":"https:\/\/api.w.org\/{rel}","templated":true}]}}