{"id":902,"date":"2022-07-25T17:14:17","date_gmt":"2022-07-25T15:14:17","guid":{"rendered":"https:\/\/pogovorise.si\/?page_id=902"},"modified":"2022-07-25T17:33:16","modified_gmt":"2022-07-25T15:33:16","slug":"minnie-hein","status":"publish","type":"page","link":"https:\/\/pogovorise.si\/index.php\/minnie-hein\/","title":{"rendered":"Minnie Hein"},"content":{"rendered":"<p>Leta 2000 je <a href=\"http:\/\/lkm.fri.uni-lj.si\/xaigor\/\">prof. dr. Igor Kononenko<\/a> povabil Minnie Hein v Slovenijo in organiziral te\u010daj Biosinergije. Tako sem spoznala Minnie in Biosinergijo, meni najljub\u0161o obliko dela, iskanja in raziskovanja \u010dlove\u0161kih potencialov.<\/p>\n<p>Minnie je s sodelavci skozi leta svojega dela razvila Biosinergijo kot holisti\u010dni sistem o diagnostiki in zdravljenju. Njena doma\u010da de\u017eela je Nem\u010dija, \u0161tudirala in delovala je ve\u010d let v Zdru\u017eenih dr\u017eavah Amerike, svojo 30 letno dru\u017einsko in delovno zgodbo pa pre\u017eivela v Peruju. Od leta 1999 je delovala\u00a0 v Nem\u010diji. Zdaj pa \u017eivi v Peruju. \u0160tudirala je kineziologijo, uporabno fiziologijo in holografijo. Te vede je povezala v holisti\u010den sistem Biosinergijo.<\/p>\n<p>Njena filozofija izhaja iz vedenja, da je \u010dlovek ve\u010dplastno bitje, sestavljen iz ve\u010dih nivojev, ki pa so holografsko povezani v celoto. Vsak del\u010dek vsebuje vse informacije o na\u0161i celoti in v vsaki mi\u0161ici je zapis na\u0161e du\u0161e. Na podlagi tega se telo uporabi kot komunikatorja, da la\u017eje razi\u0161\u010demo ozadje neravnovesij v telesu in du\u0161i. S svojimi sodelavci je oblikovala sistem skozi katerega prepoznamo najpogostej\u0161e vzorce obna\u0161anja in na\u010dine, kako preoblikovati te vzorce, da bo \u010dlovek v dejanjih deloval v skladu z du\u0161o.<\/p>\n<p>V iskanju mo\u017enosti na\u010dinov uravnove\u0161anja je razvila nekaj matrik kodiranih kapljic-esenc Iamki. Najve\u010dkrat uporablja sistem 8&#215;8, 64 razli\u010dnih esenc, ki so postavljene v matriko in medsebojno delujejo kot celota. \u017de sama matri\u010dna \u0161katla z esencami je svoj sistem diagnostike in uravnove\u0161anja. Odli\u010dno pa se uporablja znotraj Biosinergije.<br \/>\nMinnie je esence sama pripravljala po son\u010dni metodi, kjer se vodo izpostavi dolo\u010deni vibraciji rastline, kristala, \u017eivali, kraja ali svetih predmetov. Vodo je potem stabilizira z alkoholom. Vsaka esenca ima svoje sporo\u010dilo. Ko so zdru\u017eene v matri\u010dni \u0161katli, iz njih privre cela zgodba, ki terapirancu pomaga pri ozave\u0161\u010danju. Ker je esence Minnie izdelovala v Peruju, je tam poiskala tudi \u0161amana, ki je znal vibracije esenc prevesti v besede. Tako pri tretmaju dobimo poleg fizi\u010dnih kapljic, katere nosijo dolo\u010deno me\u0161anico ve\u010dih sporo\u010dil, tudi ubesedeno zgodbo, ki jo lahko posredujemo osebi za la\u017eje razumevanje procesa.<br \/>\nMinnie je oblikovala tudi obeske za za\u0161\u010dito. V obesku je mala stekleni\u010dka z me\u0161anico esenc, ki \u0161\u010diti pred tehni\u010dnimi sevanji.<\/p>\n<p>Vrsto let deluje na In\u0161titutu za statiko in dinamiko konstrukcij zra\u010dnih in vesoljskih plovil pri Univerzi v Stuttgartu, Nem\u010dija. S prof. dr. Berndom Kroeplinom raziskujeta razli\u010dne na\u010dine informiranja vode, esenc ali \u010dlove\u0161ke sline. Raziskave ka\u017eejo, da je iz posu\u0161ene kapljice vode, sline ali esence razvidno energijsko stanje oziroma zapis osebe, vode, esence. Kadar je stanje harmoni\u010dno je struktura mineralov urejena, kadar ni ravnovesja, deluje struktura kaoti\u010dno.<\/p>\n<p>Raziskave z vodo so delali tudi na Fakulteti za ra\u010dunalni\u0161tvo in informatiko Univerze v Ljubljani pod vodstvom <a href=\"http:\/\/lkm.fri.uni-lj.si\/xaigor\/\">prof. dr. Igorja Kononenka<\/a>. S pomo\u010djo Kirlianove kamere so merili korone kapljic navadne in informirane vode. Primerjali so tudi\u00a0 korone prstov oseb, ki so pili vodovodno vodo iz informiranih kozarcev 2000, ki so delo Vilija Poznika iz Celja ter vodovodno vodo iz navadnih kozarcev.<\/p>\n<p>&nbsp;<\/p>\n","protected":false},"excerpt":{"rendered":"<p>Leta 2000 je prof. dr. Igor Kononenko povabil Minnie Hein v Slovenijo in organiziral te\u010daj Biosinergije. Tako sem spoznala Minnie in Biosinergijo, meni najljub\u0161o obliko dela, iskanja in raziskovanja \u010dlove\u0161kih potencialov. Minnie je s sodelavci skozi leta svojega dela razvila Biosinergijo kot holisti\u010dni sistem o diagnostiki in zdravljenju. Njena doma\u010da de\u017eela je Nem\u010dija, \u0161tudirala in &hellip; <a href=\"https:\/\/pogovorise.si\/index.php\/minnie-hein\/\" class=\"more-link\">Continue reading <span class=\"screen-reader-text\">Minnie Hein<\/span><\/a><\/p>\n","protected":false},"author":1,"featured_media":0,"parent":0,"menu_order":0,"comment_status":"closed","ping_status":"closed","template":"","meta":{"footnotes":""},"jetpack_sharing_enabled":true,"_links":{"self":[{"href":"https:\/\/pogovorise.si\/index.php\/wp-json\/wp\/v2\/pages\/902"}],"collection":[{"href":"https:\/\/pogovorise.si\/index.php\/wp-json\/wp\/v2\/pages"}],"about":[{"href":"https:\/\/pogovorise.si\/index.php\/wp-json\/wp\/v2\/types\/page"}],"author":[{"embeddable":true,"href":"https:\/\/pogovorise.si\/index.php\/wp-json\/wp\/v2\/users\/1"}],"replies":[{"embeddable":true,"href":"https:\/\/pogovorise.si\/index.php\/wp-json\/wp\/v2\/comments?post=902"}],"version-history":[{"count":5,"href":"https:\/\/pogovorise.si\/index.php\/wp-json\/wp\/v2\/pages\/902\/revisions"}],"predecessor-version":[{"id":908,"href":"https:\/\/pogovorise.si\/index.php\/wp-json\/wp\/v2\/pages\/902\/revisions\/908"}],"wp:attachment":[{"href":"https:\/\/pogovorise.si\/index.php\/wp-json\/wp\/v2\/media?parent=902"}],"curies":[{"name":"wp","href":"https:\/\/api.w.org\/{rel}","templated":true}]}}