{"id":986,"date":"2023-03-16T18:29:40","date_gmt":"2023-03-16T17:29:40","guid":{"rendered":"https:\/\/pogovorise.si\/?page_id=986"},"modified":"2023-03-16T18:29:40","modified_gmt":"2023-03-16T17:29:40","slug":"primerjalna-prednost-in-vrednost-transformativne-mediacije-v-druzinski-mediaciji","status":"publish","type":"page","link":"https:\/\/pogovorise.si\/index.php\/primerjalna-prednost-in-vrednost-transformativne-mediacije-v-druzinski-mediaciji\/","title":{"rendered":"Primerjalna prednost in vrednost transformativne mediacije v dru\u017einski mediaciji"},"content":{"rendered":"<p>Teorija mediacije upo\u0161teva vrednote mediacije, iz prakse pa razvija vedenje o ljudeh in konfliktih. Namen mediacije je iskanje skupnih dogovorov ali poravnave. Tudi kadar se to tekom mediacije ne zgodi, je mediacija lahko uspe\u0161en proces, ker mediator doprinese k izbolj\u0161anju komunikacije med udele\u017eenci in razumevanju procesa samega.<\/p>\n<p>Vsak spor, tudi kadar je re\u0161en,\u00a0 ne prispeva k napredku odnosa med medianti. Re\u0161en konflikt pa lahko prinese premik v zavesti medianta ter opolnomo\u010denje.<\/p>\n<p>Kadar \u010dlovek lahko ob iskanju dogovorov izrazi tudi svoja \u010dustva, ki se ob tem porajajo, ga to dvigne na novo raven, na kateri lahko sprejema bolj jasne odlo\u010ditve in razvije bolj odprt odnos do drugega.<\/p>\n<p>Mediacija lahko po teoriji kaosa \u017ee z majhnimi premiki doprinese k velikim spremembam.<\/p>\n<p>Npr.: \u010de mediator omogo\u010da varno polje, v katerem se oba medianta izrazita, se sli\u0161ita in bolje razumeta \u017ee samo eno preokvirjanje situacije lahko doprinese premik zornega kota meditanta. Sprememba se zgodi v na\u010dinu komuniciranja ali kasneje tudi v dejanjih, katera sledijo novim dogovorom.<\/p>\n<p>Eden od modelov mediacije je tudi transformativna mediacija (TM), ki je \u0161e posebej uporabna v dru\u017einskih sporih. Njeno na\u010delo je, da se tokom procesa zgodijo transformativni u\u010dinki, ki so v dobro vseh udele\u017eenih in v\u010dasih tudi v dobro dru\u017ebe ter delujejo na dalj\u0161i rok in ne samo trenutno.<\/p>\n<p>Drugo na\u010delo je, da mediator skozi proces pomaga ustvarjati okolje, v katerem se mediant opolnomo\u010di. To pomeni, da pridobi na svoji lastni vrednosti in se zaveda svojih notranjih mo\u010di ter priznanju, ki je omogo\u010deno \u0161ele na osnovi opolnomo\u010denja. Priznanje pomeni, da je oseba pripravljena prepoznati \u010dustva\u00a0 in potrebe drugega. V takem trenutku priznanja se ustvari nov prostor za mo\u017ene skupne dogovore ter izbolj\u0161anje medsebojnih odnosov.<\/p>\n<p>Na\u010delo TM je tudi prepustitev odgovornosti za izid mediantom. Mediator samo sledi njunemu toku, aktivno poslu\u0161a, spodbuja medianta, da se poslu\u0161ata in tudi sli\u0161ita. Mediator pristopa pozitivno in ne sodi o pogledih in odlo\u010ditvah strank. Spodbuja naravnanost v prihodnost, a upo\u0161teva tudi preteklost, kadar je to potrebno za razumevanje.<\/p>\n<p>Dovolj prostora mediator posveti tudi prepoznavanju ali se medianti po\u010dutijo razumljeni ali ne. \u010ce je potrebno, nameni \u010das razjasnjevanju. Spodbuja izra\u017eanje \u010dustev, opisovanje stanj, do\u017eivljanje dogodkov, ki so jih pripeljali v to stanje. Tako omogo\u010dijo ve\u010dje razumevanje pri obeh mediantih in ustvarja\u00a0 prostor in mo\u017enosti za skupen interes, opolnomo\u010denje in priznanje.<\/p>\n<p>Dru\u017einska mediacija (DM) je ena od vrst mediacij in zajema spore med pari (zakonskimi in izven zakonskimi), spore med pari, ki se lo\u010dujejo, med star\u0161i in otroci ali mladostniki, med drugimi dru\u017einskimi \u010dlani na temo dedi\u0161\u010dine, razdelitev premo\u017eenja, skrbi za ostarele ali za osebe z motnjo v razvoju ter spore povezane s posvojitvijo.<\/p>\n<p>TM v DM je \u0161e posebej primerna, ker partnerjema oziroma mediantom omogo\u010da prera\u0161\u010danje komunikacijskih ovir ter razumevanja drug drugega, otrok in dru\u017eine kot skupnosti.<\/p>\n<p>Mediator pomaga pri prestrukturiranju dru\u017eine, nudi okolje v katerem se zaradi bolj\u0161ega razumevanja mediantov\u00a0 drug do drugega dvigneta na nov nivo odnosa, dose\u017eeta spravo ali pa na spo\u0161tljiv na\u010din razdru\u017eita odnos in premo\u017eenje.<\/p>\n<p>Mediator v procesu razveze, ko sta partnerja-star\u0161a \u017ee obremenjena s svojimi \u010dustvi, izgubami in prizadetostjo ter te\u017eko razmi\u0161ljata, se pogovarjata in odlo\u010data o vseh odgovornostih in spremembah, \u0161e posebej upo\u0161teva otrokove pravice in potrebe. Star\u0161a podpira v tem, da prepoznata, da v procesu vsi \u010dlani potrebujejo pomo\u010d in da delujeta in razmi\u0161ljata v dobro vseh. DM je kompleksen proces, ki skrbi za izbolj\u0161anje medosebnih odnosov in ne vsiljuje re\u0161itev ali svetovanja.<\/p>\n<p>Vrednost in prednost TM v DM pri prestrukturiranju omogo\u010da, da se dru\u017eina razvije po svojih merilih. \u010clani sami i\u0161\u010dejo re\u0161itve. Udele\u017eenci se tekom procesa lahko opolnomo\u010dijo ter la\u017eje upravljajo s problemi. Z ve\u010djim razumevanjem sebe in drugih zmorejo dati priznanje drugemu in so pripravljeni najti skupne re\u0161itve, oziroma novo strukturo.<\/p>\n<p>Mediatorjeva vloga v DM na na\u010din TM je, da ustvarja varen prostor za svobodno izra\u017eanje \u010dustev, potreb, \u017eelja in interesov, da se osredoto\u010da na osebe in deluje sr\u010dno, krepi notranje vire mo\u010di udele\u017eencev s pozitivno komunikacijo, spodbujanjem in raziskovanjem omogo\u010da opolnomo\u010denje in priznanje ter spodbuja k ozave\u0161\u010danju, da dru\u017eina neglede na razvezo, \u0161e vedno ohranja svoj namen, odnose med star\u0161i in otroki.<\/p>\n<p>Barbara Novak, seminar 2020<\/p>\n","protected":false},"excerpt":{"rendered":"<p>Teorija mediacije upo\u0161teva vrednote mediacije, iz prakse pa razvija vedenje o ljudeh in konfliktih. Namen mediacije je iskanje skupnih dogovorov ali poravnave. Tudi kadar se to tekom mediacije ne zgodi, je mediacija lahko uspe\u0161en proces, ker mediator doprinese k izbolj\u0161anju komunikacije med udele\u017eenci in razumevanju procesa samega. Vsak spor, tudi kadar je re\u0161en,\u00a0 ne prispeva &hellip; <a href=\"https:\/\/pogovorise.si\/index.php\/primerjalna-prednost-in-vrednost-transformativne-mediacije-v-druzinski-mediaciji\/\" class=\"more-link\">Continue reading <span class=\"screen-reader-text\">Primerjalna prednost in vrednost transformativne mediacije v dru\u017einski mediaciji<\/span><\/a><\/p>\n","protected":false},"author":1,"featured_media":0,"parent":0,"menu_order":0,"comment_status":"closed","ping_status":"closed","template":"","meta":{"footnotes":""},"jetpack_sharing_enabled":true,"_links":{"self":[{"href":"https:\/\/pogovorise.si\/index.php\/wp-json\/wp\/v2\/pages\/986"}],"collection":[{"href":"https:\/\/pogovorise.si\/index.php\/wp-json\/wp\/v2\/pages"}],"about":[{"href":"https:\/\/pogovorise.si\/index.php\/wp-json\/wp\/v2\/types\/page"}],"author":[{"embeddable":true,"href":"https:\/\/pogovorise.si\/index.php\/wp-json\/wp\/v2\/users\/1"}],"replies":[{"embeddable":true,"href":"https:\/\/pogovorise.si\/index.php\/wp-json\/wp\/v2\/comments?post=986"}],"version-history":[{"count":1,"href":"https:\/\/pogovorise.si\/index.php\/wp-json\/wp\/v2\/pages\/986\/revisions"}],"predecessor-version":[{"id":987,"href":"https:\/\/pogovorise.si\/index.php\/wp-json\/wp\/v2\/pages\/986\/revisions\/987"}],"wp:attachment":[{"href":"https:\/\/pogovorise.si\/index.php\/wp-json\/wp\/v2\/media?parent=986"}],"curies":[{"name":"wp","href":"https:\/\/api.w.org\/{rel}","templated":true}]}}