{"id":988,"date":"2023-03-16T18:31:40","date_gmt":"2023-03-16T17:31:40","guid":{"rendered":"https:\/\/pogovorise.si\/?page_id=988"},"modified":"2023-03-16T18:31:40","modified_gmt":"2023-03-16T17:31:40","slug":"razmisljanje-ali-je-mediacija-znanost-ali-in-umetnost","status":"publish","type":"page","link":"https:\/\/pogovorise.si\/index.php\/razmisljanje-ali-je-mediacija-znanost-ali-in-umetnost\/","title":{"rendered":"Razmi\u0161ljanje ali je mediacija znanost ali\/in umetnost"},"content":{"rendered":"<p>Mediacija ne more biti znanstveno potrjena, ker ni mehanizmov za preverjanje, saj je mediacija zaupen proces, je nepredvidljiva in neponovljiva in zato se ne more meriti. Za znanost pa potrebujemo okvirje, metode in na\u010dine, ki so merljivi, tako, da je mo\u017eno z ve\u010dimi zaporednimi izvedbami izlu\u0161\u010diti \u0161ir\u0161a dognanja.<\/p>\n<p>Vsekakor pa je ima zna\u010dilnosti znanosti, saj ves \u010das raziskuje in odpira ustvarjalna polja za generiranje re\u0161itev.<\/p>\n<p>Mediacija je vsekakor umetnost. Je na\u010din re\u0161evanja konfliktov, ki so sestavni del \u017eivljenja vsakega \u010dloveka in dru\u017ebe v kateri \u017eivimo. Je proces za izgraditev ve\u0161\u010dine komuniciranja samega s seboj in drugimi. Poznavanje sebe in vseh svojih potencialov omogo\u010da kreativno uporabo le teh v vsakdanjem \u017eivljenju. To je umetnost \u017eivljenja, je kreacija vsakega meta- \u010dloveka.<\/p>\n<p>Kadar mediiramo samega sebe, se opolnomo\u010dimo. S pomo\u010djo meta-komunikacije lahko vplivamo na sebe in na druge ter dose\u017eemo preobrazbeni moment v dobro vseh. Kadar znamo dobro poskrbeti zase, smo v sebi zadovoljni in spro\u0161\u010deni in la\u017eje pomagamo tudi drugim. Stanje celosti v \u010dloveku nastane, kadar je razumski del povezan s \u010dustvenim in do\u017eivljajskim delom. Ko je komunikacija odprta med vsemi deli, zna \u010dlovek tudi navzven artikulirati svoje potrebe, poro\u010da o svojem stanju, izra\u017ea \u017eelje in pri\u010dakovanja, zna preveriti stanja tudi pri sogovorniku, artikulira zaznano spremembo ter opozarja na svoje meje. S tem opolnomo\u010di sebe in sogovornika, ki lahko zaradi vsega na\u0161tetega bolj razume drugega skozi povedano ter odpira miselne procese pri sebi.<\/p>\n<p>Poznamo verbalno\/zavestno in neverbalno\/nezavedno komunikacijo. Neverbalna komunikacija zajema mimiko, gestiko, proksemiko in druge ter sporo\u010da mnogo ve\u010d kot besedna komunikacija, vendar jo ljudje preve\u010dkrat zapostavljamo, presli\u0161imo ali spregledamo.<\/p>\n<p>Kadar smo spro\u0161\u010deni in si dovolimo do\u017eivljanje, se ustvari polje celosti kjer zaznavamo objekt\/pojavnost in referenco\/ozadje. V tem stanju je \u010dlovek kreativen, odziven, miren in sre\u010den.<\/p>\n<p>S tem stanjem pripomoremo tudi k ustvarjanju okolja kjer so sogovorniki la\u017eje sprostijo in odprejo k interakciji. V mediaciji so ta stanja za\u017eeljena, saj je mediatorjeva vloga ravno ustvarjanje varnega okolja za mirno razre\u0161evanje konfliktov.<\/p>\n<p>Zato je zame mediacija umetnost ustvarjanja takega polja in je zelo uporabna v vsakdanjem \u017eivljenju, tudi kadar ni konfliktov. Z meta komunikacijskim na\u010dinom v bistvu lahko tudi preventivno poskrbimo, da do konfliktov sploh ne prihaja. Iz tega sledi, da je u\u010denje mediacijskih tehnik nujno potrebna tema za obdelavo v kateremkoli u\u010dnem procesu. Kreativno mi\u0161ljenje nam odpira vrata v bolj\u0161e odnose in svobodnej\u0161o dru\u017ebo.<\/p>\n<p>&nbsp;<\/p>\n<p>Barbara Novak, Ljubljana, december 2018<\/p>\n","protected":false},"excerpt":{"rendered":"<p>Mediacija ne more biti znanstveno potrjena, ker ni mehanizmov za preverjanje, saj je mediacija zaupen proces, je nepredvidljiva in neponovljiva in zato se ne more meriti. Za znanost pa potrebujemo okvirje, metode in na\u010dine, ki so merljivi, tako, da je mo\u017eno z ve\u010dimi zaporednimi izvedbami izlu\u0161\u010diti \u0161ir\u0161a dognanja. Vsekakor pa je ima zna\u010dilnosti znanosti, saj &hellip; <a href=\"https:\/\/pogovorise.si\/index.php\/razmisljanje-ali-je-mediacija-znanost-ali-in-umetnost\/\" class=\"more-link\">Continue reading <span class=\"screen-reader-text\">Razmi\u0161ljanje ali je mediacija znanost ali\/in umetnost<\/span><\/a><\/p>\n","protected":false},"author":1,"featured_media":0,"parent":0,"menu_order":0,"comment_status":"closed","ping_status":"closed","template":"","meta":{"footnotes":""},"jetpack_sharing_enabled":true,"_links":{"self":[{"href":"https:\/\/pogovorise.si\/index.php\/wp-json\/wp\/v2\/pages\/988"}],"collection":[{"href":"https:\/\/pogovorise.si\/index.php\/wp-json\/wp\/v2\/pages"}],"about":[{"href":"https:\/\/pogovorise.si\/index.php\/wp-json\/wp\/v2\/types\/page"}],"author":[{"embeddable":true,"href":"https:\/\/pogovorise.si\/index.php\/wp-json\/wp\/v2\/users\/1"}],"replies":[{"embeddable":true,"href":"https:\/\/pogovorise.si\/index.php\/wp-json\/wp\/v2\/comments?post=988"}],"version-history":[{"count":1,"href":"https:\/\/pogovorise.si\/index.php\/wp-json\/wp\/v2\/pages\/988\/revisions"}],"predecessor-version":[{"id":989,"href":"https:\/\/pogovorise.si\/index.php\/wp-json\/wp\/v2\/pages\/988\/revisions\/989"}],"wp:attachment":[{"href":"https:\/\/pogovorise.si\/index.php\/wp-json\/wp\/v2\/media?parent=988"}],"curies":[{"name":"wp","href":"https:\/\/api.w.org\/{rel}","templated":true}]}}